{"id":1676,"date":"2026-03-23T08:48:15","date_gmt":"2026-03-23T08:48:15","guid":{"rendered":"https:\/\/kennedymars.org\/e-mail-non-recu\/"},"modified":"2026-03-24T13:13:55","modified_gmt":"2026-03-24T13:13:55","slug":"e-mail-non-recu","status":"publish","type":"page","link":"https:\/\/kennedymars.org\/fr\/e-mail-non-recu\/","title":{"rendered":"E-mail non re\u00e7u"},"content":{"rendered":"\n<div class=\"ghostkit-grid ghostkit-grid-gap-md\"><div class=\"ghostkit-grid-inner\">\n<div class=\"ghostkit-col ghostkit-col-lg-12 ghostkit-col-1 is-layout-flow wp-block-ghostkit-grid-column-is-layout-flow\"><div class=\"ghostkit-col-content\"><\/div><\/div>\n\n\n\n<div class=\"ghostkit-col ghostkit-col-lg-12 ghostkit-col-10\"><div class=\"ghostkit-col-content is-layout-flow wp-block-ghostkit-grid-column-is-layout-flow\"><div class=\"eye-block breadcrumbs-wrapper no-animation\">\r\n            <ul class=\"site-breadcrumbs\">\r\n            <li class=\"crumb\">\r\n                <a class=\"disable-line\" href=\"https:\/\/kennedymars.org\">\r\n                    <i class=\"fa-regular fa-house\"><\/i>\r\n                <\/a>\r\n            <\/li>\r\n\r\n                            <div class=\"divider\"><\/div>\r\n                <li class=\"crumb\">\r\n                    <a class=\"disable-line\" href=\"https:\/\/kennedymars.org\/fr\/e-mail-non-recu\/\">\r\n                        E-mail non re\u00e7u                    <\/a>\r\n                <\/li>\r\n                    <\/ul>\r\n    <\/div>\n\n\r\n<div class=\"blink-block empty-space empty-space--medium \" ><\/div>\n\n\n<h2 class=\"wp-block-heading\">E-mail non re\u00e7u<\/h2>\n\n\n\n<p>Vous navez pas re\u00e7u de-mail de confirmation de notre part apr\u00e8s votre commande en ligne ? Vous manquez alors des informations importantes concernant la mani\u00e8re dobtenir votre carte de participant.  <strong>Que faire ?<\/strong><\/p>\n\n\n\r\n<div class=\"blink-block empty-space empty-space--medium \" ><\/div>\n\n\n<h3 class=\"wp-block-heading\">\u00c9tape 1<\/h3>\n\n\n\n<p>V\u00e9rifiez attentivement votre bo\u00eete de r\u00e9ception. Nos e-mails arrivent r\u00e9guli\u00e8rement dans le dossier des courriers ind\u00e9sirables (spams). Il est \u00e9galement possible que notre e-mail soit arriv\u00e9 dans un autre onglet de votre bo\u00eete aux lettres. Cela arrive parfois avec Gmail.   <\/p>\n\n\n\r\n<div class=\"blink-block empty-space empty-space--small \" ><\/div>\n\n\n<h3 class=\"wp-block-heading\">\u00c9tape 2<\/h3>\n\n\n\n<p>Contactez-nous via <a href=\"mailto:inschrijvingen@kennedymars.org\">inschrijvingen@kennedymars.org<\/a>. Indiquez-nous quand vous vous \u00eates inscrit et sous quel nom. Vous recevrez alors de nouveau le lien vers la page de statut de votre commande ainsi qu\u2019un nouveau mot de passe pour votre compte Mon KMS.  <\/p>\n\n\n\r\n<div class=\"blink-block empty-space empty-space--small \" ><\/div>\n\n\n<h3 class=\"wp-block-heading\">\u00c9tape 3<\/h3>\n\n\n\n<p>Les autres informations contenues dans notre e-mail de confirmation sont pr\u00e9sent\u00e9es ci-dessous.<\/p>\n\n\n\r\n<div class=\"blink-block empty-space empty-space--medium \" ><\/div>\n\n\n<div class=\"ghostkit-grid ghostkit-grid-gap-md equal-height-columns\"><div class=\"ghostkit-grid-inner\">\n<div class=\"ghostkit-col ghostkit-col-md-12 ghostkit-col-6\"><div class=\"ghostkit-col-content is-layout-flow wp-block-ghostkit-grid-column-is-layout-flow\">\r\n<div class=\"eye-block eye-card bg--darkblue \">\r\n    <div class=\"card-inner padding-large\">\r\n        <div class=\"acf-innerblocks-container\">\n\n<h3 class=\"wp-block-heading\"><strong>Commandes en ligne sans bon de r\u00e9duction<\/strong><\/h3>\n\n\n\n<p>Une fois votre paiement trait\u00e9 par nos soins, nous vous enverrons votre ou vos carte(s) de participant par la poste, \u00e0 condition que votre adresse se situe aux Pays-Bas, en Belgique ou en Allemagne. Si votre adresse se trouve dans un autre pays, vous devrez retirer la carte de participant au KennedyCorner, lors du Meet  Greet ou \u00e0 partir de 45 minutes avant le d\u00e9part au Mulders Paviljoen sur le March\u00e9 (Markt). Lenvoi de la carte de participant ne sera pas imm\u00e9diat. Nous regroupons les cartes de participant avant de les poster. Cela peut donc prendre 1 ou 2 semaines. Vous navez encore rien re\u00e7u de notre part une semaine avant le jour de la marche ? Faites-le nous savoir par e-mail via inschrijvingen@kennedymars.org en mentionnant votre num\u00e9ro de commande.      <\/p>\n\n\n\r\n<div class=\"blink-block empty-space empty-space--small \" ><\/div>\n\n\n<h4 class=\"wp-block-heading\">Cat\u00e9gorie comp\u00e9tition<\/h4>\n\n\n\n<p>Les personnes inscrites dans la cat\u00e9gorie comp\u00e9tition de la Kennedy-Mars ne re\u00e7oivent pas leur carte de participant par courrier. Vous \u00eates coureur de comp\u00e9tition ? Vous recevrez alors votre carte de participant dans le local de comp\u00e9tition.   <a href=\"https:\/\/kennedymars.org\/fr\/kennisbank-item\/lieu-de-depart-horaires\/\">Cliquez ici pour plus d\u2019informations.<\/a><\/p>\n\n<\/div>\r\n    <\/div>\r\n<\/div><\/div><\/div>\n\n\n\n<div class=\"ghostkit-col ghostkit-col-md-12 ghostkit-col-6\"><div class=\"ghostkit-col-content is-layout-flow wp-block-ghostkit-grid-column-is-layout-flow\">\r\n<div class=\"eye-block eye-card bg--darkblue \">\r\n    <div class=\"card-inner padding-large\">\r\n        <div class=\"acf-innerblocks-container\">\n\n<h3 class=\"wp-block-heading\"><strong>Commande en ligne avec bon de r\u00e9duction<\/strong><\/h3>\n\n\n\n<p>Une fois votre paiement trait\u00e9 par nos soins, nous pr\u00e9parons la ou les carte(s) de participant de votre commande. \u00c9tant donn\u00e9 que vous avez command\u00e9 une ou plusieurs cartes de participant avec un bon de r\u00e9duction au sein de votre commande, nous ne pouvons pas vous envoyer les cartes par la poste. Vous pouvez retirer la ou les carte(s) de participant au KennedyCorner, lors du Meet  Greet et \u00e0 partir de 45 minutes avant le d\u00e9part au Mulders Paviljoen sur le March\u00e9 (Markt) \u00e0 Sittard.   <strong>Veuillez apporter le(s) bon(s) lors du retrait de votre commande !<\/strong><\/p>\n\n\n\r\n<div class=\"blink-block empty-space empty-space--small \" ><\/div>\n\n\n<h4 class=\"wp-block-heading\">Cat\u00e9gorie comp\u00e9tition<\/h4>\n\n\n\n<p>Les personnes inscrites dans la cat\u00e9gorie comp\u00e9tition de la Kennedy-Mars re\u00e7oivent leur carte de participant avant le d\u00e9part dans le local de comp\u00e9tition. <a href=\"https:\/\/kennedymars.org\/fr\/kennisbank-item\/lieu-de-depart-horaires\/\">Cliquez ici pour plus d\u2019informations.<\/a><\/p>\n\n<\/div>\r\n    <\/div>\r\n<\/div><\/div><\/div>\n<\/div><\/div>\n<\/div><\/div>\n\n\n\n<div class=\"ghostkit-col ghostkit-col-lg-12 ghostkit-col-1 is-layout-flow wp-block-ghostkit-grid-column-is-layout-flow\"><div class=\"ghostkit-col-content\"><\/div><\/div>\n<\/div><\/div>\n\r\n<div class=\"blink-block empty-space empty-space--large \" ><\/div>","protected":false},"excerpt":{"rendered":"","protected":false},"author":1,"featured_media":0,"parent":0,"menu_order":0,"comment_status":"closed","ping_status":"closed","template":"","meta":{"_acf_changed":false,"ghostkit_customizer_options":"","ghostkit_custom_css":"","ghostkit_custom_js_head":"","ghostkit_custom_js_foot":"","ghostkit_typography":"","ep_exclude_from_search":false,"footnotes":""},"class_list":["post-1676","page","type-page","status-publish","hentry"],"acf":[],"yoast_head":"<!-- This site is optimized with the Yoast SEO plugin v27.2 - https:\/\/yoast.com\/product\/yoast-seo-wordpress\/ -->\n<title>E-mail non re\u00e7u - Kennedy-Mars Sittard<\/title>\n<meta name=\"robots\" content=\"index, follow, max-snippet:-1, max-image-preview:large, max-video-preview:-1\" \/>\n<link rel=\"canonical\" href=\"https:\/\/kennedymars.org\/fr\/e-mail-non-recu\/\" \/>\n<meta property=\"og:locale\" content=\"fr_FR\" \/>\n<meta property=\"og:type\" content=\"article\" \/>\n<meta property=\"og:title\" content=\"E-mail non re\u00e7u - Kennedy-Mars Sittard\" \/>\n<meta property=\"og:url\" content=\"https:\/\/kennedymars.org\/fr\/e-mail-non-recu\/\" \/>\n<meta property=\"og:site_name\" content=\"Kennedy-Mars Sittard\" \/>\n<meta property=\"article:publisher\" content=\"https:\/\/www.facebook.com\/KennedyMarsSittard\" \/>\n<meta property=\"article:modified_time\" content=\"2026-03-24T13:13:55+00:00\" \/>\n<meta name=\"twitter:card\" content=\"summary_large_image\" \/>\n<meta name=\"twitter:label1\" content=\"Dur\u00e9e de lecture estim\u00e9e\" \/>\n\t<meta name=\"twitter:data1\" content=\"2 minutes\" \/>\n<script type=\"application\/ld+json\" class=\"yoast-schema-graph\">{\"@context\":\"https:\/\/schema.org\",\"@graph\":[{\"@type\":\"WebPage\",\"@id\":\"https:\/\/kennedymars.org\/fr\/e-mail-non-recu\/\",\"url\":\"https:\/\/kennedymars.org\/fr\/e-mail-non-recu\/\",\"name\":\"E-mail non re\u00e7u - Kennedy-Mars Sittard\",\"isPartOf\":{\"@id\":\"https:\/\/kennedymars.org\/#website\"},\"datePublished\":\"2026-03-23T08:48:15+00:00\",\"dateModified\":\"2026-03-24T13:13:55+00:00\",\"breadcrumb\":{\"@id\":\"https:\/\/kennedymars.org\/fr\/e-mail-non-recu\/#breadcrumb\"},\"inLanguage\":\"fr-FR\",\"potentialAction\":[{\"@type\":\"ReadAction\",\"target\":[\"https:\/\/kennedymars.org\/fr\/e-mail-non-recu\/\"]}]},{\"@type\":\"BreadcrumbList\",\"@id\":\"https:\/\/kennedymars.org\/fr\/e-mail-non-recu\/#breadcrumb\",\"itemListElement\":[{\"@type\":\"ListItem\",\"position\":1,\"name\":\"Home\",\"item\":\"https:\/\/kennedymars.org\/fr\/\"},{\"@type\":\"ListItem\",\"position\":2,\"name\":\"E-mail non re\u00e7u\"}]},{\"@type\":\"WebSite\",\"@id\":\"https:\/\/kennedymars.org\/#website\",\"url\":\"https:\/\/kennedymars.org\/\",\"name\":\"Kennedy-Mars Sittard\",\"description\":\"\",\"publisher\":{\"@id\":\"https:\/\/kennedymars.org\/#organization\"},\"potentialAction\":[{\"@type\":\"SearchAction\",\"target\":{\"@type\":\"EntryPoint\",\"urlTemplate\":\"https:\/\/kennedymars.org\/?s={search_term_string}\"},\"query-input\":{\"@type\":\"PropertyValueSpecification\",\"valueRequired\":true,\"valueName\":\"search_term_string\"}}],\"inLanguage\":\"fr-FR\"},{\"@type\":\"Organization\",\"@id\":\"https:\/\/kennedymars.org\/#organization\",\"name\":\"Kennedy-Mars Sittard\",\"url\":\"https:\/\/kennedymars.org\/\",\"logo\":{\"@type\":\"ImageObject\",\"inLanguage\":\"fr-FR\",\"@id\":\"https:\/\/kennedymars.org\/#\/schema\/logo\/image\/\",\"url\":\"https:\/\/kennedymars.org\/wp-content\/uploads\/2026\/03\/KMS-logo-color.png\",\"contentUrl\":\"https:\/\/kennedymars.org\/wp-content\/uploads\/2026\/03\/KMS-logo-color.png\",\"width\":848,\"height\":254,\"caption\":\"Kennedy-Mars Sittard\"},\"image\":{\"@id\":\"https:\/\/kennedymars.org\/#\/schema\/logo\/image\/\"},\"sameAs\":[\"https:\/\/www.facebook.com\/KennedyMarsSittard\",\"https:\/\/www.instagram.com\/kennedymarssittard1963\/\"]}]}<\/script>\n<!-- \/ Yoast SEO plugin. -->","yoast_head_json":{"title":"E-mail non re\u00e7u - Kennedy-Mars Sittard","robots":{"index":"index","follow":"follow","max-snippet":"max-snippet:-1","max-image-preview":"max-image-preview:large","max-video-preview":"max-video-preview:-1"},"canonical":"https:\/\/kennedymars.org\/fr\/e-mail-non-recu\/","og_locale":"fr_FR","og_type":"article","og_title":"E-mail non re\u00e7u - Kennedy-Mars Sittard","og_url":"https:\/\/kennedymars.org\/fr\/e-mail-non-recu\/","og_site_name":"Kennedy-Mars Sittard","article_publisher":"https:\/\/www.facebook.com\/KennedyMarsSittard","article_modified_time":"2026-03-24T13:13:55+00:00","twitter_card":"summary_large_image","twitter_misc":{"Dur\u00e9e de lecture estim\u00e9e":"2 minutes"},"schema":{"@context":"https:\/\/schema.org","@graph":[{"@type":"WebPage","@id":"https:\/\/kennedymars.org\/fr\/e-mail-non-recu\/","url":"https:\/\/kennedymars.org\/fr\/e-mail-non-recu\/","name":"E-mail non re\u00e7u - Kennedy-Mars Sittard","isPartOf":{"@id":"https:\/\/kennedymars.org\/#website"},"datePublished":"2026-03-23T08:48:15+00:00","dateModified":"2026-03-24T13:13:55+00:00","breadcrumb":{"@id":"https:\/\/kennedymars.org\/fr\/e-mail-non-recu\/#breadcrumb"},"inLanguage":"fr-FR","potentialAction":[{"@type":"ReadAction","target":["https:\/\/kennedymars.org\/fr\/e-mail-non-recu\/"]}]},{"@type":"BreadcrumbList","@id":"https:\/\/kennedymars.org\/fr\/e-mail-non-recu\/#breadcrumb","itemListElement":[{"@type":"ListItem","position":1,"name":"Home","item":"https:\/\/kennedymars.org\/fr\/"},{"@type":"ListItem","position":2,"name":"E-mail non re\u00e7u"}]},{"@type":"WebSite","@id":"https:\/\/kennedymars.org\/#website","url":"https:\/\/kennedymars.org\/","name":"Kennedy-Mars Sittard","description":"","publisher":{"@id":"https:\/\/kennedymars.org\/#organization"},"potentialAction":[{"@type":"SearchAction","target":{"@type":"EntryPoint","urlTemplate":"https:\/\/kennedymars.org\/?s={search_term_string}"},"query-input":{"@type":"PropertyValueSpecification","valueRequired":true,"valueName":"search_term_string"}}],"inLanguage":"fr-FR"},{"@type":"Organization","@id":"https:\/\/kennedymars.org\/#organization","name":"Kennedy-Mars Sittard","url":"https:\/\/kennedymars.org\/","logo":{"@type":"ImageObject","inLanguage":"fr-FR","@id":"https:\/\/kennedymars.org\/#\/schema\/logo\/image\/","url":"https:\/\/kennedymars.org\/wp-content\/uploads\/2026\/03\/KMS-logo-color.png","contentUrl":"https:\/\/kennedymars.org\/wp-content\/uploads\/2026\/03\/KMS-logo-color.png","width":848,"height":254,"caption":"Kennedy-Mars Sittard"},"image":{"@id":"https:\/\/kennedymars.org\/#\/schema\/logo\/image\/"},"sameAs":["https:\/\/www.facebook.com\/KennedyMarsSittard","https:\/\/www.instagram.com\/kennedymarssittard1963\/"]}]}},"_links":{"self":[{"href":"https:\/\/kennedymars.org\/fr\/wp-json\/wp\/v2\/pages\/1676","targetHints":{"allow":["GET"]}}],"collection":[{"href":"https:\/\/kennedymars.org\/fr\/wp-json\/wp\/v2\/pages"}],"about":[{"href":"https:\/\/kennedymars.org\/fr\/wp-json\/wp\/v2\/types\/page"}],"author":[{"embeddable":true,"href":"https:\/\/kennedymars.org\/fr\/wp-json\/wp\/v2\/users\/1"}],"replies":[{"embeddable":true,"href":"https:\/\/kennedymars.org\/fr\/wp-json\/wp\/v2\/comments?post=1676"}],"version-history":[{"count":3,"href":"https:\/\/kennedymars.org\/fr\/wp-json\/wp\/v2\/pages\/1676\/revisions"}],"predecessor-version":[{"id":2314,"href":"https:\/\/kennedymars.org\/fr\/wp-json\/wp\/v2\/pages\/1676\/revisions\/2314"}],"wp:attachment":[{"href":"https:\/\/kennedymars.org\/fr\/wp-json\/wp\/v2\/media?parent=1676"}],"curies":[{"name":"wp","href":"https:\/\/api.w.org\/{rel}","templated":true}]}}