{"id":1669,"date":"2026-03-16T09:31:34","date_gmt":"2026-03-16T09:31:34","guid":{"rendered":"https:\/\/kennedymars.org\/itineraire-2026-mini-mars\/"},"modified":"2026-03-23T11:12:21","modified_gmt":"2026-03-23T11:12:21","slug":"itineraire-2026-mini-mars","status":"publish","type":"page","link":"https:\/\/kennedymars.org\/fr\/itineraire-2026-mini-mars\/","title":{"rendered":"Itin\u00e9raire 2026 &#8211; Mini-mars"},"content":{"rendered":"\n<div class=\"ghostkit-grid ghostkit-grid-gap-md\"><div class=\"ghostkit-grid-inner\">\n<div class=\"ghostkit-col ghostkit-col-lg-12 ghostkit-col-1 is-layout-flow wp-block-ghostkit-grid-column-is-layout-flow\"><div class=\"ghostkit-col-content\"><\/div><\/div>\n\n\n\n<div class=\"ghostkit-col ghostkit-col-lg-12 ghostkit-col-10\"><div class=\"ghostkit-col-content is-layout-flow wp-block-ghostkit-grid-column-is-layout-flow\">\n<h2 class=\"wp-block-heading\">Itin\u00e9raire 2026 &#8211; Mini-mars<\/h2>\n\n\n\n<p><em>Derni\u00e8re mise \u00e0 jour : 12 mars 2026<\/em><\/p>\n\n\n\r\n<div class=\"blink-block empty-space empty-space--medium \" ><\/div>\n\n\n<h3 class=\"wp-block-heading\">D\u00c9PART : Oude Markt, Sittard<\/h3>\n\n\n\n<p>D\u00e9part\u00a0; Oude Markt \u00e0 gauche (= Kloosterplein), apr\u00e8s 50\u00a0m \u00e0 droite (= Deken Thijssenstraat), apr\u00e8s 150\u00a0m \u00e0 gauche (= Begijnenhofstraat), au bout de la rue \u00e0 droite (= Brandstraat), au croisement avec la Parklaan continuer tout droit en raison de travaux, puis apr\u00e8s 50\u00a0m \u00e0 gauche (= Sjteegske), traverser au bout de Sjteegske (= Wilhelminastraat) vers la Kleine Steeg. Traverser l\u2019Agricolastraat (= Steegstraat). Au bout de la rue \u00e0 droite (= Ophoven). 1<sup>re<\/sup> \u00e0 droite (= Geuweg). Traverser la Rijksweg Zuid (= Geuweg). Traverser la voie ferr\u00e9e puis tourner \u00e0 droite (= Seringenstraat). Au bout de la rue \u00e0 gauche (= Geraniumstraat). Apr\u00e8s +\/- 150 m\u00e8tres, suivre le sentier sur la droite en direction du pont ferroviaire. Apr\u00e8s le pont ferroviaire, tourner \u00e0 gauche (= Bokscoulweg). Au bout de la rue \u00e0 droite (= Lissabonlaan). 1<sup>re<\/sup> \u00e0 droite (= Parijsboulevard). 2<sup>e<\/sup> \u00e0 gauche (= Stockholmstraat). Aux feux de signalisation, traverser la Bergerweg (= Industriestraat). Dans lIndustriestraat, prendre la premi\u00e8re rue \u00e0 gauche (= Fischerpad). Passer sous le tunnel et tourner imm\u00e9diatement \u00e0 droite (= Steijnkuilweg). Au bout de la rue \u00e0 droite (= Leeuwerik). Continuer \u00e0 suivre cette avenue jusqu\u00e0 la fin des terres agricoles sur la gauche. Prendre le petit sentier \u00e0 gauche au niveau de la poubelle avant le terrain de jeu. Il d\u00e9bouche sur la Ringweg \u00e0 <strong>Limbricht<\/strong> (5 km). Traverser la Ringweg et s\u2019engager dans la Prof. Mentenlaan. Au bout, tourner \u00e0 droite (= Achter de Hoven) et imm\u00e9diatement \u00e0 nouveau \u00e0 gauche (= Salviusstraat). \u00c0 la Bovenstraat, tourner \u00e0 gauche puis imm\u00e9diatement \u00e0 nouveau \u00e0 droite (= Sportlaan). 1<sup>re<\/sup> \u00e0 droite (= Kennedylaan). 2<sup>e<\/sup> rue \u00e0 gauche (= Vredeslaan). Continuez votre chemin par le parking situ\u00e9 sur votre droite. Traverser la Bornerweg et s\u2019engager dans la Beekstraat. Au bout de la Beekstraat, tourner \u00e0 droite via la Platz, passer par la Steenstraat, puis plus loin la Burg. van Boxtelstraat. Au bout, continuer tout droit. Sur la Onderste Sittarderweg, apr\u00e8s 100 m au niveau du passage \u00e0 niveau, tourner \u00e0 gauche (= Henschenveldweg). Continuer \u00e0 suivre la Henschenveldweg jusqu\u2019\u00e0 la travers\u00e9e de la Hasseltsebaan \/ N276 au niveau des feux de signalisation. Traverser la Hasseltsebaan \/ N276 (= Hoogveldlaan). Continuer \u00e0 suivre la Hoogveldlaan. Apr\u00e8s le tunnel sous la voie ferr\u00e9e, tourner \u00e0 droite via la voie parall\u00e8le (= Rijksweg Noord). 2<sup>e<\/sup> rue \u00e0 gauche (Heistraat, Overhoven). Au centre de quartier Oos Kaas (= Heistraat), serrer \u00e0 droite (= Heistraat, Overhoven). Traverser la fin de la route \u00e0 gauche (= Odasingel). Continuer sur Odasingel jusqu&rsquo;\u00e0 la Haspelsestraat, ici \u00e0 droite puis traverser la Haspelsestraat \u00e0 gauche (= Lank Getske). Pr\u00e8s du Rosaflat \u00e0 droite (= Kerkepad) puis \u00e0 gauche (= Achter Fort Picard). Fin du sentier \u00e0 droite (= Paardestraat). Fin de rue \u00e0 droite (= Putstraat, Markt). Arriv\u00e9e.<\/p>\n\n\n\r\n<div class=\"blink-block empty-space empty-space--medium \" ><\/div>\n\n\r\n<div class=\"eye-block eye-card bg--yellow \">\r\n    <div class=\"card-inner padding-large\">\r\n        <div class=\"acf-innerblocks-container\">\n\n<h2 class=\"wp-block-heading m-0\">T\u00e9l\u00e9chargez <a href=\"https:\/\/kennedymars.org\/wp-content\/uploads\/2026\/03\/routebeschrijving-mini-mars-printversie.pdf\" target=\"_blank\" rel=\"noreferrer noopener\">ici<\/a> la version imprimable<\/h2>\n\n<\/div>\r\n    <\/div>\r\n<\/div><\/div><\/div>\n\n\n\n<div class=\"ghostkit-col ghostkit-col-lg-12 ghostkit-col-1 is-layout-flow wp-block-ghostkit-grid-column-is-layout-flow\"><div class=\"ghostkit-col-content\"><\/div><\/div>\n<\/div><\/div>\n\r\n<div class=\"blink-block empty-space empty-space--large \" ><\/div>","protected":false},"excerpt":{"rendered":"","protected":false},"author":1,"featured_media":0,"parent":0,"menu_order":0,"comment_status":"closed","ping_status":"closed","template":"","meta":{"_acf_changed":false,"ghostkit_customizer_options":"","ghostkit_custom_css":"","ghostkit_custom_js_head":"","ghostkit_custom_js_foot":"","ghostkit_typography":"","ep_exclude_from_search":false,"footnotes":""},"class_list":["post-1669","page","type-page","status-publish","hentry"],"acf":[],"yoast_head":"<!-- This site is optimized with the Yoast SEO plugin v27.2 - https:\/\/yoast.com\/product\/yoast-seo-wordpress\/ -->\n<title>Itin\u00e9raire 2026 - Mini-mars - Kennedy-Mars Sittard<\/title>\n<meta name=\"robots\" content=\"index, follow, max-snippet:-1, max-image-preview:large, max-video-preview:-1\" \/>\n<link rel=\"canonical\" href=\"https:\/\/kennedymars.org\/fr\/itineraire-2026-mini-mars\/\" \/>\n<meta property=\"og:locale\" content=\"fr_FR\" \/>\n<meta property=\"og:type\" content=\"article\" \/>\n<meta property=\"og:title\" content=\"Itin\u00e9raire 2026 - Mini-mars - Kennedy-Mars Sittard\" \/>\n<meta property=\"og:url\" content=\"https:\/\/kennedymars.org\/fr\/itineraire-2026-mini-mars\/\" \/>\n<meta property=\"og:site_name\" content=\"Kennedy-Mars Sittard\" \/>\n<meta property=\"article:publisher\" content=\"https:\/\/www.facebook.com\/KennedyMarsSittard\" \/>\n<meta property=\"article:modified_time\" content=\"2026-03-23T11:12:21+00:00\" \/>\n<meta name=\"twitter:card\" content=\"summary_large_image\" \/>\n<meta name=\"twitter:label1\" content=\"Dur\u00e9e de lecture estim\u00e9e\" \/>\n\t<meta name=\"twitter:data1\" content=\"2 minutes\" \/>\n<script type=\"application\/ld+json\" class=\"yoast-schema-graph\">{\"@context\":\"https:\/\/schema.org\",\"@graph\":[{\"@type\":\"WebPage\",\"@id\":\"https:\/\/kennedymars.org\/fr\/itineraire-2026-mini-mars\/\",\"url\":\"https:\/\/kennedymars.org\/fr\/itineraire-2026-mini-mars\/\",\"name\":\"Itin\u00e9raire 2026 - Mini-mars - Kennedy-Mars Sittard\",\"isPartOf\":{\"@id\":\"https:\/\/kennedymars.org\/#website\"},\"datePublished\":\"2026-03-16T09:31:34+00:00\",\"dateModified\":\"2026-03-23T11:12:21+00:00\",\"breadcrumb\":{\"@id\":\"https:\/\/kennedymars.org\/fr\/itineraire-2026-mini-mars\/#breadcrumb\"},\"inLanguage\":\"fr-FR\",\"potentialAction\":[{\"@type\":\"ReadAction\",\"target\":[\"https:\/\/kennedymars.org\/fr\/itineraire-2026-mini-mars\/\"]}]},{\"@type\":\"BreadcrumbList\",\"@id\":\"https:\/\/kennedymars.org\/fr\/itineraire-2026-mini-mars\/#breadcrumb\",\"itemListElement\":[{\"@type\":\"ListItem\",\"position\":1,\"name\":\"Home\",\"item\":\"https:\/\/kennedymars.org\/fr\/\"},{\"@type\":\"ListItem\",\"position\":2,\"name\":\"Itin\u00e9raire 2026 &#8211; Mini-mars\"}]},{\"@type\":\"WebSite\",\"@id\":\"https:\/\/kennedymars.org\/#website\",\"url\":\"https:\/\/kennedymars.org\/\",\"name\":\"Kennedy-Mars Sittard\",\"description\":\"\",\"publisher\":{\"@id\":\"https:\/\/kennedymars.org\/#organization\"},\"potentialAction\":[{\"@type\":\"SearchAction\",\"target\":{\"@type\":\"EntryPoint\",\"urlTemplate\":\"https:\/\/kennedymars.org\/?s={search_term_string}\"},\"query-input\":{\"@type\":\"PropertyValueSpecification\",\"valueRequired\":true,\"valueName\":\"search_term_string\"}}],\"inLanguage\":\"fr-FR\"},{\"@type\":\"Organization\",\"@id\":\"https:\/\/kennedymars.org\/#organization\",\"name\":\"Kennedy-Mars Sittard\",\"url\":\"https:\/\/kennedymars.org\/\",\"logo\":{\"@type\":\"ImageObject\",\"inLanguage\":\"fr-FR\",\"@id\":\"https:\/\/kennedymars.org\/#\/schema\/logo\/image\/\",\"url\":\"https:\/\/kennedymars.org\/wp-content\/uploads\/2026\/03\/KMS-logo-color.png\",\"contentUrl\":\"https:\/\/kennedymars.org\/wp-content\/uploads\/2026\/03\/KMS-logo-color.png\",\"width\":848,\"height\":254,\"caption\":\"Kennedy-Mars Sittard\"},\"image\":{\"@id\":\"https:\/\/kennedymars.org\/#\/schema\/logo\/image\/\"},\"sameAs\":[\"https:\/\/www.facebook.com\/KennedyMarsSittard\",\"https:\/\/www.instagram.com\/kennedymarssittard1963\/\"]}]}<\/script>\n<!-- \/ Yoast SEO plugin. -->","yoast_head_json":{"title":"Itin\u00e9raire 2026 - Mini-mars - Kennedy-Mars Sittard","robots":{"index":"index","follow":"follow","max-snippet":"max-snippet:-1","max-image-preview":"max-image-preview:large","max-video-preview":"max-video-preview:-1"},"canonical":"https:\/\/kennedymars.org\/fr\/itineraire-2026-mini-mars\/","og_locale":"fr_FR","og_type":"article","og_title":"Itin\u00e9raire 2026 - Mini-mars - Kennedy-Mars Sittard","og_url":"https:\/\/kennedymars.org\/fr\/itineraire-2026-mini-mars\/","og_site_name":"Kennedy-Mars Sittard","article_publisher":"https:\/\/www.facebook.com\/KennedyMarsSittard","article_modified_time":"2026-03-23T11:12:21+00:00","twitter_card":"summary_large_image","twitter_misc":{"Dur\u00e9e de lecture estim\u00e9e":"2 minutes"},"schema":{"@context":"https:\/\/schema.org","@graph":[{"@type":"WebPage","@id":"https:\/\/kennedymars.org\/fr\/itineraire-2026-mini-mars\/","url":"https:\/\/kennedymars.org\/fr\/itineraire-2026-mini-mars\/","name":"Itin\u00e9raire 2026 - Mini-mars - Kennedy-Mars Sittard","isPartOf":{"@id":"https:\/\/kennedymars.org\/#website"},"datePublished":"2026-03-16T09:31:34+00:00","dateModified":"2026-03-23T11:12:21+00:00","breadcrumb":{"@id":"https:\/\/kennedymars.org\/fr\/itineraire-2026-mini-mars\/#breadcrumb"},"inLanguage":"fr-FR","potentialAction":[{"@type":"ReadAction","target":["https:\/\/kennedymars.org\/fr\/itineraire-2026-mini-mars\/"]}]},{"@type":"BreadcrumbList","@id":"https:\/\/kennedymars.org\/fr\/itineraire-2026-mini-mars\/#breadcrumb","itemListElement":[{"@type":"ListItem","position":1,"name":"Home","item":"https:\/\/kennedymars.org\/fr\/"},{"@type":"ListItem","position":2,"name":"Itin\u00e9raire 2026 &#8211; Mini-mars"}]},{"@type":"WebSite","@id":"https:\/\/kennedymars.org\/#website","url":"https:\/\/kennedymars.org\/","name":"Kennedy-Mars Sittard","description":"","publisher":{"@id":"https:\/\/kennedymars.org\/#organization"},"potentialAction":[{"@type":"SearchAction","target":{"@type":"EntryPoint","urlTemplate":"https:\/\/kennedymars.org\/?s={search_term_string}"},"query-input":{"@type":"PropertyValueSpecification","valueRequired":true,"valueName":"search_term_string"}}],"inLanguage":"fr-FR"},{"@type":"Organization","@id":"https:\/\/kennedymars.org\/#organization","name":"Kennedy-Mars Sittard","url":"https:\/\/kennedymars.org\/","logo":{"@type":"ImageObject","inLanguage":"fr-FR","@id":"https:\/\/kennedymars.org\/#\/schema\/logo\/image\/","url":"https:\/\/kennedymars.org\/wp-content\/uploads\/2026\/03\/KMS-logo-color.png","contentUrl":"https:\/\/kennedymars.org\/wp-content\/uploads\/2026\/03\/KMS-logo-color.png","width":848,"height":254,"caption":"Kennedy-Mars Sittard"},"image":{"@id":"https:\/\/kennedymars.org\/#\/schema\/logo\/image\/"},"sameAs":["https:\/\/www.facebook.com\/KennedyMarsSittard","https:\/\/www.instagram.com\/kennedymarssittard1963\/"]}]}},"_links":{"self":[{"href":"https:\/\/kennedymars.org\/fr\/wp-json\/wp\/v2\/pages\/1669","targetHints":{"allow":["GET"]}}],"collection":[{"href":"https:\/\/kennedymars.org\/fr\/wp-json\/wp\/v2\/pages"}],"about":[{"href":"https:\/\/kennedymars.org\/fr\/wp-json\/wp\/v2\/types\/page"}],"author":[{"embeddable":true,"href":"https:\/\/kennedymars.org\/fr\/wp-json\/wp\/v2\/users\/1"}],"replies":[{"embeddable":true,"href":"https:\/\/kennedymars.org\/fr\/wp-json\/wp\/v2\/comments?post=1669"}],"version-history":[{"count":1,"href":"https:\/\/kennedymars.org\/fr\/wp-json\/wp\/v2\/pages\/1669\/revisions"}],"predecessor-version":[{"id":1671,"href":"https:\/\/kennedymars.org\/fr\/wp-json\/wp\/v2\/pages\/1669\/revisions\/1671"}],"wp:attachment":[{"href":"https:\/\/kennedymars.org\/fr\/wp-json\/wp\/v2\/media?parent=1669"}],"curies":[{"name":"wp","href":"https:\/\/api.w.org\/{rel}","templated":true}]}}