{"id":1664,"date":"2026-03-16T09:08:06","date_gmt":"2026-03-16T09:08:06","guid":{"rendered":"https:\/\/kennedymars.org\/itineraire-2026-kennedy-mars\/"},"modified":"2026-03-24T13:13:49","modified_gmt":"2026-03-24T13:13:49","slug":"itineraire-2026-kennedy-mars","status":"publish","type":"page","link":"https:\/\/kennedymars.org\/fr\/itineraire-2026-kennedy-mars\/","title":{"rendered":"Itin\u00e9raire 2026 &#8211; Kennedy-Mars"},"content":{"rendered":"\n<div class=\"ghostkit-grid ghostkit-grid-gap-md\"><div class=\"ghostkit-grid-inner\">\n<div class=\"ghostkit-col ghostkit-col-lg-12 ghostkit-col-1 is-layout-flow wp-block-ghostkit-grid-column-is-layout-flow\"><div class=\"ghostkit-col-content\"><\/div><\/div>\n\n\n\n<div class=\"ghostkit-col ghostkit-col-lg-12 ghostkit-col-10\"><div class=\"ghostkit-col-content is-layout-flow wp-block-ghostkit-grid-column-is-layout-flow\">\n<h2 class=\"wp-block-heading\">Parcours 2026<\/h2>\n\n\n\n<p><em>Derni\u00e8re mise \u00e0 jour : 7 janvier 2026<\/em><\/p>\n\n\n\r\n<div class=\"blink-block empty-space empty-space--medium \" ><\/div>\n\n\n<h3 class=\"wp-block-heading\">D\u00c9PART : Oude Markt, Sittard<\/h3>\n\n\n\n<p>Tournez \u00e0 gauche (= Kloosterplein), apr\u00e8s 50 m tournez \u00e0 droite (= Deken Thijssenstraat), Haspelsestraat, traversez l\u2019Odasingel (= Dr. Nolenslaan). Au croisement, tournez \u00e0 gauche (= Baandertweg). Au bout de la route, tournez \u00e0 droite (= Overhoven). Au carrefour en T, continuez tout droit (= Heistraat). \u00c0 la bifurcation, tournez \u00e0 droite (= Nusterweg). Aux feux de signalisation, traversez la Dr. Nolenslaan et continuez tout droit en direction de Nieuwstadt (= Nusterweg, Sittarderweg, Op de Brug). \u00c0 Nieuwstadt, restez sur la route principale (= Gouverneur Houbenstraat \/ Susterderweg). Apr\u00e8s le croisement Susterderweg \/ Grachtstraat \/ Beijerstraat, tenez la gauche et continuez sur la piste cyclable en direction de Susteren. Apr\u00e8s le panneau d\u2019agglom\u00e9ration Susteren, tournez \u00e0 droite (= Heerenstraat \/ Parallelweg). Tenez la droite (= Bosstraat, Rijdtstraat). Au bout de la route, tournez \u00e0 gauche (= Broekweg) et imm\u00e9diatement apr\u00e8s \u00e0 droite (= Heidestraat). Apr\u00e8s la fin de l\u2019agglom\u00e9ration, continuez \u00e0 suivre Heidestraat \/ Susterderweg. Au carrefour \u00e0 quatre voies, tournez \u00e0 gauche (= Hoogstraat). Prenez la 1<sup>re<\/sup> rue \u00e0 droite (= Marksingel). Au carrefour en T, tournez \u00e0 droite (= Slekkerstraat) puis tenez la droite (= Roterweg). Au bout de la route, \u00e0 la hauteur de la chapelle Saint-Antoine, prenez la 1<sup>re<\/sup> \u00e0 gauche (= Dorpstraat \/ Pastoor Cramerstraat). Prenez la 4<sup>e<\/sup> rue \u00e0 droite (= Schoolstraat). Prenez la 2<sup>e<\/sup> route \u00e0 droite en direction du point de ravitaillement Scouting Pey (= Kerkstraat Peij).  <\/p>\n\n\n\r\n<div class=\"blink-block empty-space empty-space--medium \" ><\/div>\n\n\n<h3 class=\"wp-block-heading\">Point de ravitaillement Pey : Scouting Pey Kerkstraat Peij 9A (14,3 km)<\/h3>\n\n\n\n<p>Apr\u00e8s le point de ravitaillement Scouting Pey, continuez vers la route principale (= Houtstraat). Ici, tournez \u00e0 droite jusqu\u2019au point de travers\u00e9e, puis tournez \u00e0 gauche pour traverser la Houtstraat via la Clarastraat. Prenez la 1<sup>re<\/sup> route \u00e0 droite (= Jacobastraat). Prenez la 1<sup>re<\/sup> rue \u00e0 gauche (= Hoogveldsweg) et \u00e0 nouveau la 1<sup>e<\/sup> route \u00e0 gauche = Kasteelweg. \u00c0 la bifurcation, tournez \u00e0 droite (= Kasteelweg) et prenez la 1<sup>re<\/sup> \u00e0 gauche (= Hoogveldsweg). Prenez la 3<sup>e<\/sup> route \u00e0 droite (= In de Plamten). Prenez la 1<sup>e<\/sup> route \u00e0 droite (= Op den Dijk). Au carrefour \u00e0 quatre voies, continuez tout droit (= Leenderstraat). Au carrefour en T, tournez \u00e0 gauche (= Bredeweg). Au bout de la route, tournez \u00e0 droite sur la piste cyclable (= Heerdstraat \/ Vlootveestraat). Prenez la 2<sup>de<\/sup> route \u00e0 droite (= Veestraat). Au carrefour \u00e0 quatre voies, tournez \u00e0 droite (= Boekhorstweg). Au carrefour en T Annendaalderweg, tournez \u00e0 gauche (= Annendaalderweg). Au carrefour en T Annendaalderweg \/ Kerkweg, tenez la gauche en direction de Posterholt. Sur l\u2019Echterboschbaan, tenez la gauche sur la piste cyclable. Via l\u2019Annendaalsedijk, puis plus loin la Boomstraat, en direction de Posterholt. Au rond-point, tournez \u00e0 gauche (= Hoofdstraat). Continuez sur celle-ci jusqu\u2019\u00e0 l\u2019\u00e9glise. Ici, tournez \u00e0 droite (= Nieuw Holsterweg) puis prenez la 1<sup>re<\/sup> route \u00e0 gauche (= Heerbaan).         <\/p>\n\n\n\r\n<div class=\"blink-block empty-space empty-space--medium \" ><\/div>\n\n\n<h3 class=\"wp-block-heading\">Point de ravitaillement Posterholt : Sporthal De Wie\u00eb, Heerbaan 28 (28,1 km).<\/h3>\n\n\n\n<p>100 m apr\u00e8s le centre sportif, \u00e0 gauche (= Streekelsweg) et imm\u00e9diatement \u00e0 droite (= Hoofdstraat). Au carrefour \u00e0 cinq voies, prendre la Burg. Geradtsstraat. \u00c0 Reutje, continuer \u00e0 suivre la Sint Josephstraat. \u00c0 la bifurcation tout droit (= Heidestraat). Suivre cette route jusqu\u2019\u00e0 la route prioritaire (= Waarderweg). L\u00e0, \u00e0 gauche. Premi\u00e8re route \u00e0 gauche (= Sweeltjesbosweg). Apr\u00e8s le petit pont, 1re route \u00e0 droite (= Broekweg). Au bout de la route \u00e0 Montfort (35,5 km), \u00e0 gauche (= Dijk) et imm\u00e9diatement \u00e0 nouveau \u00e0 droite (= Dijkstraat\/Aan het Water, Huysdijk). Apr\u00e8s la ruine, \u00e0 droite (= Oude Brachterweg). Traverser la route prioritaire et \u00e0 gauche via la piste cyclable (= Huysbongerdweg). Prendre maintenant la premi\u00e8re route \u00e0 droite (= Reigersbroekweg, Bajonetweg, Renserweg). Apr\u00e8s le petit pont, \u00e0 droite (= Heuvelstraat). Traverser la voie ferr\u00e9e et suivre la route au-dessus de l\u2019autoroute A73. Traverser ensuite la Rijksweg (= Heuvelstraat). Prendre maintenant la 1re route \u00e0 droite (= Heerenweg) puis la 1re route \u00e0 gauche (= Tramlaan). Au bout de la route \u00e0 gauche (= Kerkstraat) puis traverser imm\u00e9diatement la Kerkstraat vers la Rector Hendrixstraat \u00e0 droite (= Rector Hendrikxstraat).               <\/p>\n\n\n\r\n<div class=\"blink-block empty-space empty-space--medium \" ><\/div>\n\n\n<h3 class=\"wp-block-heading\">Point de ravitaillement Maasbracht : Gemeenschapshuis Baekerhoes, Kerkstraat 1 (42,3 km)<\/h3>\n\n\n\n<p>Depuis la Rector Hendrikxstraat, tournez \u00e0 gauche (= Op de Berg). Suivez cette route et continuez tout droit \u00e0 la bifurcation. Traversez la petite place en diagonale. Quittez Op de Berg par les petits escaliers, puis tournez \u00e0 droite (= Hofstraat) et imm\u00e9diatement \u00e0 gauche (= Kempweg \/ Kloosterstraat).   <\/p>\n\n\n\n<p><em>NB : En raison de lescalier, les personnes en fauteuil roulant doivent tenir la droite \u00e0 la bifurcation Op de Berg, puis tourner \u00e0 gauche (= Kempweg \/ Kloosterstraat).<\/em><\/p>\n\n\n\n<p>Apr\u00e8s le viaduc de lA2, au 2e rond-point, tournez \u00e0 droite (= Brouwersstraat). Apr\u00e8s la sortie de lA2, tournez \u00e0 droite sur le pont de la Meuse (Maasbrug) en direction de Wessem. \u00c0 la fin du pont, descendez lescalier \u00e0 gauche vers Wessem (47,5 km). Au bas de lescalier, tournez \u00e0 gauche (= Molenweg).   <\/p>\n\n\n\n<p><em>NB : Les personnes en fauteuil roulant doivent, \u00e0 la fin de la sortie au rond-point, continuer tout droit via la Pastoor Janssenstraat vers la Molenweg.<\/em><\/p>\n\n\n\n<p>Apr\u00e8s le Caf\u00e9 de Hook, \u00e0 gauche (= Wallenstraat). Au bout de la rue \u00e0 droite (= Maasboulevard). Suivre la route parall\u00e8le \u00e0 droite (= Beekstraat). Imm\u00e9diatement apr\u00e8s l\u2019\u00e9glise, \u00e0 gauche, traverser le petit pont (= Oude Thornerweg). Au bout du petit chemin \u00e0 gauche et suivre Thornerweg jusqu\u2019\u00e0 Thorn.    <\/p>\n\n\n\r\n<div class=\"blink-block empty-space empty-space--medium \" ><\/div>\n\n\n<h3 class=\"wp-block-heading\">Point de ravitaillement Thorn : Aod Thoear, Steegputstraat 2 (51,7 km)<\/h3>\n\n\n\n<p>\u00c0 gauche dans la Trippaardstraat. \u00c0 la bifurcation tout droit (= Hoogstraat). 1<sup>re<\/sup> route \u00e0 gauche (= Kerkberg) et avant l\u2019\u00e9glise \u00e0 droite (= Wijngaard, Daalstraat). \u00c0 la s\u00e9paration \u00e0 gauche (= Beekstraat, Kessenicherweg, Thornerweg, Schoorstraat). \u00c0 Kessenich (53,6 km) : apr\u00e8s le caf\u00e9 Bertus, premi\u00e8re rue \u00e0 gauche (= Kerkstraat). Au bout de la route \u00e0 droite (= Agropolispark). Suivre Agropolispark via la piste cyclable sur la digue le long de la Meuse. Apr\u00e8s la fin de la piste cyclable, \u00e0 gauche (= Dalerstraat). 1re rue \u00e0 droite (= Vroenhof). \u00c0 Geistingen (56,8 km), au bout de la route \u00e0 gauche (= Geistingen). Apr\u00e8s le caf\u00e9 Het Orgelhuys, \u00e0 gauche (= Bekerstraat, Heerweg). Au carrefour \u00e0 quatre voies \u00e0 gauche (= Maastraat). \u00c0 la s\u00e9paration Dalerstraat, traverser tout droit et suivre le sentier pi\u00e9tonnier.          <\/p>\n\n\n\n<p>\u00c0 la bifurcation, tournez \u00e0 droite (= Maasdijk \/ Leeuwerikstraat). Au carrefour \u00e0 quatre voies (= point n\u0153ud 25), tournez \u00e0 gauche (= Herenlaakweg) puis \u00e0 droite (= Broekstraat). Dans la Broekstraat, prenez la 1re rue \u00e0 droite (= Broekstraat). Au carrefour en T, tenez la gauche (= Javanastraat) puis, au carrefour en T suivant, tournez \u00e0 droite (= Hamontweg). \u00c0 la bifurcation, tenez la droite (= Bloesemweg). Avant le rond-point, passez \u00e0 gauche par le tunnel cyclable, puis faites un gauche-droite (= Kluisstraat) pour entrer dans Maaseik (61,3 km). Au bout de la rue, tournez \u00e0 droite et imm\u00e9diatement \u00e0 gauche (= Venlosesteenweg, Eikerstraat). Sur le March\u00e9 (Markt), tournez \u00e0 gauche (= Bleumerstraat). Empruntez le passage pi\u00e9ton pour traverser le p\u00e9riph\u00e9rique et franchissez le pont de la Meuse. \u00c0 Roosteren (64,3 km), apr\u00e8s le num\u00e9ro 32, tournez \u00e0 gauche (= Op de Kampes) puis \u00e0 droite (= Eyckholtstraat). Au bout de la route, tournez \u00e0 gauche (= Maasheuvel). Prenez la premi\u00e8re route \u00e0 droite (= Schettereind). Sur la route prioritaire, tournez \u00e0 gauche (= Kasteel ter Borchstraat, Maaseikerweg).            <\/p>\n\n\n\n<p>\u00c0 Dieteren (67 km), prenez imm\u00e9diatement la premi\u00e8re route (ferm\u00e9e) \u00e0 gauche (= Roosterderweg). Au bout de la route, tournez \u00e0 droite (= Kerkstraat) et imm\u00e9diatement \u00e0 gauche (= Vleutstraat).<\/p>\n\n\n\r\n<div class=\"blink-block empty-space empty-space--medium \" ><\/div>\n\n\n<h3 class=\"wp-block-heading\">Point de ravitaillement Dieteren : Gemeenschapshuis De Koppel, Vleutstraat 22 (67,3 km)<\/h3>\n\n\n\n<p>Deux fois \u00e0 droite (= Louerstraat). Par le petit tunnel, 1<sup>re<\/sup> \u00e0 droite (= Chris Plitscherlaan). Apr\u00e8s le petit terrain de jeux, tournez \u00e0 gauche (= Posterholtlaan) puis prenez la 3<sup>e<\/sup> \u00e0 gauche (= Schutterslaantje) et imm\u00e9diatement \u00e0 nouveau \u00e0 gauche (= Poorterslaan). Au bout de la route, tournez \u00e0 droite (= Louerstraat) jusqu\u2019\u00e0 l\u2019Oude Rijksweg \u00e0 Susteren (68,5 km), tournez \u00e0 droite. Traversez l\u2019Oude Rijksweg \u00e0 la hauteur de la Swentiboldstraat et, depuis la Swentiboldstraat, tournez \u00e0 droite apr\u00e8s 150 m (= Feurthstraat).  La Feurthstraat devient la Marktstraat, continuer \u00e0 suivre. Fin de Markt \u00e0 gauche (= Salvatorstraat). Au carrefour, tout droit jusqu&rsquo;\u00e0 la Salvatorplein. \u00c0 droite le long de l&rsquo;\u00e9glise (= Relindisstraat, Op de Wallen, Abdijlaan). Sur lAbdijlaan, prenez la troisi\u00e8me route \u00e0 droite (= Molenveldweg). Prenez la deuxi\u00e8me rue \u00e0 droite (= In de Mehre). Dans la Stationsstraat, tournez \u00e0 droite et, apr\u00e8s le passage \u00e0 niveau, continuez sur la piste cyclable en direction de Nieuwstadt.    \u00c0 Nieuwstadt (73,1 km), prenez la premi\u00e8re rue \u00e0 droite (= Grachtstraat). 2e route \u00e0 gauche (= Susterderpoort). 2e rue \u00e0 gauche (= Markt) et imm\u00e9diatement \u00e0 droite, fin de Markt \u00e0 gauche (= Haverterstraat) et 2e route \u00e0 droite (= Haverterpoort \/ Sint Maartenswal). Fin de rue \u00e0 droite (= Hoofdstraat) puis \u00e0 gauche pr\u00e8s de la station-service (= Millenerpoort). Sur la route prioritaire \u00e0 droite (= Op de Brug, Sittarderweg, Nusterweg).    <\/p>\n\n\n\n<p>\u00c0 Sittard (76,5 km), aux feux de signalisation \u00e0 droite (= Dr. Nolenslaan). Traverser \u00e0 hauteur de Heuts Automaterialen puis \u00e0 gauche (= Rijksweg Noord) et suivre la piste cyclable \u00e0 gauche. Apr\u00e8s le rond-point, 2<sup>e<\/sup> route \u00e0 gauche (= Heistraat, Overhoven). Pr\u00e8s du centre de quartier Oos Kaar (= Heistraat), serrer \u00e0 droite (= Heistraat, Overhoven). Au bout de la route, traverser \u00e0 gauche (= Odasingel). Continuer sur Odasingel jusqu\u2019\u00e0 la Haspelsestraat, ici \u00e0 droite puis traverser la Haspelsestraat \u00e0 gauche (= Lank Getske). Pr\u00e8s de la Rosaflat \u00e0 droite (= Kerkepad) puis \u00e0 gauche (= Achter Fort Picard). Au bout du sentier \u00e0 droite (= Paardestraat). Au bout de la rue \u00e0 droite (= Putstraat, Markt).         <strong>Arriv\u00e9e.<\/strong><\/p>\n\n\n\r\n<div class=\"blink-block empty-space empty-space--medium \" ><\/div>\n\n\r\n<div class=\"eye-block eye-card bg--darkblue \">\r\n    <div class=\"card-inner padding-large\">\r\n        <div class=\"acf-innerblocks-container\">\n\n<h2 class=\"wp-block-heading m-0\">T\u00e9l\u00e9chargez <a href=\"https:\/\/kennedymars.org\/wp-content\/uploads\/2026\/03\/Routebeschrijving-KennedyMars-Printversie-v2003.pdf\" target=\"_blank\" rel=\"noreferrer noopener\">ici<\/a> la version imprimable<\/h2>\n\n<\/div>\r\n    <\/div>\r\n<\/div><\/div><\/div>\n\n\n\n<div class=\"ghostkit-col ghostkit-col-lg-12 ghostkit-col-1 is-layout-flow wp-block-ghostkit-grid-column-is-layout-flow\"><div class=\"ghostkit-col-content\"><\/div><\/div>\n<\/div><\/div>\n\r\n<div class=\"blink-block empty-space empty-space--large \" ><\/div>","protected":false},"excerpt":{"rendered":"","protected":false},"author":1,"featured_media":0,"parent":0,"menu_order":0,"comment_status":"closed","ping_status":"closed","template":"","meta":{"_acf_changed":false,"ghostkit_customizer_options":"","ghostkit_custom_css":"","ghostkit_custom_js_head":"","ghostkit_custom_js_foot":"","ghostkit_typography":"","ep_exclude_from_search":false,"footnotes":""},"class_list":["post-1664","page","type-page","status-publish","hentry"],"acf":[],"yoast_head":"<!-- This site is optimized with the Yoast SEO plugin v27.2 - https:\/\/yoast.com\/product\/yoast-seo-wordpress\/ -->\n<title>Itin\u00e9raire 2026 - Kennedy-Mars - Kennedy-Mars Sittard<\/title>\n<meta name=\"robots\" content=\"index, follow, max-snippet:-1, max-image-preview:large, max-video-preview:-1\" \/>\n<link rel=\"canonical\" href=\"https:\/\/kennedymars.org\/fr\/itineraire-2026-kennedy-mars\/\" \/>\n<meta property=\"og:locale\" content=\"fr_FR\" \/>\n<meta property=\"og:type\" content=\"article\" \/>\n<meta property=\"og:title\" content=\"Itin\u00e9raire 2026 - Kennedy-Mars - Kennedy-Mars Sittard\" \/>\n<meta property=\"og:url\" content=\"https:\/\/kennedymars.org\/fr\/itineraire-2026-kennedy-mars\/\" \/>\n<meta property=\"og:site_name\" content=\"Kennedy-Mars Sittard\" \/>\n<meta property=\"article:publisher\" content=\"https:\/\/www.facebook.com\/KennedyMarsSittard\" \/>\n<meta property=\"article:modified_time\" content=\"2026-03-24T13:13:49+00:00\" \/>\n<meta name=\"twitter:card\" content=\"summary_large_image\" \/>\n<meta name=\"twitter:label1\" content=\"Dur\u00e9e de lecture estim\u00e9e\" \/>\n\t<meta name=\"twitter:data1\" content=\"7 minutes\" \/>\n<script type=\"application\/ld+json\" class=\"yoast-schema-graph\">{\"@context\":\"https:\/\/schema.org\",\"@graph\":[{\"@type\":\"WebPage\",\"@id\":\"https:\/\/kennedymars.org\/fr\/itineraire-2026-kennedy-mars\/\",\"url\":\"https:\/\/kennedymars.org\/fr\/itineraire-2026-kennedy-mars\/\",\"name\":\"Itin\u00e9raire 2026 - Kennedy-Mars - Kennedy-Mars Sittard\",\"isPartOf\":{\"@id\":\"https:\/\/kennedymars.org\/#website\"},\"datePublished\":\"2026-03-16T09:08:06+00:00\",\"dateModified\":\"2026-03-24T13:13:49+00:00\",\"breadcrumb\":{\"@id\":\"https:\/\/kennedymars.org\/fr\/itineraire-2026-kennedy-mars\/#breadcrumb\"},\"inLanguage\":\"fr-FR\",\"potentialAction\":[{\"@type\":\"ReadAction\",\"target\":[\"https:\/\/kennedymars.org\/fr\/itineraire-2026-kennedy-mars\/\"]}]},{\"@type\":\"BreadcrumbList\",\"@id\":\"https:\/\/kennedymars.org\/fr\/itineraire-2026-kennedy-mars\/#breadcrumb\",\"itemListElement\":[{\"@type\":\"ListItem\",\"position\":1,\"name\":\"Home\",\"item\":\"https:\/\/kennedymars.org\/fr\/\"},{\"@type\":\"ListItem\",\"position\":2,\"name\":\"Itin\u00e9raire 2026 &#8211; Kennedy-Mars\"}]},{\"@type\":\"WebSite\",\"@id\":\"https:\/\/kennedymars.org\/#website\",\"url\":\"https:\/\/kennedymars.org\/\",\"name\":\"Kennedy-Mars Sittard\",\"description\":\"\",\"publisher\":{\"@id\":\"https:\/\/kennedymars.org\/#organization\"},\"potentialAction\":[{\"@type\":\"SearchAction\",\"target\":{\"@type\":\"EntryPoint\",\"urlTemplate\":\"https:\/\/kennedymars.org\/?s={search_term_string}\"},\"query-input\":{\"@type\":\"PropertyValueSpecification\",\"valueRequired\":true,\"valueName\":\"search_term_string\"}}],\"inLanguage\":\"fr-FR\"},{\"@type\":\"Organization\",\"@id\":\"https:\/\/kennedymars.org\/#organization\",\"name\":\"Kennedy-Mars Sittard\",\"url\":\"https:\/\/kennedymars.org\/\",\"logo\":{\"@type\":\"ImageObject\",\"inLanguage\":\"fr-FR\",\"@id\":\"https:\/\/kennedymars.org\/#\/schema\/logo\/image\/\",\"url\":\"https:\/\/kennedymars.org\/wp-content\/uploads\/2026\/03\/KMS-logo-color.png\",\"contentUrl\":\"https:\/\/kennedymars.org\/wp-content\/uploads\/2026\/03\/KMS-logo-color.png\",\"width\":848,\"height\":254,\"caption\":\"Kennedy-Mars Sittard\"},\"image\":{\"@id\":\"https:\/\/kennedymars.org\/#\/schema\/logo\/image\/\"},\"sameAs\":[\"https:\/\/www.facebook.com\/KennedyMarsSittard\",\"https:\/\/www.instagram.com\/kennedymarssittard1963\/\"]}]}<\/script>\n<!-- \/ Yoast SEO plugin. -->","yoast_head_json":{"title":"Itin\u00e9raire 2026 - Kennedy-Mars - Kennedy-Mars Sittard","robots":{"index":"index","follow":"follow","max-snippet":"max-snippet:-1","max-image-preview":"max-image-preview:large","max-video-preview":"max-video-preview:-1"},"canonical":"https:\/\/kennedymars.org\/fr\/itineraire-2026-kennedy-mars\/","og_locale":"fr_FR","og_type":"article","og_title":"Itin\u00e9raire 2026 - Kennedy-Mars - Kennedy-Mars Sittard","og_url":"https:\/\/kennedymars.org\/fr\/itineraire-2026-kennedy-mars\/","og_site_name":"Kennedy-Mars Sittard","article_publisher":"https:\/\/www.facebook.com\/KennedyMarsSittard","article_modified_time":"2026-03-24T13:13:49+00:00","twitter_card":"summary_large_image","twitter_misc":{"Dur\u00e9e de lecture estim\u00e9e":"7 minutes"},"schema":{"@context":"https:\/\/schema.org","@graph":[{"@type":"WebPage","@id":"https:\/\/kennedymars.org\/fr\/itineraire-2026-kennedy-mars\/","url":"https:\/\/kennedymars.org\/fr\/itineraire-2026-kennedy-mars\/","name":"Itin\u00e9raire 2026 - Kennedy-Mars - Kennedy-Mars Sittard","isPartOf":{"@id":"https:\/\/kennedymars.org\/#website"},"datePublished":"2026-03-16T09:08:06+00:00","dateModified":"2026-03-24T13:13:49+00:00","breadcrumb":{"@id":"https:\/\/kennedymars.org\/fr\/itineraire-2026-kennedy-mars\/#breadcrumb"},"inLanguage":"fr-FR","potentialAction":[{"@type":"ReadAction","target":["https:\/\/kennedymars.org\/fr\/itineraire-2026-kennedy-mars\/"]}]},{"@type":"BreadcrumbList","@id":"https:\/\/kennedymars.org\/fr\/itineraire-2026-kennedy-mars\/#breadcrumb","itemListElement":[{"@type":"ListItem","position":1,"name":"Home","item":"https:\/\/kennedymars.org\/fr\/"},{"@type":"ListItem","position":2,"name":"Itin\u00e9raire 2026 &#8211; Kennedy-Mars"}]},{"@type":"WebSite","@id":"https:\/\/kennedymars.org\/#website","url":"https:\/\/kennedymars.org\/","name":"Kennedy-Mars Sittard","description":"","publisher":{"@id":"https:\/\/kennedymars.org\/#organization"},"potentialAction":[{"@type":"SearchAction","target":{"@type":"EntryPoint","urlTemplate":"https:\/\/kennedymars.org\/?s={search_term_string}"},"query-input":{"@type":"PropertyValueSpecification","valueRequired":true,"valueName":"search_term_string"}}],"inLanguage":"fr-FR"},{"@type":"Organization","@id":"https:\/\/kennedymars.org\/#organization","name":"Kennedy-Mars Sittard","url":"https:\/\/kennedymars.org\/","logo":{"@type":"ImageObject","inLanguage":"fr-FR","@id":"https:\/\/kennedymars.org\/#\/schema\/logo\/image\/","url":"https:\/\/kennedymars.org\/wp-content\/uploads\/2026\/03\/KMS-logo-color.png","contentUrl":"https:\/\/kennedymars.org\/wp-content\/uploads\/2026\/03\/KMS-logo-color.png","width":848,"height":254,"caption":"Kennedy-Mars Sittard"},"image":{"@id":"https:\/\/kennedymars.org\/#\/schema\/logo\/image\/"},"sameAs":["https:\/\/www.facebook.com\/KennedyMarsSittard","https:\/\/www.instagram.com\/kennedymarssittard1963\/"]}]}},"_links":{"self":[{"href":"https:\/\/kennedymars.org\/fr\/wp-json\/wp\/v2\/pages\/1664","targetHints":{"allow":["GET"]}}],"collection":[{"href":"https:\/\/kennedymars.org\/fr\/wp-json\/wp\/v2\/pages"}],"about":[{"href":"https:\/\/kennedymars.org\/fr\/wp-json\/wp\/v2\/types\/page"}],"author":[{"embeddable":true,"href":"https:\/\/kennedymars.org\/fr\/wp-json\/wp\/v2\/users\/1"}],"replies":[{"embeddable":true,"href":"https:\/\/kennedymars.org\/fr\/wp-json\/wp\/v2\/comments?post=1664"}],"version-history":[{"count":3,"href":"https:\/\/kennedymars.org\/fr\/wp-json\/wp\/v2\/pages\/1664\/revisions"}],"predecessor-version":[{"id":2293,"href":"https:\/\/kennedymars.org\/fr\/wp-json\/wp\/v2\/pages\/1664\/revisions\/2293"}],"wp:attachment":[{"href":"https:\/\/kennedymars.org\/fr\/wp-json\/wp\/v2\/media?parent=1664"}],"curies":[{"name":"wp","href":"https:\/\/api.w.org\/{rel}","templated":true}]}}