{"id":1658,"date":"2026-03-16T09:26:09","date_gmt":"2026-03-16T09:26:09","guid":{"rendered":"https:\/\/kennedymars.org\/itineraire-2026-swentibold-mars\/"},"modified":"2026-03-24T13:13:49","modified_gmt":"2026-03-24T13:13:49","slug":"itineraire-2026-swentibold-mars","status":"publish","type":"page","link":"https:\/\/kennedymars.org\/fr\/itineraire-2026-swentibold-mars\/","title":{"rendered":"Itin\u00e9raire 2026 &#8211; Swentibold-Mars"},"content":{"rendered":"\n<div class=\"ghostkit-grid ghostkit-grid-gap-md\"><div class=\"ghostkit-grid-inner\">\n<div class=\"ghostkit-col ghostkit-col-lg-12 ghostkit-col-1 is-layout-flow wp-block-ghostkit-grid-column-is-layout-flow\"><div class=\"ghostkit-col-content\"><\/div><\/div>\n\n\n\n<div class=\"ghostkit-col ghostkit-col-lg-12 ghostkit-col-10\"><div class=\"ghostkit-col-content is-layout-flow wp-block-ghostkit-grid-column-is-layout-flow\">\n<h2 class=\"wp-block-heading\">Itin\u00e9raire 2026 &#8211; Swentibold-Mars<\/h2>\n\n\n\n<p><em>Derni\u00e8re mise \u00e0 jour : 12 mars 2026<\/em><\/p>\n\n\n\r\n<div class=\"blink-block empty-space empty-space--medium \" ><\/div>\n\n\n<h3 class=\"wp-block-heading\">D\u00c9PART : Oude Markt, Sittard<\/h3>\n\n\n\n<p>\u00c0 gauche (= Kloosterplein), \u00e0 50\u00a0m \u00e0 droite (= Deken Thijssenstraat), \u00e0 150\u00a0m \u00e0 gauche (= Begijnenhofstraat), au bout de la route \u00e0 droite (= Brandstraat). Au croisement Parklaan, continuez tout droit en raison de travaux, puis apr\u00e8s 50\u00a0m \u00e0 gauche (= Sjteegske). Au bout de Sjteegske (= Wilhelminastraat), traversez (= Kleine Steeg). Traversez Agricolastraat (= Steegstraat). Au bout de la route \u00e0 droite (= Ophoven). 1<sup>re<\/sup> \u00e0 droite (= Geuweg). Traversez Rijksweg Zuid (= Geuweg). Traversez la voie ferr\u00e9e puis tournez \u00e0 droite (= Seringenstraat). Au bout de la route \u00e0 gauche (= Geraniumstraat). Apr\u00e8s environ 150 m\u00e8tres, suivez le sentier sur la droite en direction du pont ferroviaire. Apr\u00e8s le pont ferroviaire, tournez \u00e0 gauche (= Bokscoulweg). Au bout de la route \u00e0 droite (= Lissabonlaan). 1<sup>re<\/sup> \u00e0 droite (= Parijsboulevard). 2<sup>e<\/sup> \u00e0 gauche (= Stockholmstraat). Aux feux de signalisation, traverser la Bergerweg (= Industriestraat). Dans lIndustriestraat, prendre la premi\u00e8re rue \u00e0 gauche (= Fischerpad). Passer sous le tunnel et tourner imm\u00e9diatement \u00e0 droite (= Steijnkuilweg). Au bout de la rue \u00e0 droite (= Leeuwerik). Continuer \u00e0 suivre cette avenue jusqu\u00e0 la fin des terres agricoles sur la gauche. Apr\u00e8s 200\u00a0m, prenez le petit sentier \u00e0 gauche. Il d\u00e9bouche sur le Ringweg \u00e0 <strong>Limbricht<\/strong> (5\u00a0km). Traversez-y et engagez-vous dans la Prof. Mentenlaan. Au bout, tournez \u00e0 droite (= Achter de Hoven) et imm\u00e9diatement de nouveau \u00e0 gauche (= Salviusstraat). Sur la Bovenstraat, tournez \u00e0 gauche et tout de suite apr\u00e8s \u00e0 droite (= Sportlaan). Sur la Sportlaan, prenez la 5<sup>e<\/sup> route \u00e0 gauche (= Klinkekoulsweg). Au bout de la route \u00e0 droite (= Limbrichterweg). \u00c0 <strong>Guttecoven<\/strong> (7\u00a0km), continuez tout droit au croisement (= Dwarsstraat, Kerkstraat). Premi\u00e8re rue \u00e0 droite (= Wijnrankenstraat) et continuez tout droit (= Veersestraat). \u00c0 la bifurcation \u00e0 droite et imm\u00e9diatement \u00e0 la bifurcation suivante \u00e0 gauche (= Rijstraat). Premi\u00e8re route \u00e0 gauche (= Rothweg). Apr\u00e8s le tunnel, tournez \u00e0 droite (= Heiveldweg). 1<sup>re<\/sup> \u00e0 gauche (= Vreebosweg). 1<sup>re<\/sup> \u00e0 droite (= Bosweg). \u00c0 <strong>Born<\/strong> (10,5\u00a0km), \u00e0 la bifurcation avec la Kempstraat et la Kerkstraat, continuez sur la Kerkstraat. 3<sup>e<\/sup> \u00e0 gauche (= Tiendstraat). Sur la Tiendstraat, 1<sup>re<\/sup> \u00e0 gauche Graaf v. Loonstraat. Au bout de la route \u00e0 droite (= Groenstraat). Au bout de la route \u00e0 gauche (= Oude Baan). Suivez cette route jusqu\u2019\u00e0 <strong>Graetheide<\/strong> (13\u00a0km). \u00c0 la sortie du village, tournez \u00e0 droite (= Schutterskampweg). Apr\u00e8s le pont, tournez \u00e0 droite (= Brugstraat). Au 2<sup>e<\/sup> croisement, tournez \u00e0 gauche (= Ecrevissestraat). 3e route \u00e0 droite (= Emmastraat, Maasstraat). Au monument, tournez \u00e0 gauche (= Dijk).                   <\/p>\n\n\n\r\n<div class=\"blink-block empty-space empty-space--medium \" ><\/div>\n\n\n<h3 class=\"wp-block-heading\">Point de ravitaillement Obbicht : Schutterijzaal, Harrecoven 27, Obbicht (16 km)<\/h3>\n\n\n\n<p>Continuez \u00e0 suivre la digue jusqu\u2019\u00e0 <strong>Grevenbicht<\/strong> (17,5 km) au niveau de la Maaskoul. Ici, tournez \u00e0 droite (= Pannesheuvel) et imm\u00e9diatement \u00e0 gauche (= Steenweg, Staai). Prenez la 2e rue \u00e0 droite (= Merker-Eyckstraat). Ensuite, tournez \u00e0 gauche (= Op de Coul). Apr\u00e8s le num\u00e9ro 20, tournez \u00e0 droite (= Ruijtersweg). \u00c0 la patte d\u2019oie, tenez la droite (= Lookerweg) et au croisement, tournez \u00e0 gauche (= Ruitersdijk). <strong>Suivez<\/strong> la digue jusqu\u2019\u00e0 <strong>Illikhoven<\/strong> (21 km). Ici, tournez \u00e0 gauche (= Illikhoven). Passez devant \u2019t Maashuuske, tournez bri\u00e8vement \u00e0 gauche (= Vissersweert) et avant le viaduc, tenez la droite (= Ruitersdijk). Au bout de la Ruitersdijk, tournez \u00e0 droite (= Kokkelertstraat). Traversez la Maaseikerweg et tournez \u00e0 droite sur la piste cyclable direction <strong>Roosteren<\/strong> (24,5 km). Prenez la 1<sup>re<\/sup> rue \u00e0 gauche (= Op de Kampes, Eykholtstraat). Au bout de la rue, tournez \u00e0 gauche (= Maasheuvel). \u00c0 partir d\u2019ici, l\u2019itin\u00e9raire rejoint celui de la Kennedy-Mars. Prenez la premi\u00e8re rue \u00e0 droite (= Schettereind). Sur la route prioritaire, tournez \u00e0 gauche (= Kasteel ter Borchstraat, Maaseikerweg). \u00c0 <strong>Dieteren<\/strong>, prenez imm\u00e9diatement la premi\u00e8re rue (ferm\u00e9e) \u00e0 gauche (= Roosterderweg). Au bout de la rue, tournez \u00e0 droite (= Kerkstraat) et imm\u00e9diatement \u00e0 gauche (= Vleutstraat).               <\/p>\n\n\n\r\n<div class=\"blink-block empty-space empty-space--medium \" ><\/div>\n\n\n<h3 class=\"wp-block-heading\">Point de ravitaillement Dieteren : Maison communautaire De Koppel, Vleutstr. 22 (27 km) <\/h3>\n\n\n\n<p>Deux fois \u00e0 droite (= Louerstraat). Par le petit tunnel, 1<sup>re<\/sup> \u00e0 droite (= Chris Plitscherlaan). Apr\u00e8s l&rsquo;aire de jeux \u00e0 gauche (= Posterholtlaan) puis 3<sup>e<\/sup> \u00e0 gauche (= Schutterslaantje) et aussit\u00f4t \u00e0 nouveau \u00e0 gauche (= Poorterslaan). Fin de route \u00e0 droite (= Louerstraat) jusqu&rsquo;\u00e0 la Oude Rijksweg \u00e0 <strong>Susteren<\/strong> (28 km) \u00e0 droite. Traverser la Oude Rijksweg \u00e0 hauteur de la Swentiboldstraat et depuis la Swentiboldstraat, apr\u00e8s 150 m, \u00e0 droite (= Feurthstraat). La Feurthstraat devient la Marktstraat, continuer \u00e0 suivre. Fin de Markt \u00e0 gauche (= Salvatorstraat). Au carrefour, tout droit jusqu&rsquo;\u00e0 la Salvatorplein. \u00c0 droite le long de l&rsquo;\u00e9glise (= Relindisstraat, Op de Wallen, Abdijlaan). Troisi\u00e8me route \u00e0 droite (= Molenveldweg). Deuxi\u00e8me route \u00e0 droite (= In de Mehre).<\/p>\n\n\n\n<p>Sur la Stationsstraat \u00e0 droite et apr\u00e8s le passage \u00e0 niveau sur la piste cyclable direction Nieuwstadt. <\/p>\n\n\n\n<p>\u00c0 <strong>Nieuwstadt<\/strong> (33 km), premi\u00e8re rue \u00e0 droite (= Grachtstraat). 2e route \u00e0 gauche (= Susterderpoort). 2e rue \u00e0 gauche (= Markt) et imm\u00e9diatement \u00e0 droite, fin de Markt \u00e0 gauche (= Haverterstraat) et 2e route \u00e0 droite (= Haverterpoort \/ Sint Maartenswal). Fin de rue \u00e0 droite (= Hoofdstraat) puis \u00e0 gauche pr\u00e8s de la station-service (= Millenerpoort). Sur la route prioritaire \u00e0 droite (= Op de Brug, Sittarderweg, Nusterweg).    <\/p>\n\n\n\n<p>\u00c0 <strong>Sittard<\/strong>, aux feux de signalisation \u00e0 droite (= Dr. Nolenslaan). Traverser \u00e0 hauteur de Heuts Automaterialen puis \u00e0 gauche (= Rijksweg Noord) et suivre la piste cyclable \u00e0 gauche. Apr\u00e8s le rond-point, 2<sup>e<\/sup> route \u00e0 gauche (= Heistraat, Overhoven). Pr\u00e8s du centre de quartier Oos Kaar (= Heistraat), serrer \u00e0 droite (= Heistraat, Overhoven). Traverser la fin de la route \u00e0 gauche (= Odasingel). Continuer sur Odasingel jusqu&rsquo;\u00e0 la Haspelsestraat, ici \u00e0 droite puis traverser la Haspelsestraat \u00e0 gauche (= Lank Getske). Pr\u00e8s du Rosaflat \u00e0 droite (= Kerkepad) puis \u00e0 gauche (= Achter Fort Picard). Fin du sentier \u00e0 droite (= Paardestraat). Fin de rue \u00e0 droite (= Putstraat, Markt). Arriv\u00e9e.         <\/p>\n\n\n\r\n<div class=\"blink-block empty-space empty-space--medium \" ><\/div>\n\n\r\n<div class=\"eye-block eye-card bg--green \">\r\n    <div class=\"card-inner padding-large\">\r\n        <div class=\"acf-innerblocks-container\">\n\n<h2 class=\"wp-block-heading m-0\">T\u00e9l\u00e9chargez <a href=\"https:\/\/kennedymars.org\/wp-content\/uploads\/2026\/03\/routebeschrijving-swentibold-mars-printversie.pdf\" data-type=\"link\" data-id=\"https:\/\/kennedymars.org\/wp-content\/uploads\/2026\/03\/routebeschrijving-swentibold-mars-printversie.pdf\" target=\"_blank\" rel=\"noreferrer noopener\">ici<\/a> la version imprimable<\/h2>\n\n<\/div>\r\n    <\/div>\r\n<\/div><\/div><\/div>\n\n\n\n<div class=\"ghostkit-col ghostkit-col-lg-12 ghostkit-col-1 is-layout-flow wp-block-ghostkit-grid-column-is-layout-flow\"><div class=\"ghostkit-col-content\"><\/div><\/div>\n<\/div><\/div>\n\r\n<div class=\"blink-block empty-space empty-space--large \" ><\/div>","protected":false},"excerpt":{"rendered":"","protected":false},"author":1,"featured_media":0,"parent":0,"menu_order":0,"comment_status":"closed","ping_status":"closed","template":"","meta":{"_acf_changed":false,"ghostkit_customizer_options":"","ghostkit_custom_css":"","ghostkit_custom_js_head":"","ghostkit_custom_js_foot":"","ghostkit_typography":"","ep_exclude_from_search":false,"footnotes":""},"class_list":["post-1658","page","type-page","status-publish","hentry"],"acf":[],"yoast_head":"<!-- This site is optimized with the Yoast SEO plugin v27.2 - https:\/\/yoast.com\/product\/yoast-seo-wordpress\/ -->\n<title>Itin\u00e9raire 2026 - Swentibold-Mars - Kennedy-Mars Sittard<\/title>\n<meta name=\"robots\" content=\"index, follow, max-snippet:-1, max-image-preview:large, max-video-preview:-1\" \/>\n<link rel=\"canonical\" href=\"https:\/\/kennedymars.org\/fr\/itineraire-2026-swentibold-mars\/\" \/>\n<meta property=\"og:locale\" content=\"fr_FR\" \/>\n<meta property=\"og:type\" content=\"article\" \/>\n<meta property=\"og:title\" content=\"Itin\u00e9raire 2026 - Swentibold-Mars - Kennedy-Mars Sittard\" \/>\n<meta property=\"og:url\" content=\"https:\/\/kennedymars.org\/fr\/itineraire-2026-swentibold-mars\/\" \/>\n<meta property=\"og:site_name\" content=\"Kennedy-Mars Sittard\" \/>\n<meta property=\"article:publisher\" content=\"https:\/\/www.facebook.com\/KennedyMarsSittard\" \/>\n<meta property=\"article:modified_time\" content=\"2026-03-24T13:13:49+00:00\" \/>\n<meta name=\"twitter:card\" content=\"summary_large_image\" \/>\n<meta name=\"twitter:label1\" content=\"Dur\u00e9e de lecture estim\u00e9e\" \/>\n\t<meta name=\"twitter:data1\" content=\"4 minutes\" \/>\n<script type=\"application\/ld+json\" class=\"yoast-schema-graph\">{\"@context\":\"https:\/\/schema.org\",\"@graph\":[{\"@type\":\"WebPage\",\"@id\":\"https:\/\/kennedymars.org\/fr\/itineraire-2026-swentibold-mars\/\",\"url\":\"https:\/\/kennedymars.org\/fr\/itineraire-2026-swentibold-mars\/\",\"name\":\"Itin\u00e9raire 2026 - Swentibold-Mars - Kennedy-Mars Sittard\",\"isPartOf\":{\"@id\":\"https:\/\/kennedymars.org\/#website\"},\"datePublished\":\"2026-03-16T09:26:09+00:00\",\"dateModified\":\"2026-03-24T13:13:49+00:00\",\"breadcrumb\":{\"@id\":\"https:\/\/kennedymars.org\/fr\/itineraire-2026-swentibold-mars\/#breadcrumb\"},\"inLanguage\":\"fr-FR\",\"potentialAction\":[{\"@type\":\"ReadAction\",\"target\":[\"https:\/\/kennedymars.org\/fr\/itineraire-2026-swentibold-mars\/\"]}]},{\"@type\":\"BreadcrumbList\",\"@id\":\"https:\/\/kennedymars.org\/fr\/itineraire-2026-swentibold-mars\/#breadcrumb\",\"itemListElement\":[{\"@type\":\"ListItem\",\"position\":1,\"name\":\"Home\",\"item\":\"https:\/\/kennedymars.org\/fr\/\"},{\"@type\":\"ListItem\",\"position\":2,\"name\":\"Itin\u00e9raire 2026 &#8211; Swentibold-Mars\"}]},{\"@type\":\"WebSite\",\"@id\":\"https:\/\/kennedymars.org\/#website\",\"url\":\"https:\/\/kennedymars.org\/\",\"name\":\"Kennedy-Mars Sittard\",\"description\":\"\",\"publisher\":{\"@id\":\"https:\/\/kennedymars.org\/#organization\"},\"potentialAction\":[{\"@type\":\"SearchAction\",\"target\":{\"@type\":\"EntryPoint\",\"urlTemplate\":\"https:\/\/kennedymars.org\/?s={search_term_string}\"},\"query-input\":{\"@type\":\"PropertyValueSpecification\",\"valueRequired\":true,\"valueName\":\"search_term_string\"}}],\"inLanguage\":\"fr-FR\"},{\"@type\":\"Organization\",\"@id\":\"https:\/\/kennedymars.org\/#organization\",\"name\":\"Kennedy-Mars Sittard\",\"url\":\"https:\/\/kennedymars.org\/\",\"logo\":{\"@type\":\"ImageObject\",\"inLanguage\":\"fr-FR\",\"@id\":\"https:\/\/kennedymars.org\/#\/schema\/logo\/image\/\",\"url\":\"https:\/\/kennedymars.org\/wp-content\/uploads\/2026\/03\/KMS-logo-color.png\",\"contentUrl\":\"https:\/\/kennedymars.org\/wp-content\/uploads\/2026\/03\/KMS-logo-color.png\",\"width\":848,\"height\":254,\"caption\":\"Kennedy-Mars Sittard\"},\"image\":{\"@id\":\"https:\/\/kennedymars.org\/#\/schema\/logo\/image\/\"},\"sameAs\":[\"https:\/\/www.facebook.com\/KennedyMarsSittard\",\"https:\/\/www.instagram.com\/kennedymarssittard1963\/\"]}]}<\/script>\n<!-- \/ Yoast SEO plugin. -->","yoast_head_json":{"title":"Itin\u00e9raire 2026 - Swentibold-Mars - Kennedy-Mars Sittard","robots":{"index":"index","follow":"follow","max-snippet":"max-snippet:-1","max-image-preview":"max-image-preview:large","max-video-preview":"max-video-preview:-1"},"canonical":"https:\/\/kennedymars.org\/fr\/itineraire-2026-swentibold-mars\/","og_locale":"fr_FR","og_type":"article","og_title":"Itin\u00e9raire 2026 - Swentibold-Mars - Kennedy-Mars Sittard","og_url":"https:\/\/kennedymars.org\/fr\/itineraire-2026-swentibold-mars\/","og_site_name":"Kennedy-Mars Sittard","article_publisher":"https:\/\/www.facebook.com\/KennedyMarsSittard","article_modified_time":"2026-03-24T13:13:49+00:00","twitter_card":"summary_large_image","twitter_misc":{"Dur\u00e9e de lecture estim\u00e9e":"4 minutes"},"schema":{"@context":"https:\/\/schema.org","@graph":[{"@type":"WebPage","@id":"https:\/\/kennedymars.org\/fr\/itineraire-2026-swentibold-mars\/","url":"https:\/\/kennedymars.org\/fr\/itineraire-2026-swentibold-mars\/","name":"Itin\u00e9raire 2026 - Swentibold-Mars - Kennedy-Mars Sittard","isPartOf":{"@id":"https:\/\/kennedymars.org\/#website"},"datePublished":"2026-03-16T09:26:09+00:00","dateModified":"2026-03-24T13:13:49+00:00","breadcrumb":{"@id":"https:\/\/kennedymars.org\/fr\/itineraire-2026-swentibold-mars\/#breadcrumb"},"inLanguage":"fr-FR","potentialAction":[{"@type":"ReadAction","target":["https:\/\/kennedymars.org\/fr\/itineraire-2026-swentibold-mars\/"]}]},{"@type":"BreadcrumbList","@id":"https:\/\/kennedymars.org\/fr\/itineraire-2026-swentibold-mars\/#breadcrumb","itemListElement":[{"@type":"ListItem","position":1,"name":"Home","item":"https:\/\/kennedymars.org\/fr\/"},{"@type":"ListItem","position":2,"name":"Itin\u00e9raire 2026 &#8211; Swentibold-Mars"}]},{"@type":"WebSite","@id":"https:\/\/kennedymars.org\/#website","url":"https:\/\/kennedymars.org\/","name":"Kennedy-Mars Sittard","description":"","publisher":{"@id":"https:\/\/kennedymars.org\/#organization"},"potentialAction":[{"@type":"SearchAction","target":{"@type":"EntryPoint","urlTemplate":"https:\/\/kennedymars.org\/?s={search_term_string}"},"query-input":{"@type":"PropertyValueSpecification","valueRequired":true,"valueName":"search_term_string"}}],"inLanguage":"fr-FR"},{"@type":"Organization","@id":"https:\/\/kennedymars.org\/#organization","name":"Kennedy-Mars Sittard","url":"https:\/\/kennedymars.org\/","logo":{"@type":"ImageObject","inLanguage":"fr-FR","@id":"https:\/\/kennedymars.org\/#\/schema\/logo\/image\/","url":"https:\/\/kennedymars.org\/wp-content\/uploads\/2026\/03\/KMS-logo-color.png","contentUrl":"https:\/\/kennedymars.org\/wp-content\/uploads\/2026\/03\/KMS-logo-color.png","width":848,"height":254,"caption":"Kennedy-Mars Sittard"},"image":{"@id":"https:\/\/kennedymars.org\/#\/schema\/logo\/image\/"},"sameAs":["https:\/\/www.facebook.com\/KennedyMarsSittard","https:\/\/www.instagram.com\/kennedymarssittard1963\/"]}]}},"_links":{"self":[{"href":"https:\/\/kennedymars.org\/fr\/wp-json\/wp\/v2\/pages\/1658","targetHints":{"allow":["GET"]}}],"collection":[{"href":"https:\/\/kennedymars.org\/fr\/wp-json\/wp\/v2\/pages"}],"about":[{"href":"https:\/\/kennedymars.org\/fr\/wp-json\/wp\/v2\/types\/page"}],"author":[{"embeddable":true,"href":"https:\/\/kennedymars.org\/fr\/wp-json\/wp\/v2\/users\/1"}],"replies":[{"embeddable":true,"href":"https:\/\/kennedymars.org\/fr\/wp-json\/wp\/v2\/comments?post=1658"}],"version-history":[{"count":3,"href":"https:\/\/kennedymars.org\/fr\/wp-json\/wp\/v2\/pages\/1658\/revisions"}],"predecessor-version":[{"id":2304,"href":"https:\/\/kennedymars.org\/fr\/wp-json\/wp\/v2\/pages\/1658\/revisions\/2304"}],"wp:attachment":[{"href":"https:\/\/kennedymars.org\/fr\/wp-json\/wp\/v2\/media?parent=1658"}],"curies":[{"name":"wp","href":"https:\/\/api.w.org\/{rel}","templated":true}]}}