{"id":1648,"date":"2026-03-04T12:13:01","date_gmt":"2026-03-04T12:13:01","guid":{"rendered":"https:\/\/kennedymars.org\/benevoles\/"},"modified":"2026-03-24T13:13:49","modified_gmt":"2026-03-24T13:13:49","slug":"benevoles","status":"publish","type":"page","link":"https:\/\/kennedymars.org\/fr\/benevoles\/","title":{"rendered":"B\u00e9n\u00e9voles"},"content":{"rendered":"<div class=\"eye-block breadcrumbs-wrapper no-animation\">\r\n            <ul class=\"site-breadcrumbs\">\r\n            <li class=\"crumb\">\r\n                <a class=\"disable-line\" href=\"https:\/\/kennedymars.org\">\r\n                    <i class=\"fa-regular fa-house\"><\/i>\r\n                <\/a>\r\n            <\/li>\r\n\r\n                            <div class=\"divider\"><\/div>\r\n                <li class=\"crumb\">\r\n                    <a class=\"disable-line\" href=\"https:\/\/kennedymars.org\/fr\/benevoles\/\">\r\n                        B\u00e9n\u00e9voles                    <\/a>\r\n                <\/li>\r\n                    <\/ul>\r\n    <\/div>\n<div class=\"ghostkit-grid ghostkit-grid-gap-md ghostkit-grid-align-items-center\"><div class=\"ghostkit-grid-inner\">\n<div class=\"ghostkit-col ghostkit-col-md-12 ghostkit-col-6\"><div class=\"ghostkit-col-content is-layout-flow wp-block-ghostkit-grid-column-is-layout-flow\">\r\n<div class=\"label-container label--left no-animation\">\r\n    <div class=\"eye-block label bg--yellow\">\r\n        <div class=\"ellipse\"><\/div>\r\n                    <span class=\"label--text\">B\u00e9n\u00e9voles<\/span>\r\n            <\/div>\r\n<\/div>\r\n\n\n\n<h2 class=\"wp-block-heading\">Ensemble, nous rendons la Kennedy-Mars possible<\/h2>\n\n\n\n<p>Durant les jours pr\u00e9c\u00e9dant la marche ainsi que le jour de l\u2019\u00e9v\u00e9nement, des dizaines de personnes se mobilisent pour que tout se d\u00e9roule de mani\u00e8re fluide, s\u00fbre et conviviale. Des postes de contr\u00f4le \u00e0 l\u2019administration, de la circulation \u00e0 l\u2019accueil : sans b\u00e9n\u00e9voles, il n\u2019y aurait pas de Kennedy-Mars. <\/p>\n\n\n\r\n<div class=\"blink-block empty-space empty-space--small \" ><\/div>\n\n\n<div class=\"wp-block-group is-nowrap is-layout-flex wp-container-core-group-is-layout-ad2f72ca wp-block-group-is-layout-flex\">\r\n<div class=\"blink-element button text-start \" >\r\n            <a class=\"btn btn-primary \"\r\n           href=\"#\/\"\r\n           target=\"\">\r\n            Devenir b\u00e9n\u00e9vole        <\/a>\r\n    <\/div>\n\n\r\n<div class=\"blink-element button text-start \" >\r\n            <a class=\"btn btn-outline \"\r\n           href=\"#\/\"\r\n           target=\"\">\r\n            Contactez-nous        <\/a>\r\n    <\/div><\/div>\n<\/div><\/div>\n\n\n\n<div class=\"ghostkit-col ghostkit-col-md-12 ghostkit-col-6\"><div class=\"ghostkit-col-content is-layout-flow wp-block-ghostkit-grid-column-is-layout-flow\">\n<figure class=\"wp-block-image size-full img-rounded-corners\"><img decoding=\"async\" width=\"1182\" height=\"1182\" src=\"https:\/\/kennedymars.org\/wp-content\/uploads\/2026\/03\/KMS-Vrijwilligers-1.jpeg\" alt=\"\" class=\"wp-image-759\" style=\"aspect-ratio:3\/2;object-fit:cover\" srcset=\"https:\/\/kennedymars.org\/wp-content\/uploads\/2026\/03\/KMS-Vrijwilligers-1.jpeg 1182w, https:\/\/kennedymars.org\/wp-content\/uploads\/2026\/03\/KMS-Vrijwilligers-1-300x300.jpeg 300w, https:\/\/kennedymars.org\/wp-content\/uploads\/2026\/03\/KMS-Vrijwilligers-1-1024x1024.jpeg 1024w, https:\/\/kennedymars.org\/wp-content\/uploads\/2026\/03\/KMS-Vrijwilligers-1-150x150.jpeg 150w, https:\/\/kennedymars.org\/wp-content\/uploads\/2026\/03\/KMS-Vrijwilligers-1-768x768.jpeg 768w\" sizes=\"(max-width: 1182px) 100vw, 1182px\" \/><\/figure>\n<\/div><\/div>\n<\/div><\/div>\n\r\n<div class=\"blink-block empty-space empty-space--large \" ><\/div>\n<div class=\"ghostkit-grid ghostkit-grid-gap-md\"><div class=\"ghostkit-grid-inner\">\n<div class=\"ghostkit-col ghostkit-col-lg-12 ghostkit-col-1 is-layout-flow wp-block-ghostkit-grid-column-is-layout-flow\"><div class=\"ghostkit-col-content\"><\/div><\/div>\n\n\n\n<div class=\"ghostkit-col ghostkit-col-lg-12 ghostkit-col-10\"><div class=\"ghostkit-col-content is-layout-flow wp-block-ghostkit-grid-column-is-layout-flow\">\n<div class=\"ghostkit-grid ghostkit-grid-gap-lg\"><div class=\"ghostkit-grid-inner\">\n<div class=\"ghostkit-col ghostkit-col-md-12 ghostkit-col-6\"><div class=\"ghostkit-col-content is-layout-flow wp-block-ghostkit-grid-column-is-layout-flow\">\r\n<div class=\"label-container label--left no-animation\">\r\n    <div class=\"eye-block label bg--darkblue\">\r\n        <div class=\"ellipse\"><\/div>\r\n                    <span class=\"label--text\">Pendant l\u00e9v\u00e9nement<\/span>\r\n            <\/div>\r\n<\/div>\r\n\n\n\n<h3 class=\"wp-block-heading\">B\u00e9n\u00e9vole autour du jour de la marche<\/h3>\n\n\n\n<p>Les jours pr\u00e9c\u00e9dant la marche et le jour de la marche m\u00eame, des dizaines de b\u00e9n\u00e9voles sont actifs dans des r\u00f4les vari\u00e9s.<\/p>\n\n\n\n<p>Souhaitez-vous \u00e9galement apporter votre aide ?<\/p>\n\n\n\r\n<div class=\"blink-element button text-start \" >\r\n            <a class=\"btn btn-outline \"\r\n           href=\"#\/\"\r\n           target=\"\">\r\n            Contactez-nous        <\/a>\r\n    <\/div><\/div><\/div>\n\n\n\n<div class=\"ghostkit-col ghostkit-col-md-12 ghostkit-col-6\"><div class=\"ghostkit-col-content is-layout-flow wp-block-ghostkit-grid-column-is-layout-flow\">\r\n<div class=\"eye-block eye-card bg--pastelblue \">\r\n    <div class=\"card-inner padding-medium\">\r\n        <div class=\"acf-innerblocks-container\">\n\n<ul class=\"wp-block-list\">\n<li>Contr\u00f4leur \/ Contr\u00f4leur principal<\/li>\n\n\n\n<li>Chauffeur<\/li>\n\n\n\n<li>Commissaire de t\u00eate \/ de queue<\/li>\n\n\n\n<li>Employ\u00e9 administratif<\/li>\n\n\n\n<li>Comit\u00e9 daccueil<\/li>\n\n\n\n<li>Annonceur<\/li>\n\n\n\n<li>Employ\u00e9 vente \/ info<\/li>\n\n\n\n<li>Monteur \/ nettoyeur<\/li>\n\n\n\n<li>Personnel des postes de contr\u00f4le<\/li>\n\n\n\n<li>Distribution des m\u00e9dailles<\/li>\n\n\n\n<li>Assistance lors de la Mini-Mars et de la Swentibold-Mars<\/li>\n\n\n\n<li>Assistance au d\u00e9part et \u00e0 larriv\u00e9e<\/li>\n<\/ul>\n\n<\/div>\r\n    <\/div>\r\n<\/div><\/div><\/div>\n<\/div><\/div>\n\n\n\r\n<div class=\"blink-block empty-space empty-space--large \" ><\/div>\n\n\n<div class=\"ghostkit-grid ghostkit-grid-gap-lg\"><div class=\"ghostkit-grid-inner\">\n<div class=\"ghostkit-col ghostkit-col-md-12 ghostkit-col-6\"><div class=\"ghostkit-col-content is-layout-flow wp-block-ghostkit-grid-column-is-layout-flow\">\r\n<div class=\"label-container label--left no-animation\">\r\n    <div class=\"eye-block label bg--darkblue\">\r\n        <div class=\"ellipse\"><\/div>\r\n                    <span class=\"label--text\">Groupes de travail<\/span>\r\n            <\/div>\r\n<\/div>\r\n\n\n\n<h3 class=\"wp-block-heading\">Groupes de travail<\/h3>\n\n\n\n<p>En coulisses, des groupes de travail sont actifs et contribuent \u00e0 lorganisation tout au long de lann\u00e9e.<\/p>\n<\/div><\/div>\n\n\n\n<div class=\"ghostkit-col ghostkit-col-md-12 ghostkit-col-6\"><div class=\"ghostkit-col-content is-layout-flow wp-block-ghostkit-grid-column-is-layout-flow\">\r\n<div class=\"eye-block eye-card bg--pastelblue \">\r\n    <div class=\"card-inner padding-medium\">\r\n        <div class=\"acf-innerblocks-container\">\n\n<ul class=\"wp-block-list\">\n<li>Recherche de sponsors<\/li>\n\n\n\n<li>Activit\u00e9s annexes<\/li>\n\n\n\n<li>Relations publiques<\/li>\n\n\n\n<li>Informatisation<\/li>\n<\/ul>\n\n<\/div>\r\n    <\/div>\r\n<\/div><\/div><\/div>\n<\/div><\/div>\n\n\n\r\n<div class=\"blink-block empty-space empty-space--large \" ><\/div>\n\n\n<div class=\"ghostkit-grid ghostkit-grid-gap-lg\"><div class=\"ghostkit-grid-inner\">\n<div class=\"ghostkit-col ghostkit-col-md-12 ghostkit-col-6\"><div class=\"ghostkit-col-content is-layout-flow wp-block-ghostkit-grid-column-is-layout-flow\">\r\n<div class=\"label-container label--left no-animation\">\r\n    <div class=\"eye-block label bg--darkblue\">\r\n        <div class=\"ellipse\"><\/div>\r\n                    <span class=\"label--text\">Associations<\/span>\r\n            <\/div>\r\n<\/div>\r\n\n\n\n<h3 class=\"wp-block-heading\">En collaboration avec des associations<\/h3>\n\n\n\n<p>En plus des b\u00e9n\u00e9voles individuels, la fondation collabore avec diverses associations.<\/p>\n<\/div><\/div>\n\n\n\n<div class=\"ghostkit-col ghostkit-col-md-12 ghostkit-col-6\"><div class=\"ghostkit-col-content is-layout-flow wp-block-ghostkit-grid-column-is-layout-flow\">\r\n<div class=\"eye-block eye-card bg--pastelblue \">\r\n    <div class=\"card-inner padding-medium\">\r\n        <div class=\"acf-innerblocks-container\">\n\n<ul class=\"wp-block-list\">\n<li>Personnel des postes de la Croix-Rouge<\/li>\n\n\n\n<li>Postes de massage<\/li>\n\n\n\n<li>Cat\u00e9gorie comp\u00e9tition<\/li>\n\n\n\n<li>R\u00e9gulation de la circulation<\/li>\n\n\n\n<li>Assistance Mini-  Swentibold-Mars<\/li>\n\n\n\n<li>Soutien au d\u00e9part et \u00e0 lrsquo;arriv\u00e9e<\/li>\n\n\n\n<li>\u00c9quipe de nettoyage<\/li>\n<\/ul>\n\n<\/div>\r\n    <\/div>\r\n<\/div><\/div><\/div>\n<\/div><\/div>\n<\/div><\/div>\n\n\n\n<div class=\"ghostkit-col ghostkit-col-lg-12 ghostkit-col-1 is-layout-flow wp-block-ghostkit-grid-column-is-layout-flow\"><div class=\"ghostkit-col-content\"><\/div><\/div>\n<\/div><\/div>\n\r\n<div class=\"blink-block empty-space empty-space--large \" ><\/div>\r\n<div class=\"eye-block eye-card bg--darkblue \">\r\n    <div class=\"card-inner padding-large\">\r\n        <div class=\"acf-innerblocks-container\">\n\n<h2 class=\"wp-block-heading\">Souhaitez-vous \u00e9galement contribuer \u00e0 l\u2019organisation de la plus ancienne Kennedy-Mars des Pays-Bas ? Envoyez alors un e-mail \u00e0 <a href=\"mailto:info@kennedymars.org\">info@kennedymars.org<\/a>. <\/h2>\n\n<\/div>\r\n    <\/div>\r\n<\/div>\r\n<div class=\"blink-block empty-space empty-space--large \" ><\/div>","protected":false},"excerpt":{"rendered":"","protected":false},"author":1,"featured_media":0,"parent":0,"menu_order":0,"comment_status":"closed","ping_status":"closed","template":"","meta":{"_acf_changed":false,"ghostkit_customizer_options":"","ghostkit_custom_css":"","ghostkit_custom_js_head":"","ghostkit_custom_js_foot":"","ghostkit_typography":"","ep_exclude_from_search":false,"footnotes":""},"class_list":["post-1648","page","type-page","status-publish","hentry"],"acf":[],"yoast_head":"<!-- This site is optimized with the Yoast SEO plugin v27.2 - https:\/\/yoast.com\/product\/yoast-seo-wordpress\/ -->\n<title>B\u00e9n\u00e9voles - Kennedy-Mars Sittard<\/title>\n<meta name=\"robots\" content=\"index, follow, max-snippet:-1, max-image-preview:large, max-video-preview:-1\" \/>\n<link rel=\"canonical\" href=\"https:\/\/kennedymars.org\/fr\/benevoles\/\" \/>\n<meta property=\"og:locale\" content=\"fr_FR\" \/>\n<meta property=\"og:type\" content=\"article\" \/>\n<meta property=\"og:title\" content=\"B\u00e9n\u00e9voles - Kennedy-Mars Sittard\" \/>\n<meta property=\"og:url\" content=\"https:\/\/kennedymars.org\/fr\/benevoles\/\" \/>\n<meta property=\"og:site_name\" content=\"Kennedy-Mars Sittard\" \/>\n<meta property=\"article:publisher\" content=\"https:\/\/www.facebook.com\/KennedyMarsSittard\" \/>\n<meta property=\"article:modified_time\" content=\"2026-03-24T13:13:49+00:00\" \/>\n<meta property=\"og:image\" content=\"https:\/\/kennedymars.org\/wp-content\/uploads\/2026\/03\/KMS-Vrijwilligers-1.jpeg\" \/>\n\t<meta property=\"og:image:width\" content=\"1182\" \/>\n\t<meta property=\"og:image:height\" content=\"1182\" \/>\n\t<meta property=\"og:image:type\" content=\"image\/jpeg\" \/>\n<meta name=\"twitter:card\" content=\"summary_large_image\" \/>\n<meta name=\"twitter:label1\" content=\"Dur\u00e9e de lecture estim\u00e9e\" \/>\n\t<meta name=\"twitter:data1\" content=\"1 minute\" \/>\n<script type=\"application\/ld+json\" class=\"yoast-schema-graph\">{\"@context\":\"https:\/\/schema.org\",\"@graph\":[{\"@type\":\"WebPage\",\"@id\":\"https:\/\/kennedymars.org\/fr\/benevoles\/\",\"url\":\"https:\/\/kennedymars.org\/fr\/benevoles\/\",\"name\":\"B\u00e9n\u00e9voles - Kennedy-Mars Sittard\",\"isPartOf\":{\"@id\":\"https:\/\/kennedymars.org\/#website\"},\"primaryImageOfPage\":{\"@id\":\"https:\/\/kennedymars.org\/fr\/benevoles\/#primaryimage\"},\"image\":{\"@id\":\"https:\/\/kennedymars.org\/fr\/benevoles\/#primaryimage\"},\"thumbnailUrl\":\"https:\/\/kennedymars.org\/wp-content\/uploads\/2026\/03\/KMS-Vrijwilligers-1.jpeg\",\"datePublished\":\"2026-03-04T12:13:01+00:00\",\"dateModified\":\"2026-03-24T13:13:49+00:00\",\"breadcrumb\":{\"@id\":\"https:\/\/kennedymars.org\/fr\/benevoles\/#breadcrumb\"},\"inLanguage\":\"fr-FR\",\"potentialAction\":[{\"@type\":\"ReadAction\",\"target\":[\"https:\/\/kennedymars.org\/fr\/benevoles\/\"]}]},{\"@type\":\"ImageObject\",\"inLanguage\":\"fr-FR\",\"@id\":\"https:\/\/kennedymars.org\/fr\/benevoles\/#primaryimage\",\"url\":\"https:\/\/kennedymars.org\/wp-content\/uploads\/2026\/03\/KMS-Vrijwilligers-1.jpeg\",\"contentUrl\":\"https:\/\/kennedymars.org\/wp-content\/uploads\/2026\/03\/KMS-Vrijwilligers-1.jpeg\"},{\"@type\":\"BreadcrumbList\",\"@id\":\"https:\/\/kennedymars.org\/fr\/benevoles\/#breadcrumb\",\"itemListElement\":[{\"@type\":\"ListItem\",\"position\":1,\"name\":\"Home\",\"item\":\"https:\/\/kennedymars.org\/fr\/\"},{\"@type\":\"ListItem\",\"position\":2,\"name\":\"B\u00e9n\u00e9voles\"}]},{\"@type\":\"WebSite\",\"@id\":\"https:\/\/kennedymars.org\/#website\",\"url\":\"https:\/\/kennedymars.org\/\",\"name\":\"Kennedy-Mars Sittard\",\"description\":\"\",\"publisher\":{\"@id\":\"https:\/\/kennedymars.org\/#organization\"},\"potentialAction\":[{\"@type\":\"SearchAction\",\"target\":{\"@type\":\"EntryPoint\",\"urlTemplate\":\"https:\/\/kennedymars.org\/?s={search_term_string}\"},\"query-input\":{\"@type\":\"PropertyValueSpecification\",\"valueRequired\":true,\"valueName\":\"search_term_string\"}}],\"inLanguage\":\"fr-FR\"},{\"@type\":\"Organization\",\"@id\":\"https:\/\/kennedymars.org\/#organization\",\"name\":\"Kennedy-Mars Sittard\",\"url\":\"https:\/\/kennedymars.org\/\",\"logo\":{\"@type\":\"ImageObject\",\"inLanguage\":\"fr-FR\",\"@id\":\"https:\/\/kennedymars.org\/#\/schema\/logo\/image\/\",\"url\":\"https:\/\/kennedymars.org\/wp-content\/uploads\/2026\/03\/KMS-logo-color.png\",\"contentUrl\":\"https:\/\/kennedymars.org\/wp-content\/uploads\/2026\/03\/KMS-logo-color.png\",\"width\":848,\"height\":254,\"caption\":\"Kennedy-Mars Sittard\"},\"image\":{\"@id\":\"https:\/\/kennedymars.org\/#\/schema\/logo\/image\/\"},\"sameAs\":[\"https:\/\/www.facebook.com\/KennedyMarsSittard\",\"https:\/\/www.instagram.com\/kennedymarssittard1963\/\"]}]}<\/script>\n<!-- \/ Yoast SEO plugin. -->","yoast_head_json":{"title":"B\u00e9n\u00e9voles - Kennedy-Mars Sittard","robots":{"index":"index","follow":"follow","max-snippet":"max-snippet:-1","max-image-preview":"max-image-preview:large","max-video-preview":"max-video-preview:-1"},"canonical":"https:\/\/kennedymars.org\/fr\/benevoles\/","og_locale":"fr_FR","og_type":"article","og_title":"B\u00e9n\u00e9voles - Kennedy-Mars Sittard","og_url":"https:\/\/kennedymars.org\/fr\/benevoles\/","og_site_name":"Kennedy-Mars Sittard","article_publisher":"https:\/\/www.facebook.com\/KennedyMarsSittard","article_modified_time":"2026-03-24T13:13:49+00:00","og_image":[{"width":1182,"height":1182,"url":"https:\/\/kennedymars.org\/wp-content\/uploads\/2026\/03\/KMS-Vrijwilligers-1.jpeg","type":"image\/jpeg"}],"twitter_card":"summary_large_image","twitter_misc":{"Dur\u00e9e de lecture estim\u00e9e":"1 minute"},"schema":{"@context":"https:\/\/schema.org","@graph":[{"@type":"WebPage","@id":"https:\/\/kennedymars.org\/fr\/benevoles\/","url":"https:\/\/kennedymars.org\/fr\/benevoles\/","name":"B\u00e9n\u00e9voles - Kennedy-Mars Sittard","isPartOf":{"@id":"https:\/\/kennedymars.org\/#website"},"primaryImageOfPage":{"@id":"https:\/\/kennedymars.org\/fr\/benevoles\/#primaryimage"},"image":{"@id":"https:\/\/kennedymars.org\/fr\/benevoles\/#primaryimage"},"thumbnailUrl":"https:\/\/kennedymars.org\/wp-content\/uploads\/2026\/03\/KMS-Vrijwilligers-1.jpeg","datePublished":"2026-03-04T12:13:01+00:00","dateModified":"2026-03-24T13:13:49+00:00","breadcrumb":{"@id":"https:\/\/kennedymars.org\/fr\/benevoles\/#breadcrumb"},"inLanguage":"fr-FR","potentialAction":[{"@type":"ReadAction","target":["https:\/\/kennedymars.org\/fr\/benevoles\/"]}]},{"@type":"ImageObject","inLanguage":"fr-FR","@id":"https:\/\/kennedymars.org\/fr\/benevoles\/#primaryimage","url":"https:\/\/kennedymars.org\/wp-content\/uploads\/2026\/03\/KMS-Vrijwilligers-1.jpeg","contentUrl":"https:\/\/kennedymars.org\/wp-content\/uploads\/2026\/03\/KMS-Vrijwilligers-1.jpeg"},{"@type":"BreadcrumbList","@id":"https:\/\/kennedymars.org\/fr\/benevoles\/#breadcrumb","itemListElement":[{"@type":"ListItem","position":1,"name":"Home","item":"https:\/\/kennedymars.org\/fr\/"},{"@type":"ListItem","position":2,"name":"B\u00e9n\u00e9voles"}]},{"@type":"WebSite","@id":"https:\/\/kennedymars.org\/#website","url":"https:\/\/kennedymars.org\/","name":"Kennedy-Mars Sittard","description":"","publisher":{"@id":"https:\/\/kennedymars.org\/#organization"},"potentialAction":[{"@type":"SearchAction","target":{"@type":"EntryPoint","urlTemplate":"https:\/\/kennedymars.org\/?s={search_term_string}"},"query-input":{"@type":"PropertyValueSpecification","valueRequired":true,"valueName":"search_term_string"}}],"inLanguage":"fr-FR"},{"@type":"Organization","@id":"https:\/\/kennedymars.org\/#organization","name":"Kennedy-Mars Sittard","url":"https:\/\/kennedymars.org\/","logo":{"@type":"ImageObject","inLanguage":"fr-FR","@id":"https:\/\/kennedymars.org\/#\/schema\/logo\/image\/","url":"https:\/\/kennedymars.org\/wp-content\/uploads\/2026\/03\/KMS-logo-color.png","contentUrl":"https:\/\/kennedymars.org\/wp-content\/uploads\/2026\/03\/KMS-logo-color.png","width":848,"height":254,"caption":"Kennedy-Mars Sittard"},"image":{"@id":"https:\/\/kennedymars.org\/#\/schema\/logo\/image\/"},"sameAs":["https:\/\/www.facebook.com\/KennedyMarsSittard","https:\/\/www.instagram.com\/kennedymarssittard1963\/"]}]}},"_links":{"self":[{"href":"https:\/\/kennedymars.org\/fr\/wp-json\/wp\/v2\/pages\/1648","targetHints":{"allow":["GET"]}}],"collection":[{"href":"https:\/\/kennedymars.org\/fr\/wp-json\/wp\/v2\/pages"}],"about":[{"href":"https:\/\/kennedymars.org\/fr\/wp-json\/wp\/v2\/types\/page"}],"author":[{"embeddable":true,"href":"https:\/\/kennedymars.org\/fr\/wp-json\/wp\/v2\/users\/1"}],"replies":[{"embeddable":true,"href":"https:\/\/kennedymars.org\/fr\/wp-json\/wp\/v2\/comments?post=1648"}],"version-history":[{"count":3,"href":"https:\/\/kennedymars.org\/fr\/wp-json\/wp\/v2\/pages\/1648\/revisions"}],"predecessor-version":[{"id":2290,"href":"https:\/\/kennedymars.org\/fr\/wp-json\/wp\/v2\/pages\/1648\/revisions\/2290"}],"wp:attachment":[{"href":"https:\/\/kennedymars.org\/fr\/wp-json\/wp\/v2\/media?parent=1648"}],"curies":[{"name":"wp","href":"https:\/\/api.w.org\/{rel}","templated":true}]}}