{"id":1636,"date":"2026-03-04T12:12:53","date_gmt":"2026-03-04T12:12:53","guid":{"rendered":"https:\/\/kennedymars.org\/historique\/"},"modified":"2026-03-24T13:13:42","modified_gmt":"2026-03-24T13:13:42","slug":"historique","status":"publish","type":"page","link":"https:\/\/kennedymars.org\/fr\/historique\/","title":{"rendered":"Historique"},"content":{"rendered":"<div class=\"eye-block breadcrumbs-wrapper no-animation\">\r\n            <ul class=\"site-breadcrumbs\">\r\n            <li class=\"crumb\">\r\n                <a class=\"disable-line\" href=\"https:\/\/kennedymars.org\">\r\n                    <i class=\"fa-regular fa-house\"><\/i>\r\n                <\/a>\r\n            <\/li>\r\n\r\n                            <div class=\"divider\"><\/div>\r\n                <li class=\"crumb\">\r\n                    <a class=\"disable-line\" href=\"https:\/\/kennedymars.org\/fr\/historique\/\">\r\n                        Historique                    <\/a>\r\n                <\/li>\r\n                    <\/ul>\r\n    <\/div>\r\n<div class=\"blink-block empty-space empty-space--medium \" ><\/div>\r\n<div class=\"eye-block timeline\">\r\n    <div class=\"timeline--intro\">\r\n        <div class=\"label bg--green\">\r\n            <span class=\"label--text\">Histoire<\/span>\r\n        <\/div>\r\n        <div class=\"row\">\r\n            <div class=\"col-12 col-md-6\">\r\n                                    <h2 class=\"timeline--title\">La riche histoire de la Kennedy-Mars de Sittard<\/h2>\r\n                            <\/div>\r\n            <div class=\"col-12 col-md-6\">\r\n                                    <p class=\"timeline--intro-text\">La Kennedy-Mars poss\u00e8de une longue et impressionnante histoire qui remonte aux premi\u00e8res ann\u00e9es de l\u2019\u00e9v\u00e9nement. Ce qui a commenc\u00e9 comme un d\u00e9fi sportif est devenu une tradition solidement ancr\u00e9e o\u00f9 la pers\u00e9v\u00e9rance, la discipline et la solidarit\u00e9 occupent une place centrale.<\/p>\r\n                                            <\/div>\r\n        <\/div>\r\n    <\/div>\r\n    <div class=\"timeline--events\">\r\n        <div class=\"swiper-buttons\">\r\n            <div class=\"swiper-button-prev\">\r\n                <i class=\"fa-solid fa-arrow-left-long\"><\/i>\r\n            <\/div>\r\n            <div class=\"swiper-button-next\">\r\n                <i class=\"fa-solid fa-arrow-right-long\"><\/i>\r\n            <\/div>\r\n        <\/div>\r\n        <div class=\"swiper\">\r\n            <div class=\"swiper-wrapper\">\r\n                                                            <div class=\"swiper-slide\">\r\n                            <div class=\"timeline--event top\">\r\n                                                                    <img decoding=\"async\" src=\"https:\/\/kennedymars.org\/wp-content\/uploads\/2026\/02\/TR-at-Sagamore-Hill.jpg\"\r\n                                         alt=\"\" class=\"event-image\">\r\n                                                                <div class=\"event--content\">\r\n                                    <div class=\"event-year\">1908<\/div>\r\n                                    <div class=\"event-text\">Theodore Roosevelt d\u00e9cr\u00e8te que les officiers doivent \u00eatre capables de parcourir 80 kilom\u00e8tres en moins de 20 heures.<\/div>\r\n                                <\/div>\r\n                            <\/div>\r\n                        <\/div>\r\n                                            <div class=\"swiper-slide\">\r\n                            <div class=\"timeline--event bottom\">\r\n                                                                    <img decoding=\"async\" src=\"https:\/\/kennedymars.org\/wp-content\/uploads\/2026\/02\/gettyimages-97347150.avif\"\r\n                                         alt=\"\" class=\"event-image\">\r\n                                                                <div class=\"event--content\">\r\n                                    <div class=\"event-year\">1963<\/div>\r\n                                    <div class=\"event-text\">Le pr\u00e9sident John F. Kennedy se demande si cette performance est encore r\u00e9alisable \u00e0 l\u00e9poque moderne.<\/div>\r\n                                <\/div>\r\n                            <\/div>\r\n                        <\/div>\r\n                                            <div class=\"swiper-slide\">\r\n                            <div class=\"timeline--event top\">\r\n                                                                    <img decoding=\"async\" src=\"https:\/\/kennedymars.org\/wp-content\/uploads\/2026\/02\/Rectangle-67.png\"\r\n                                         alt=\"\" class=\"event-image\">\r\n                                                                <div class=\"event--content\">\r\n                                    <div class=\"event-year\">1963<\/div>\r\n                                    <div class=\"event-text\">Robert Kennedy termine le parcours en 17 heures et 50 minutes, d\u00e9clenchant un engouement mondial.<\/div>\r\n                                <\/div>\r\n                            <\/div>\r\n                        <\/div>\r\n                                            <div class=\"swiper-slide\">\r\n                            <div class=\"timeline--event bottom\">\r\n                                                                    <img decoding=\"async\" src=\"https:\/\/kennedymars.org\/wp-content\/uploads\/2026\/02\/Rectangle-68.png\"\r\n                                         alt=\"\" class=\"event-image\">\r\n                                                                <div class=\"event--content\">\r\n                                    <div class=\"event-year\">1963<\/div>\r\n                                    <div class=\"event-text\">La premi\u00e8re Kennedy-Mars est parcourue \u00e0 Sittard par onze jeunes<\/div>\r\n                                <\/div>\r\n                            <\/div>\r\n                        <\/div>\r\n                                            <div class=\"swiper-slide\">\r\n                            <div class=\"timeline--event top\">\r\n                                                                    <img decoding=\"async\" src=\"https:\/\/kennedymars.org\/wp-content\/uploads\/2026\/02\/Rectangle-69.png\"\r\n                                         alt=\"\" class=\"event-image\">\r\n                                                                <div class=\"event--content\">\r\n                                    <div class=\"event-year\">1964<\/div>\r\n                                    <div class=\"event-text\">D\u00e9cision d\u2019organiser la Kennedy-Mars chaque ann\u00e9e<\/div>\r\n                                <\/div>\r\n                            <\/div>\r\n                        <\/div>\r\n                                                <\/div>\r\n        <\/div>\r\n        <div class=\"timeline-line\"><\/div>\r\n    <\/div>\r\n<\/div>\r\n\r\n<script>\r\n    document.addEventListener('DOMContentLoaded', function () {\r\n\r\n        const timelineSwiper = new Swiper('.timeline .swiper', {\r\n            slidesPerView: 1,\r\n            spaceBetween: 100,\r\n            grabCursor: true,\r\n            touchEventsTarget: 'container',\r\n            breakpoints: {\r\n                768: {\r\n                    slidesPerView: 2,\r\n                    spaceBetween: 120,\r\n                },\r\n                992: {\r\n                    slidesPerView: 3,\r\n                    spaceBetween: 150,\r\n                },\r\n            },\r\n            navigation: {\r\n                nextEl: '.timeline .swiper-button-next',\r\n                prevEl: '.timeline .swiper-button-prev',\r\n            },\r\n        });\r\n\r\n        function addSwipeScaleEffect(swiperInstance) {\r\n\r\n            swiperInstance.on('touchStart', () => {\r\n                gsap.to(swiperInstance.slides, {\r\n                    scale: 0.93,\r\n                    duration: 0.2,\r\n                    ease: 'power2.out'\r\n                });\r\n            });\r\n\r\n            swiperInstance.on('touchEnd', () => {\r\n                gsap.to(swiperInstance.slides, {\r\n                    scale: 1,\r\n                    duration: 0.35,\r\n                    ease: 'power3.out'\r\n                });\r\n            });\r\n\r\n            swiperInstance.on('transitionEnd', () => {\r\n                gsap.to(swiperInstance.slides, {\r\n                    scale: 1,\r\n                    duration: 0.2,\r\n                    ease: 'power2.out'\r\n                });\r\n            });\r\n\r\n        }\r\n\r\n        addSwipeScaleEffect(timelineSwiper);\r\n\r\n    });\r\n<\/script>\r\n<div class=\"blink-block empty-space empty-space--large \" ><\/div>","protected":false},"excerpt":{"rendered":"","protected":false},"author":1,"featured_media":0,"parent":0,"menu_order":0,"comment_status":"closed","ping_status":"closed","template":"","meta":{"_acf_changed":false,"ghostkit_customizer_options":"","ghostkit_custom_css":"","ghostkit_custom_js_head":"","ghostkit_custom_js_foot":"","ghostkit_typography":"","ep_exclude_from_search":false,"footnotes":""},"class_list":["post-1636","page","type-page","status-publish","hentry"],"acf":[],"yoast_head":"<!-- This site is optimized with the Yoast SEO plugin v27.2 - https:\/\/yoast.com\/product\/yoast-seo-wordpress\/ -->\n<title>Historique - Kennedy-Mars Sittard<\/title>\n<meta name=\"robots\" content=\"index, follow, max-snippet:-1, max-image-preview:large, max-video-preview:-1\" \/>\n<link rel=\"canonical\" href=\"https:\/\/kennedymars.org\/fr\/historique\/\" \/>\n<meta property=\"og:locale\" content=\"fr_FR\" \/>\n<meta property=\"og:type\" content=\"article\" \/>\n<meta property=\"og:title\" content=\"Historique - Kennedy-Mars Sittard\" \/>\n<meta property=\"og:url\" content=\"https:\/\/kennedymars.org\/fr\/historique\/\" \/>\n<meta property=\"og:site_name\" content=\"Kennedy-Mars Sittard\" \/>\n<meta property=\"article:publisher\" content=\"https:\/\/www.facebook.com\/KennedyMarsSittard\" \/>\n<meta property=\"article:modified_time\" content=\"2026-03-24T13:13:42+00:00\" \/>\n<meta name=\"twitter:card\" content=\"summary_large_image\" \/>\n<script type=\"application\/ld+json\" class=\"yoast-schema-graph\">{\"@context\":\"https:\/\/schema.org\",\"@graph\":[{\"@type\":\"WebPage\",\"@id\":\"https:\/\/kennedymars.org\/fr\/historique\/\",\"url\":\"https:\/\/kennedymars.org\/fr\/historique\/\",\"name\":\"Historique - Kennedy-Mars Sittard\",\"isPartOf\":{\"@id\":\"https:\/\/kennedymars.org\/#website\"},\"datePublished\":\"2026-03-04T12:12:53+00:00\",\"dateModified\":\"2026-03-24T13:13:42+00:00\",\"breadcrumb\":{\"@id\":\"https:\/\/kennedymars.org\/fr\/historique\/#breadcrumb\"},\"inLanguage\":\"fr-FR\",\"potentialAction\":[{\"@type\":\"ReadAction\",\"target\":[\"https:\/\/kennedymars.org\/fr\/historique\/\"]}]},{\"@type\":\"BreadcrumbList\",\"@id\":\"https:\/\/kennedymars.org\/fr\/historique\/#breadcrumb\",\"itemListElement\":[{\"@type\":\"ListItem\",\"position\":1,\"name\":\"Home\",\"item\":\"https:\/\/kennedymars.org\/fr\/\"},{\"@type\":\"ListItem\",\"position\":2,\"name\":\"Historique\"}]},{\"@type\":\"WebSite\",\"@id\":\"https:\/\/kennedymars.org\/#website\",\"url\":\"https:\/\/kennedymars.org\/\",\"name\":\"Kennedy-Mars Sittard\",\"description\":\"\",\"publisher\":{\"@id\":\"https:\/\/kennedymars.org\/#organization\"},\"potentialAction\":[{\"@type\":\"SearchAction\",\"target\":{\"@type\":\"EntryPoint\",\"urlTemplate\":\"https:\/\/kennedymars.org\/?s={search_term_string}\"},\"query-input\":{\"@type\":\"PropertyValueSpecification\",\"valueRequired\":true,\"valueName\":\"search_term_string\"}}],\"inLanguage\":\"fr-FR\"},{\"@type\":\"Organization\",\"@id\":\"https:\/\/kennedymars.org\/#organization\",\"name\":\"Kennedy-Mars Sittard\",\"url\":\"https:\/\/kennedymars.org\/\",\"logo\":{\"@type\":\"ImageObject\",\"inLanguage\":\"fr-FR\",\"@id\":\"https:\/\/kennedymars.org\/#\/schema\/logo\/image\/\",\"url\":\"https:\/\/kennedymars.org\/wp-content\/uploads\/2026\/03\/KMS-logo-color.png\",\"contentUrl\":\"https:\/\/kennedymars.org\/wp-content\/uploads\/2026\/03\/KMS-logo-color.png\",\"width\":848,\"height\":254,\"caption\":\"Kennedy-Mars Sittard\"},\"image\":{\"@id\":\"https:\/\/kennedymars.org\/#\/schema\/logo\/image\/\"},\"sameAs\":[\"https:\/\/www.facebook.com\/KennedyMarsSittard\",\"https:\/\/www.instagram.com\/kennedymarssittard1963\/\"]}]}<\/script>\n<!-- \/ Yoast SEO plugin. -->","yoast_head_json":{"title":"Historique - Kennedy-Mars Sittard","robots":{"index":"index","follow":"follow","max-snippet":"max-snippet:-1","max-image-preview":"max-image-preview:large","max-video-preview":"max-video-preview:-1"},"canonical":"https:\/\/kennedymars.org\/fr\/historique\/","og_locale":"fr_FR","og_type":"article","og_title":"Historique - Kennedy-Mars Sittard","og_url":"https:\/\/kennedymars.org\/fr\/historique\/","og_site_name":"Kennedy-Mars Sittard","article_publisher":"https:\/\/www.facebook.com\/KennedyMarsSittard","article_modified_time":"2026-03-24T13:13:42+00:00","twitter_card":"summary_large_image","schema":{"@context":"https:\/\/schema.org","@graph":[{"@type":"WebPage","@id":"https:\/\/kennedymars.org\/fr\/historique\/","url":"https:\/\/kennedymars.org\/fr\/historique\/","name":"Historique - Kennedy-Mars Sittard","isPartOf":{"@id":"https:\/\/kennedymars.org\/#website"},"datePublished":"2026-03-04T12:12:53+00:00","dateModified":"2026-03-24T13:13:42+00:00","breadcrumb":{"@id":"https:\/\/kennedymars.org\/fr\/historique\/#breadcrumb"},"inLanguage":"fr-FR","potentialAction":[{"@type":"ReadAction","target":["https:\/\/kennedymars.org\/fr\/historique\/"]}]},{"@type":"BreadcrumbList","@id":"https:\/\/kennedymars.org\/fr\/historique\/#breadcrumb","itemListElement":[{"@type":"ListItem","position":1,"name":"Home","item":"https:\/\/kennedymars.org\/fr\/"},{"@type":"ListItem","position":2,"name":"Historique"}]},{"@type":"WebSite","@id":"https:\/\/kennedymars.org\/#website","url":"https:\/\/kennedymars.org\/","name":"Kennedy-Mars Sittard","description":"","publisher":{"@id":"https:\/\/kennedymars.org\/#organization"},"potentialAction":[{"@type":"SearchAction","target":{"@type":"EntryPoint","urlTemplate":"https:\/\/kennedymars.org\/?s={search_term_string}"},"query-input":{"@type":"PropertyValueSpecification","valueRequired":true,"valueName":"search_term_string"}}],"inLanguage":"fr-FR"},{"@type":"Organization","@id":"https:\/\/kennedymars.org\/#organization","name":"Kennedy-Mars Sittard","url":"https:\/\/kennedymars.org\/","logo":{"@type":"ImageObject","inLanguage":"fr-FR","@id":"https:\/\/kennedymars.org\/#\/schema\/logo\/image\/","url":"https:\/\/kennedymars.org\/wp-content\/uploads\/2026\/03\/KMS-logo-color.png","contentUrl":"https:\/\/kennedymars.org\/wp-content\/uploads\/2026\/03\/KMS-logo-color.png","width":848,"height":254,"caption":"Kennedy-Mars Sittard"},"image":{"@id":"https:\/\/kennedymars.org\/#\/schema\/logo\/image\/"},"sameAs":["https:\/\/www.facebook.com\/KennedyMarsSittard","https:\/\/www.instagram.com\/kennedymarssittard1963\/"]}]}},"_links":{"self":[{"href":"https:\/\/kennedymars.org\/fr\/wp-json\/wp\/v2\/pages\/1636","targetHints":{"allow":["GET"]}}],"collection":[{"href":"https:\/\/kennedymars.org\/fr\/wp-json\/wp\/v2\/pages"}],"about":[{"href":"https:\/\/kennedymars.org\/fr\/wp-json\/wp\/v2\/types\/page"}],"author":[{"embeddable":true,"href":"https:\/\/kennedymars.org\/fr\/wp-json\/wp\/v2\/users\/1"}],"replies":[{"embeddable":true,"href":"https:\/\/kennedymars.org\/fr\/wp-json\/wp\/v2\/comments?post=1636"}],"version-history":[{"count":3,"href":"https:\/\/kennedymars.org\/fr\/wp-json\/wp\/v2\/pages\/1636\/revisions"}],"predecessor-version":[{"id":2278,"href":"https:\/\/kennedymars.org\/fr\/wp-json\/wp\/v2\/pages\/1636\/revisions\/2278"}],"wp:attachment":[{"href":"https:\/\/kennedymars.org\/fr\/wp-json\/wp\/v2\/media?parent=1636"}],"curies":[{"name":"wp","href":"https:\/\/api.w.org\/{rel}","templated":true}]}}