{"id":1615,"date":"2026-02-09T10:47:54","date_gmt":"2026-02-09T10:47:54","guid":{"rendered":"https:\/\/kennedymars.org\/resultats-photos\/"},"modified":"2026-03-24T13:13:43","modified_gmt":"2026-03-24T13:13:43","slug":"resultats-photos","status":"publish","type":"page","link":"https:\/\/kennedymars.org\/fr\/resultats-photos\/","title":{"rendered":"R\u00e9sultats\/Photos"},"content":{"rendered":"<div class=\"eye-block breadcrumbs-wrapper no-animation\">\r\n            <ul class=\"site-breadcrumbs\">\r\n            <li class=\"crumb\">\r\n                <a class=\"disable-line\" href=\"https:\/\/kennedymars.org\">\r\n                    <i class=\"fa-regular fa-house\"><\/i>\r\n                <\/a>\r\n            <\/li>\r\n\r\n                            <div class=\"divider\"><\/div>\r\n                <li class=\"crumb\">\r\n                    <a class=\"disable-line\" href=\"https:\/\/kennedymars.org\/fr\/resultats-photos\/\">\r\n                        R\u00e9sultats\/Photos                    <\/a>\r\n                <\/li>\r\n                    <\/ul>\r\n    <\/div>\r\n<div class=\"blink-block empty-space empty-space--medium \" ><\/div>\r\n<div class=\"label-container label--left no-animation\">\r\n    <div class=\"eye-block label bg--yellow\">\r\n        <div class=\"ellipse\"><\/div>\r\n                    <span class=\"label--text\">R\u00e9sultats et photos<\/span>\r\n            <\/div>\r\n<\/div>\r\n\n<h2 class=\"wp-block-heading\">Consultez ici tous les r\u00e9sultats et toutes les photos<\/h2>\n\r\n<div class=\"blink-block empty-space empty-space--medium \" ><\/div>\n<h3 class=\"wp-block-heading\">\u00c9dition 2025 : 8 175 marcheurs au d\u00e9part<\/h3>\n\n<p>L\u2019\u00e9dition <strong>2025<\/strong> a attir\u00e9 8\u202f177 marcheurs vers le lieu de d\u00e9part sur la place du March\u00e9 (Markt) \u00e0 Sittard. Parmi eux, 2\u202f961 ont pris le d\u00e9part pour la 60e Kennedy-Mars de 80 km, 2\u202f638 pour la 17e Swentibold-Mars de 40 km et 2\u202f578 pour la 19e \u00e9dition de la Mini-Mars. Par rapport \u00e0 2024, cela repr\u00e9sente une forte augmentation de 13 %. Jamais autant de marcheurs ne s\u2019\u00e9taient pr\u00e9sent\u00e9s au d\u00e9part. En 1989, alors qu\u2019il n\u2019y avait que la Kennedy-Mars, on comptait 7\u202f090 participants.    <\/p>\n\n<p>Nous ne mesurons le nombre de finissants que pour la Kennedy-Mars. Cette ann\u00e9e, plus de 78 % des marcheurs ont franchi la ligne d\u2019arriv\u00e9e. En 2024, ce pourcentage de r\u00e9ussite \u00e9tait de 79 %.  <\/p>\n\r\n<div class=\"blink-element button text-start \" >\r\n            <a class=\"btn btn-primary \"\r\n           href=\"\/uitslagen\/2025\/\"\r\n           target=\"\">\r\n            Consultez ici les r\u00e9sultats de 2025 !        <\/a>\r\n    <\/div>\r\n<div class=\"blink-block empty-space empty-space--large \" ><\/div>\n<div class=\"ghostkit-grid ghostkit-grid-gap-md equal-height-columns\"><div class=\"ghostkit-grid-inner\">\n<div class=\"ghostkit-col ghostkit-col-lg-12 ghostkit-col-4\"><div class=\"ghostkit-col-content is-layout-flow wp-block-ghostkit-grid-column-is-layout-flow\">\r\n<div class=\"eye-block eye-card bg--lightgray \">\r\n    <div class=\"card-inner padding-large\">\r\n        <div class=\"acf-innerblocks-container\">\n\n<h3 class=\"wp-block-heading\">R\u00e9sultats<\/h3>\n\n\n\n<p>Vous trouverez ici les r\u00e9sultats de la Kennedy-Mars Sittard, de 1963 \u00e0 2024.<\/p>\n\n\n\r\n<div class=\"blink-block empty-space empty-space--small \" ><\/div>\n\n\r\n<div class=\"blink-element button text-start \" >\r\n            <a class=\"btn btn-primary \"\r\n           href=\"\/uitslagen_all\/?filterEdition=2025\"\r\n           target=\"\">\r\n            Archives des r\u00e9sultats        <\/a>\r\n    <\/div>\n<\/div>\r\n    <\/div>\r\n<\/div><\/div><\/div>\n\n\n\n<div class=\"ghostkit-col ghostkit-col-lg-12 ghostkit-col-4\"><div class=\"ghostkit-col-content is-layout-flow wp-block-ghostkit-grid-column-is-layout-flow\">\r\n<div class=\"eye-block eye-card bg--lightgray \">\r\n    <div class=\"card-inner padding-large\">\r\n        <div class=\"acf-innerblocks-container\">\n\n<h3 class=\"wp-block-heading\">Statistiques<\/h3>\n\n\n\n<figure class=\"wp-block-table styled-table m-0\"><table><thead><tr><th>Description<\/th><th>T\u00e9l\u00e9charger<\/th><\/tr><\/thead><tbody><tr><td>Statistiques 2025<\/td><td><a href=\"https:\/\/kennedymars.org\/wp-content\/uploads\/2026\/03\/dee-063-eregalerij-kennedy-mars-2025-versie-250925-1.pdf\" target=\"_blank\" rel=\"noreferrer noopener\">PDF<\/a><\/td><\/tr><tr><td>Galerie d\u2019honneur Kennedy-Mars 2025<\/td><td><a href=\"https:\/\/kennedymars.org\/wp-content\/uploads\/2026\/03\/dee-063-eregalerij-kennedy-mars-2025.pdf\" target=\"_blank\" rel=\"noreferrer noopener\">PDF<\/a><\/td><\/tr><tr><td>Aper\u00e7u historique Kennedy-Mars 2025<\/td><td><a href=\"https:\/\/kennedymars.org\/wp-content\/uploads\/2026\/03\/dee-064-overzicht-aller-tijden-kennedy-mars-2025.pdf\" target=\"_blank\" rel=\"noreferrer noopener\">PDF<\/a><\/td><\/tr><tr><td>Aper\u00e7u historique 2025<\/td><td><a href=\"https:\/\/kennedymars.org\/wp-content\/uploads\/2026\/03\/dee-065-aantal-deelnemers-alle-marsen-2025.pdf\" target=\"_blank\" rel=\"noreferrer noopener\">PDF<\/a><\/td><\/tr><\/tbody><\/table><\/figure>\n\n<\/div>\r\n    <\/div>\r\n<\/div><\/div><\/div>\n\n\n\n<div class=\"ghostkit-col ghostkit-col-lg-12 ghostkit-col-4\"><div class=\"ghostkit-col-content is-layout-flow wp-block-ghostkit-grid-column-is-layout-flow\">\r\n<div class=\"eye-block eye-card bg--lightgray \">\r\n    <div class=\"card-inner padding-large\">\r\n        <div class=\"acf-innerblocks-container\">\n\n<h3 class=\"wp-block-heading\">Photos<\/h3>\n\n\n\n<ul class=\"wp-block-list\">\n<li><a href=\"https:\/\/www.oypo.nl\/3B1972B4471072C0\" target=\"_blank\" rel=\"noreferrer noopener\">Passage Montfort 9h00 \u2013 11h30<\/a><\/li>\n\n\n\n<li><a href=\"https:\/\/www.oypo.nl\/F3B348B4471F7703\" target=\"_blank\" rel=\"noreferrer noopener\">Passage Montfort 11h30 \u2013 14h00<\/a><\/li>\n\n\n\n<li><a href=\"https:\/\/www.oypo.nl\/F4F304B44711E922\" target=\"_blank\" rel=\"noreferrer noopener\">Passage Thorn 12h00 \u2013 14h30<\/a><\/li>\n\n\n\n<li><a href=\"https:\/\/www.oypo.nl\/7BB98FB4471F8E99\" target=\"_blank\" rel=\"noreferrer noopener\">Passage Thorn 14h30 \u2013 16h45<\/a><\/li>\n\n\n\n<li><a href=\"https:\/\/www.oypo.nl\/2BB209B4471079C5\" target=\"_blank\" rel=\"noreferrer noopener\">Passage Roosteren 15h00 \u2013 17h30<\/a><\/li>\n\n\n\n<li><a href=\"https:\/\/www.oypo.nl\/2BB9AAB4471F83C1\" target=\"_blank\" rel=\"noreferrer noopener\">Passage Roosteren 17h15 \u2013 18h30<\/a><\/li>\n<\/ul>\n\n\n\r\n<div class=\"blink-block empty-space empty-space--small \" ><\/div>\n\n\n<p class=\"m-0\"><em>Les liens ci-dessus seront disponibles quelques jours apr\u00e8s l\u00e9v\u00e9nement.<\/em><\/p>\n\n<\/div>\r\n    <\/div>\r\n<\/div><\/div><\/div>\n<\/div><\/div>\n\r\n<div class=\"blink-block empty-space empty-space--large \" ><\/div>","protected":false},"excerpt":{"rendered":"<p>Consultez ici tous les r\u00e9sultats et toutes les photos \u00c9dition 2025 : 8 175 marcheurs au d\u00e9part L\u2019\u00e9dition 2025 a attir\u00e9 8\u202f177 marcheurs vers le lieu de d\u00e9part sur la place du March\u00e9 (Markt) \u00e0 Sittard. Parmi eux, 2\u202f961 ont pris le d\u00e9part pour la 60e Kennedy-Mars de 80 km, 2\u202f638 pour la 17e Swentibold-Mars [&hellip;]<\/p>\n","protected":false},"author":1,"featured_media":0,"parent":0,"menu_order":0,"comment_status":"closed","ping_status":"closed","template":"","meta":{"_acf_changed":false,"ghostkit_customizer_options":"","ghostkit_custom_css":"","ghostkit_custom_js_head":"","ghostkit_custom_js_foot":"","ghostkit_typography":"","ep_exclude_from_search":false,"footnotes":""},"class_list":["post-1615","page","type-page","status-publish","hentry"],"acf":[],"yoast_head":"<!-- This site is optimized with the Yoast SEO plugin v27.2 - https:\/\/yoast.com\/product\/yoast-seo-wordpress\/ -->\n<title>R\u00e9sultats\/Photos - Kennedy-Mars Sittard<\/title>\n<meta name=\"robots\" content=\"index, follow, max-snippet:-1, max-image-preview:large, max-video-preview:-1\" \/>\n<link rel=\"canonical\" href=\"https:\/\/kennedymars.org\/fr\/resultats-photos\/\" \/>\n<meta property=\"og:locale\" content=\"fr_FR\" \/>\n<meta property=\"og:type\" content=\"article\" \/>\n<meta property=\"og:title\" content=\"R\u00e9sultats\/Photos - Kennedy-Mars Sittard\" \/>\n<meta property=\"og:description\" content=\"Consultez ici tous les r\u00e9sultats et toutes les photos \u00c9dition 2025 : 8 175 marcheurs au d\u00e9part L\u2019\u00e9dition 2025 a attir\u00e9 8\u202f177 marcheurs vers le lieu de d\u00e9part sur la place du March\u00e9 (Markt) \u00e0 Sittard. Parmi eux, 2\u202f961 ont pris le d\u00e9part pour la 60e Kennedy-Mars de 80 km, 2\u202f638 pour la 17e Swentibold-Mars [&hellip;]\" \/>\n<meta property=\"og:url\" content=\"https:\/\/kennedymars.org\/fr\/resultats-photos\/\" \/>\n<meta property=\"og:site_name\" content=\"Kennedy-Mars Sittard\" \/>\n<meta property=\"article:publisher\" content=\"https:\/\/www.facebook.com\/KennedyMarsSittard\" \/>\n<meta property=\"article:modified_time\" content=\"2026-03-24T13:13:43+00:00\" \/>\n<meta name=\"twitter:card\" content=\"summary_large_image\" \/>\n<meta name=\"twitter:label1\" content=\"Dur\u00e9e de lecture estim\u00e9e\" \/>\n\t<meta name=\"twitter:data1\" content=\"1 minute\" \/>\n<script type=\"application\/ld+json\" class=\"yoast-schema-graph\">{\"@context\":\"https:\/\/schema.org\",\"@graph\":[{\"@type\":\"WebPage\",\"@id\":\"https:\/\/kennedymars.org\/fr\/resultats-photos\/\",\"url\":\"https:\/\/kennedymars.org\/fr\/resultats-photos\/\",\"name\":\"R\u00e9sultats\/Photos - Kennedy-Mars Sittard\",\"isPartOf\":{\"@id\":\"https:\/\/kennedymars.org\/#website\"},\"datePublished\":\"2026-02-09T10:47:54+00:00\",\"dateModified\":\"2026-03-24T13:13:43+00:00\",\"breadcrumb\":{\"@id\":\"https:\/\/kennedymars.org\/fr\/resultats-photos\/#breadcrumb\"},\"inLanguage\":\"fr-FR\",\"potentialAction\":[{\"@type\":\"ReadAction\",\"target\":[\"https:\/\/kennedymars.org\/fr\/resultats-photos\/\"]}]},{\"@type\":\"BreadcrumbList\",\"@id\":\"https:\/\/kennedymars.org\/fr\/resultats-photos\/#breadcrumb\",\"itemListElement\":[{\"@type\":\"ListItem\",\"position\":1,\"name\":\"Home\",\"item\":\"https:\/\/kennedymars.org\/fr\/\"},{\"@type\":\"ListItem\",\"position\":2,\"name\":\"R\u00e9sultats\/Photos\"}]},{\"@type\":\"WebSite\",\"@id\":\"https:\/\/kennedymars.org\/#website\",\"url\":\"https:\/\/kennedymars.org\/\",\"name\":\"Kennedy-Mars Sittard\",\"description\":\"\",\"publisher\":{\"@id\":\"https:\/\/kennedymars.org\/#organization\"},\"potentialAction\":[{\"@type\":\"SearchAction\",\"target\":{\"@type\":\"EntryPoint\",\"urlTemplate\":\"https:\/\/kennedymars.org\/?s={search_term_string}\"},\"query-input\":{\"@type\":\"PropertyValueSpecification\",\"valueRequired\":true,\"valueName\":\"search_term_string\"}}],\"inLanguage\":\"fr-FR\"},{\"@type\":\"Organization\",\"@id\":\"https:\/\/kennedymars.org\/#organization\",\"name\":\"Kennedy-Mars Sittard\",\"url\":\"https:\/\/kennedymars.org\/\",\"logo\":{\"@type\":\"ImageObject\",\"inLanguage\":\"fr-FR\",\"@id\":\"https:\/\/kennedymars.org\/#\/schema\/logo\/image\/\",\"url\":\"https:\/\/kennedymars.org\/wp-content\/uploads\/2026\/03\/KMS-logo-color.png\",\"contentUrl\":\"https:\/\/kennedymars.org\/wp-content\/uploads\/2026\/03\/KMS-logo-color.png\",\"width\":848,\"height\":254,\"caption\":\"Kennedy-Mars Sittard\"},\"image\":{\"@id\":\"https:\/\/kennedymars.org\/#\/schema\/logo\/image\/\"},\"sameAs\":[\"https:\/\/www.facebook.com\/KennedyMarsSittard\",\"https:\/\/www.instagram.com\/kennedymarssittard1963\/\"]}]}<\/script>\n<!-- \/ Yoast SEO plugin. -->","yoast_head_json":{"title":"R\u00e9sultats\/Photos - Kennedy-Mars Sittard","robots":{"index":"index","follow":"follow","max-snippet":"max-snippet:-1","max-image-preview":"max-image-preview:large","max-video-preview":"max-video-preview:-1"},"canonical":"https:\/\/kennedymars.org\/fr\/resultats-photos\/","og_locale":"fr_FR","og_type":"article","og_title":"R\u00e9sultats\/Photos - Kennedy-Mars Sittard","og_description":"Consultez ici tous les r\u00e9sultats et toutes les photos \u00c9dition 2025 : 8 175 marcheurs au d\u00e9part L\u2019\u00e9dition 2025 a attir\u00e9 8\u202f177 marcheurs vers le lieu de d\u00e9part sur la place du March\u00e9 (Markt) \u00e0 Sittard. Parmi eux, 2\u202f961 ont pris le d\u00e9part pour la 60e Kennedy-Mars de 80 km, 2\u202f638 pour la 17e Swentibold-Mars [&hellip;]","og_url":"https:\/\/kennedymars.org\/fr\/resultats-photos\/","og_site_name":"Kennedy-Mars Sittard","article_publisher":"https:\/\/www.facebook.com\/KennedyMarsSittard","article_modified_time":"2026-03-24T13:13:43+00:00","twitter_card":"summary_large_image","twitter_misc":{"Dur\u00e9e de lecture estim\u00e9e":"1 minute"},"schema":{"@context":"https:\/\/schema.org","@graph":[{"@type":"WebPage","@id":"https:\/\/kennedymars.org\/fr\/resultats-photos\/","url":"https:\/\/kennedymars.org\/fr\/resultats-photos\/","name":"R\u00e9sultats\/Photos - Kennedy-Mars Sittard","isPartOf":{"@id":"https:\/\/kennedymars.org\/#website"},"datePublished":"2026-02-09T10:47:54+00:00","dateModified":"2026-03-24T13:13:43+00:00","breadcrumb":{"@id":"https:\/\/kennedymars.org\/fr\/resultats-photos\/#breadcrumb"},"inLanguage":"fr-FR","potentialAction":[{"@type":"ReadAction","target":["https:\/\/kennedymars.org\/fr\/resultats-photos\/"]}]},{"@type":"BreadcrumbList","@id":"https:\/\/kennedymars.org\/fr\/resultats-photos\/#breadcrumb","itemListElement":[{"@type":"ListItem","position":1,"name":"Home","item":"https:\/\/kennedymars.org\/fr\/"},{"@type":"ListItem","position":2,"name":"R\u00e9sultats\/Photos"}]},{"@type":"WebSite","@id":"https:\/\/kennedymars.org\/#website","url":"https:\/\/kennedymars.org\/","name":"Kennedy-Mars Sittard","description":"","publisher":{"@id":"https:\/\/kennedymars.org\/#organization"},"potentialAction":[{"@type":"SearchAction","target":{"@type":"EntryPoint","urlTemplate":"https:\/\/kennedymars.org\/?s={search_term_string}"},"query-input":{"@type":"PropertyValueSpecification","valueRequired":true,"valueName":"search_term_string"}}],"inLanguage":"fr-FR"},{"@type":"Organization","@id":"https:\/\/kennedymars.org\/#organization","name":"Kennedy-Mars Sittard","url":"https:\/\/kennedymars.org\/","logo":{"@type":"ImageObject","inLanguage":"fr-FR","@id":"https:\/\/kennedymars.org\/#\/schema\/logo\/image\/","url":"https:\/\/kennedymars.org\/wp-content\/uploads\/2026\/03\/KMS-logo-color.png","contentUrl":"https:\/\/kennedymars.org\/wp-content\/uploads\/2026\/03\/KMS-logo-color.png","width":848,"height":254,"caption":"Kennedy-Mars Sittard"},"image":{"@id":"https:\/\/kennedymars.org\/#\/schema\/logo\/image\/"},"sameAs":["https:\/\/www.facebook.com\/KennedyMarsSittard","https:\/\/www.instagram.com\/kennedymarssittard1963\/"]}]}},"_links":{"self":[{"href":"https:\/\/kennedymars.org\/fr\/wp-json\/wp\/v2\/pages\/1615","targetHints":{"allow":["GET"]}}],"collection":[{"href":"https:\/\/kennedymars.org\/fr\/wp-json\/wp\/v2\/pages"}],"about":[{"href":"https:\/\/kennedymars.org\/fr\/wp-json\/wp\/v2\/types\/page"}],"author":[{"embeddable":true,"href":"https:\/\/kennedymars.org\/fr\/wp-json\/wp\/v2\/users\/1"}],"replies":[{"embeddable":true,"href":"https:\/\/kennedymars.org\/fr\/wp-json\/wp\/v2\/comments?post=1615"}],"version-history":[{"count":3,"href":"https:\/\/kennedymars.org\/fr\/wp-json\/wp\/v2\/pages\/1615\/revisions"}],"predecessor-version":[{"id":2272,"href":"https:\/\/kennedymars.org\/fr\/wp-json\/wp\/v2\/pages\/1615\/revisions\/2272"}],"wp:attachment":[{"href":"https:\/\/kennedymars.org\/fr\/wp-json\/wp\/v2\/media?parent=1615"}],"curies":[{"name":"wp","href":"https:\/\/api.w.org\/{rel}","templated":true}]}}