{"id":2226,"date":"2026-03-24T12:52:02","date_gmt":"2026-03-24T12:52:02","guid":{"rendered":"https:\/\/kennedymars.org\/cookie-richtlinie\/"},"modified":"2026-03-24T12:54:55","modified_gmt":"2026-03-24T12:54:55","slug":"cookie-richtlinie","status":"publish","type":"page","link":"https:\/\/kennedymars.org\/de\/cookie-richtlinie\/","title":{"rendered":"Cookie-Richtlinie"},"content":{"rendered":"\n<div class=\"ghostkit-grid ghostkit-grid-gap-md\"><div class=\"ghostkit-grid-inner\">\n<div class=\"ghostkit-col ghostkit-col-lg-12 ghostkit-col-1 is-layout-flow wp-block-ghostkit-grid-column-is-layout-flow\"><div class=\"ghostkit-col-content\"><\/div><\/div>\n\n\n\n<div class=\"ghostkit-col ghostkit-col-lg-12 ghostkit-col-10\"><div class=\"ghostkit-col-content is-layout-flow wp-block-ghostkit-grid-column-is-layout-flow\"><div class=\"eye-block breadcrumbs-wrapper no-animation\">\r\n            <ul class=\"site-breadcrumbs\">\r\n            <li class=\"crumb\">\r\n                <a class=\"disable-line\" href=\"https:\/\/kennedymars.org\">\r\n                    <i class=\"fa-regular fa-house\"><\/i>\r\n                <\/a>\r\n            <\/li>\r\n\r\n                            <div class=\"divider\"><\/div>\r\n                <li class=\"crumb\">\r\n                    <a class=\"disable-line\" href=\"https:\/\/kennedymars.org\/de\/cookie-richtlinie\/\">\r\n                        Cookie-Richtlinie                    <\/a>\r\n                <\/li>\r\n                    <\/ul>\r\n    <\/div>\n\n\r\n<div class=\"blink-block empty-space empty-space--medium \" ><\/div>\n\n\n<h2 class=\"wp-block-heading\">Cookie-Richtlinie Kennedy-Mars<\/h2>\n\n\n\n<p>Unsere Website verwendet Cookies. Cookies sind kleine Dateien, die auf Ihrem Ger\u00e4t abgelegt werden, damit die Website ordnungsgem\u00e4\u00df funktioniert. <\/p>\n\n\n\r\n<div class=\"blink-block empty-space empty-space--medium \" ><\/div>\n\n\n<h3 class=\"wp-block-heading\">1. Funktionale Cookies<\/h3>\n\n\n\n<p>Wir verwenden ausschlie\u00dflich <strong>funktionale Cookies<\/strong>. Diese sind f\u00fcr den Betrieb der Website erforderlich, zum Beispiel damit Formulare korrekt funktionieren und Ihre Einstellungen gespeichert werden. <\/p>\n\n\n\r\n<div class=\"blink-block empty-space empty-space--medium \" ><\/div>\n\n\n<h3 class=\"wp-block-heading\">2. Verwaltung von Cookies<\/h3>\n\n\n\n<p>Funktionale Cookies k\u00f6nnen nicht deaktiviert werden, ohne die Funktionsweise der Website zu beeintr\u00e4chtigen. Durch die Nutzung unserer Website erkl\u00e4ren Sie sich mit der Verwendung dieser notwendigen Cookies einverstanden. <\/p>\n\n\n\r\n<div class=\"blink-block empty-space empty-space--medium \" ><\/div>\n\n\n<h3 class=\"wp-block-heading\">3. Kontakt<\/h3>\n\n\n\n<p>Bei Fragen zu unserer Cookie-Richtlinie k\u00f6nnen Sie uns \u00fcber <a href=\"https:\/\/kennedymars.org\/de\/kontakt\/\" type=\"page\" id=\"555\">diese Seite<\/a> kontaktieren.<\/p>\n<\/div><\/div>\n\n\n\n<div class=\"ghostkit-col ghostkit-col-lg-12 ghostkit-col-1 is-layout-flow wp-block-ghostkit-grid-column-is-layout-flow\"><div class=\"ghostkit-col-content\"><\/div><\/div>\n<\/div><\/div>\n\r\n<div class=\"blink-block empty-space empty-space--large \" ><\/div>","protected":false},"excerpt":{"rendered":"","protected":false},"author":1,"featured_media":0,"parent":0,"menu_order":0,"comment_status":"closed","ping_status":"closed","template":"","meta":{"_acf_changed":false,"ghostkit_customizer_options":"","ghostkit_custom_css":"","ghostkit_custom_js_head":"","ghostkit_custom_js_foot":"","ghostkit_typography":"","ep_exclude_from_search":false,"footnotes":""},"class_list":["post-2226","page","type-page","status-publish","hentry"],"acf":[],"yoast_head":"<!-- This site is optimized with the Yoast SEO plugin v27.2 - https:\/\/yoast.com\/product\/yoast-seo-wordpress\/ -->\n<title>Cookie-Richtlinie - Kennedy-Mars Sittard<\/title>\n<meta name=\"robots\" content=\"index, follow, max-snippet:-1, max-image-preview:large, max-video-preview:-1\" \/>\n<link rel=\"canonical\" href=\"https:\/\/kennedymars.org\/de\/cookie-richtlinie\/\" \/>\n<meta property=\"og:locale\" content=\"de_DE\" \/>\n<meta property=\"og:type\" content=\"article\" \/>\n<meta property=\"og:title\" content=\"Cookie-Richtlinie - Kennedy-Mars Sittard\" \/>\n<meta property=\"og:url\" content=\"https:\/\/kennedymars.org\/de\/cookie-richtlinie\/\" \/>\n<meta property=\"og:site_name\" content=\"Kennedy-Mars Sittard\" \/>\n<meta property=\"article:publisher\" content=\"https:\/\/www.facebook.com\/KennedyMarsSittard\" \/>\n<meta property=\"article:modified_time\" content=\"2026-03-24T12:54:55+00:00\" \/>\n<meta name=\"twitter:card\" content=\"summary_large_image\" \/>\n<script type=\"application\/ld+json\" class=\"yoast-schema-graph\">{\"@context\":\"https:\/\/schema.org\",\"@graph\":[{\"@type\":\"WebPage\",\"@id\":\"https:\/\/kennedymars.org\/de\/cookie-richtlinie\/\",\"url\":\"https:\/\/kennedymars.org\/de\/cookie-richtlinie\/\",\"name\":\"Cookie-Richtlinie - Kennedy-Mars Sittard\",\"isPartOf\":{\"@id\":\"https:\/\/kennedymars.org\/#website\"},\"datePublished\":\"2026-03-24T12:52:02+00:00\",\"dateModified\":\"2026-03-24T12:54:55+00:00\",\"breadcrumb\":{\"@id\":\"https:\/\/kennedymars.org\/de\/cookie-richtlinie\/#breadcrumb\"},\"inLanguage\":\"de\",\"potentialAction\":[{\"@type\":\"ReadAction\",\"target\":[\"https:\/\/kennedymars.org\/de\/cookie-richtlinie\/\"]}]},{\"@type\":\"BreadcrumbList\",\"@id\":\"https:\/\/kennedymars.org\/de\/cookie-richtlinie\/#breadcrumb\",\"itemListElement\":[{\"@type\":\"ListItem\",\"position\":1,\"name\":\"Home\",\"item\":\"https:\/\/kennedymars.org\/de\/\"},{\"@type\":\"ListItem\",\"position\":2,\"name\":\"Cookie-Richtlinie\"}]},{\"@type\":\"WebSite\",\"@id\":\"https:\/\/kennedymars.org\/#website\",\"url\":\"https:\/\/kennedymars.org\/\",\"name\":\"Kennedy-Mars Sittard\",\"description\":\"\",\"publisher\":{\"@id\":\"https:\/\/kennedymars.org\/#organization\"},\"potentialAction\":[{\"@type\":\"SearchAction\",\"target\":{\"@type\":\"EntryPoint\",\"urlTemplate\":\"https:\/\/kennedymars.org\/?s={search_term_string}\"},\"query-input\":{\"@type\":\"PropertyValueSpecification\",\"valueRequired\":true,\"valueName\":\"search_term_string\"}}],\"inLanguage\":\"de\"},{\"@type\":\"Organization\",\"@id\":\"https:\/\/kennedymars.org\/#organization\",\"name\":\"Kennedy-Mars Sittard\",\"url\":\"https:\/\/kennedymars.org\/\",\"logo\":{\"@type\":\"ImageObject\",\"inLanguage\":\"de\",\"@id\":\"https:\/\/kennedymars.org\/#\/schema\/logo\/image\/\",\"url\":\"https:\/\/kennedymars.org\/wp-content\/uploads\/2026\/03\/KMS-logo-color.png\",\"contentUrl\":\"https:\/\/kennedymars.org\/wp-content\/uploads\/2026\/03\/KMS-logo-color.png\",\"width\":848,\"height\":254,\"caption\":\"Kennedy-Mars Sittard\"},\"image\":{\"@id\":\"https:\/\/kennedymars.org\/#\/schema\/logo\/image\/\"},\"sameAs\":[\"https:\/\/www.facebook.com\/KennedyMarsSittard\",\"https:\/\/www.instagram.com\/kennedymarssittard1963\/\"]}]}<\/script>\n<!-- \/ Yoast SEO plugin. -->","yoast_head_json":{"title":"Cookie-Richtlinie - Kennedy-Mars Sittard","robots":{"index":"index","follow":"follow","max-snippet":"max-snippet:-1","max-image-preview":"max-image-preview:large","max-video-preview":"max-video-preview:-1"},"canonical":"https:\/\/kennedymars.org\/de\/cookie-richtlinie\/","og_locale":"de_DE","og_type":"article","og_title":"Cookie-Richtlinie - Kennedy-Mars Sittard","og_url":"https:\/\/kennedymars.org\/de\/cookie-richtlinie\/","og_site_name":"Kennedy-Mars Sittard","article_publisher":"https:\/\/www.facebook.com\/KennedyMarsSittard","article_modified_time":"2026-03-24T12:54:55+00:00","twitter_card":"summary_large_image","schema":{"@context":"https:\/\/schema.org","@graph":[{"@type":"WebPage","@id":"https:\/\/kennedymars.org\/de\/cookie-richtlinie\/","url":"https:\/\/kennedymars.org\/de\/cookie-richtlinie\/","name":"Cookie-Richtlinie - Kennedy-Mars Sittard","isPartOf":{"@id":"https:\/\/kennedymars.org\/#website"},"datePublished":"2026-03-24T12:52:02+00:00","dateModified":"2026-03-24T12:54:55+00:00","breadcrumb":{"@id":"https:\/\/kennedymars.org\/de\/cookie-richtlinie\/#breadcrumb"},"inLanguage":"de","potentialAction":[{"@type":"ReadAction","target":["https:\/\/kennedymars.org\/de\/cookie-richtlinie\/"]}]},{"@type":"BreadcrumbList","@id":"https:\/\/kennedymars.org\/de\/cookie-richtlinie\/#breadcrumb","itemListElement":[{"@type":"ListItem","position":1,"name":"Home","item":"https:\/\/kennedymars.org\/de\/"},{"@type":"ListItem","position":2,"name":"Cookie-Richtlinie"}]},{"@type":"WebSite","@id":"https:\/\/kennedymars.org\/#website","url":"https:\/\/kennedymars.org\/","name":"Kennedy-Mars Sittard","description":"","publisher":{"@id":"https:\/\/kennedymars.org\/#organization"},"potentialAction":[{"@type":"SearchAction","target":{"@type":"EntryPoint","urlTemplate":"https:\/\/kennedymars.org\/?s={search_term_string}"},"query-input":{"@type":"PropertyValueSpecification","valueRequired":true,"valueName":"search_term_string"}}],"inLanguage":"de"},{"@type":"Organization","@id":"https:\/\/kennedymars.org\/#organization","name":"Kennedy-Mars Sittard","url":"https:\/\/kennedymars.org\/","logo":{"@type":"ImageObject","inLanguage":"de","@id":"https:\/\/kennedymars.org\/#\/schema\/logo\/image\/","url":"https:\/\/kennedymars.org\/wp-content\/uploads\/2026\/03\/KMS-logo-color.png","contentUrl":"https:\/\/kennedymars.org\/wp-content\/uploads\/2026\/03\/KMS-logo-color.png","width":848,"height":254,"caption":"Kennedy-Mars Sittard"},"image":{"@id":"https:\/\/kennedymars.org\/#\/schema\/logo\/image\/"},"sameAs":["https:\/\/www.facebook.com\/KennedyMarsSittard","https:\/\/www.instagram.com\/kennedymarssittard1963\/"]}]}},"_links":{"self":[{"href":"https:\/\/kennedymars.org\/de\/wp-json\/wp\/v2\/pages\/2226","targetHints":{"allow":["GET"]}}],"collection":[{"href":"https:\/\/kennedymars.org\/de\/wp-json\/wp\/v2\/pages"}],"about":[{"href":"https:\/\/kennedymars.org\/de\/wp-json\/wp\/v2\/types\/page"}],"author":[{"embeddable":true,"href":"https:\/\/kennedymars.org\/de\/wp-json\/wp\/v2\/users\/1"}],"replies":[{"embeddable":true,"href":"https:\/\/kennedymars.org\/de\/wp-json\/wp\/v2\/comments?post=2226"}],"version-history":[{"count":1,"href":"https:\/\/kennedymars.org\/de\/wp-json\/wp\/v2\/pages\/2226\/revisions"}],"predecessor-version":[{"id":2227,"href":"https:\/\/kennedymars.org\/de\/wp-json\/wp\/v2\/pages\/2226\/revisions\/2227"}],"wp:attachment":[{"href":"https:\/\/kennedymars.org\/de\/wp-json\/wp\/v2\/media?parent=2226"}],"curies":[{"name":"wp","href":"https:\/\/api.w.org\/{rel}","templated":true}]}}