{"id":2220,"date":"2026-03-24T12:42:31","date_gmt":"2026-03-24T12:42:31","guid":{"rendered":"https:\/\/kennedymars.org\/datenschutzerklaerung\/"},"modified":"2026-03-24T12:54:44","modified_gmt":"2026-03-24T12:54:44","slug":"datenschutzerklaerung","status":"publish","type":"page","link":"https:\/\/kennedymars.org\/de\/datenschutzerklaerung\/","title":{"rendered":"Datenschutzerkl\u00e4rung"},"content":{"rendered":"\n<div class=\"ghostkit-grid ghostkit-grid-gap-md\"><div class=\"ghostkit-grid-inner\">\n<div class=\"ghostkit-col ghostkit-col-lg-12 ghostkit-col-1 is-layout-flow wp-block-ghostkit-grid-column-is-layout-flow\"><div class=\"ghostkit-col-content\"><\/div><\/div>\n\n\n\n<div class=\"ghostkit-col ghostkit-col-lg-12 ghostkit-col-10\"><div class=\"ghostkit-col-content is-layout-flow wp-block-ghostkit-grid-column-is-layout-flow\"><div class=\"eye-block breadcrumbs-wrapper no-animation\">\r\n            <ul class=\"site-breadcrumbs\">\r\n            <li class=\"crumb\">\r\n                <a class=\"disable-line\" href=\"https:\/\/kennedymars.org\">\r\n                    <i class=\"fa-regular fa-house\"><\/i>\r\n                <\/a>\r\n            <\/li>\r\n\r\n                            <div class=\"divider\"><\/div>\r\n                <li class=\"crumb\">\r\n                    <a class=\"disable-line\" href=\"https:\/\/kennedymars.org\/de\/datenschutzerklaerung\/\">\r\n                        Datenschutzerkl\u00e4rung                    <\/a>\r\n                <\/li>\r\n                    <\/ul>\r\n    <\/div>\n\n\r\n<div class=\"blink-block empty-space empty-space--medium \" ><\/div>\n\n\n<h2 class=\"wp-block-heading\">Datenschutzerkl\u00e4rung Kennedy-Mars<\/h2>\n\n\n\n<p>Beim Kennedy-Mars ist uns Ihre Privatsph\u00e4re wichtig. Diese Datenschutzerkl\u00e4rung erl\u00e4utert, welche personenbezogenen Daten wir \u00fcber unsere Website sammeln und wie wir damit umgehen. <\/p>\n\n\n\r\n<div class=\"blink-block empty-space empty-space--medium \" ><\/div>\n\n\n<h3 class=\"wp-block-heading\">1. Erhobene Daten<\/h3>\n\n\n\n<p>Wir sammeln ausschlie\u00dflich Daten, die Sie uns freiwillig \u00fcber das Kontaktformular zur Verf\u00fcgung stellen, wie zum Beispiel:<\/p>\n\n\n\n<ul class=\"wp-block-list\">\n<li>Name<\/li>\n\n\n\n<li>E-Mail-Adresse<\/li>\n\n\n\n<li>Gegebenenfalls eine Nachricht oder Frage<\/li>\n<\/ul>\n\n\n\r\n<div class=\"blink-block empty-space empty-space--medium \" ><\/div>\n\n\n<h3 class=\"wp-block-heading\">2. Zweck der Verarbeitung<\/h3>\n\n\n\n<p>Die Daten werden nur verwendet, um Ihre Frage oder Nachricht zu beantworten und Kontakt mit Ihnen aufzunehmen.<\/p>\n\n\n\r\n<div class=\"blink-block empty-space empty-space--medium \" ><\/div>\n\n\n<h3 class=\"wp-block-heading\">3. Weitergabe von Daten<\/h3>\n\n\n\n<p>Wir geben Ihre Daten nicht an Dritte weiter. Nur Mitarbeiter des Kennedy-Mars, die an der Beantwortung Ihrer Nachricht beteiligt sind, haben Zugriff auf Ihre Daten. <\/p>\n\n\n\r\n<div class=\"blink-block empty-space empty-space--medium \" ><\/div>\n\n\n<h3 class=\"wp-block-heading\">4. Aufbewahrungsfrist<\/h3>\n\n\n\n<p>Wir bewahren Ihre personenbezogenen Daten nicht l\u00e4nger auf, als es f\u00fcr die Beantwortung Ihrer Nachricht erforderlich ist, es sei denn, es besteht eine gesetzliche Verpflichtung zur l\u00e4ngeren Aufbewahrung der Daten.<\/p>\n\n\n\r\n<div class=\"blink-block empty-space empty-space--medium \" ><\/div>\n\n\n<h3 class=\"wp-block-heading\">5. Sicherheit<\/h3>\n\n\n\n<p>Wir treffen angemessene Ma\u00dfnahmen, um Ihre Daten vor Verlust, Missbrauch oder unbefugtem Zugriff zu sch\u00fctzen.<\/p>\n\n\n\r\n<div class=\"blink-block empty-space empty-space--medium \" ><\/div>\n\n\n<h3 class=\"wp-block-heading\">6. Ihre Rechte<\/h3>\n\n\n\n<p>Sie haben das Recht:<\/p>\n\n\n\n<ul class=\"wp-block-list\">\n<li>Einsicht in die Daten zu erhalten, die wir von Ihnen verarbeiten<\/li>\n\n\n\n<li>Die Berichtigung oder L\u00f6schung Ihrer Daten zu verlangen<\/li>\n<\/ul>\n\n\n\n<p>F\u00fcr Fragen oder Anfragen k\u00f6nnen Sie \u00fcber <a href=\"https:\/\/kennedymars.org\/de\/kontakt\/\" type=\"page\" id=\"555\">diese Seite<\/a> Kontakt aufnehmen.<\/p>\n<\/div><\/div>\n\n\n\n<div class=\"ghostkit-col ghostkit-col-lg-12 ghostkit-col-1 is-layout-flow wp-block-ghostkit-grid-column-is-layout-flow\"><div class=\"ghostkit-col-content\"><\/div><\/div>\n<\/div><\/div>\n\r\n<div class=\"blink-block empty-space empty-space--large \" ><\/div>","protected":false},"excerpt":{"rendered":"","protected":false},"author":1,"featured_media":0,"parent":0,"menu_order":0,"comment_status":"closed","ping_status":"closed","template":"","meta":{"_acf_changed":false,"ghostkit_customizer_options":"","ghostkit_custom_css":"","ghostkit_custom_js_head":"","ghostkit_custom_js_foot":"","ghostkit_typography":"","ep_exclude_from_search":false,"footnotes":""},"class_list":["post-2220","page","type-page","status-publish","hentry"],"acf":[],"yoast_head":"<!-- This site is optimized with the Yoast SEO plugin v27.2 - https:\/\/yoast.com\/product\/yoast-seo-wordpress\/ -->\n<title>Datenschutzerkl\u00e4rung - Kennedy-Mars Sittard<\/title>\n<meta name=\"robots\" content=\"index, follow, max-snippet:-1, max-image-preview:large, max-video-preview:-1\" \/>\n<link rel=\"canonical\" href=\"https:\/\/kennedymars.org\/de\/datenschutzerklaerung\/\" \/>\n<meta property=\"og:locale\" content=\"de_DE\" \/>\n<meta property=\"og:type\" content=\"article\" \/>\n<meta property=\"og:title\" content=\"Datenschutzerkl\u00e4rung - Kennedy-Mars Sittard\" \/>\n<meta property=\"og:url\" content=\"https:\/\/kennedymars.org\/de\/datenschutzerklaerung\/\" \/>\n<meta property=\"og:site_name\" content=\"Kennedy-Mars Sittard\" \/>\n<meta property=\"article:publisher\" content=\"https:\/\/www.facebook.com\/KennedyMarsSittard\" \/>\n<meta property=\"article:modified_time\" content=\"2026-03-24T12:54:44+00:00\" \/>\n<meta name=\"twitter:card\" content=\"summary_large_image\" \/>\n<meta name=\"twitter:label1\" content=\"Gesch\u00e4tzte Lesezeit\" \/>\n\t<meta name=\"twitter:data1\" content=\"1\u00a0Minute\" \/>\n<script type=\"application\/ld+json\" class=\"yoast-schema-graph\">{\"@context\":\"https:\/\/schema.org\",\"@graph\":[{\"@type\":\"WebPage\",\"@id\":\"https:\/\/kennedymars.org\/de\/datenschutzerklaerung\/\",\"url\":\"https:\/\/kennedymars.org\/de\/datenschutzerklaerung\/\",\"name\":\"Datenschutzerkl\u00e4rung - Kennedy-Mars Sittard\",\"isPartOf\":{\"@id\":\"https:\/\/kennedymars.org\/#website\"},\"datePublished\":\"2026-03-24T12:42:31+00:00\",\"dateModified\":\"2026-03-24T12:54:44+00:00\",\"breadcrumb\":{\"@id\":\"https:\/\/kennedymars.org\/de\/datenschutzerklaerung\/#breadcrumb\"},\"inLanguage\":\"de\",\"potentialAction\":[{\"@type\":\"ReadAction\",\"target\":[\"https:\/\/kennedymars.org\/de\/datenschutzerklaerung\/\"]}]},{\"@type\":\"BreadcrumbList\",\"@id\":\"https:\/\/kennedymars.org\/de\/datenschutzerklaerung\/#breadcrumb\",\"itemListElement\":[{\"@type\":\"ListItem\",\"position\":1,\"name\":\"Home\",\"item\":\"https:\/\/kennedymars.org\/de\/\"},{\"@type\":\"ListItem\",\"position\":2,\"name\":\"Datenschutzerkl\u00e4rung\"}]},{\"@type\":\"WebSite\",\"@id\":\"https:\/\/kennedymars.org\/#website\",\"url\":\"https:\/\/kennedymars.org\/\",\"name\":\"Kennedy-Mars Sittard\",\"description\":\"\",\"publisher\":{\"@id\":\"https:\/\/kennedymars.org\/#organization\"},\"potentialAction\":[{\"@type\":\"SearchAction\",\"target\":{\"@type\":\"EntryPoint\",\"urlTemplate\":\"https:\/\/kennedymars.org\/?s={search_term_string}\"},\"query-input\":{\"@type\":\"PropertyValueSpecification\",\"valueRequired\":true,\"valueName\":\"search_term_string\"}}],\"inLanguage\":\"de\"},{\"@type\":\"Organization\",\"@id\":\"https:\/\/kennedymars.org\/#organization\",\"name\":\"Kennedy-Mars Sittard\",\"url\":\"https:\/\/kennedymars.org\/\",\"logo\":{\"@type\":\"ImageObject\",\"inLanguage\":\"de\",\"@id\":\"https:\/\/kennedymars.org\/#\/schema\/logo\/image\/\",\"url\":\"https:\/\/kennedymars.org\/wp-content\/uploads\/2026\/03\/KMS-logo-color.png\",\"contentUrl\":\"https:\/\/kennedymars.org\/wp-content\/uploads\/2026\/03\/KMS-logo-color.png\",\"width\":848,\"height\":254,\"caption\":\"Kennedy-Mars Sittard\"},\"image\":{\"@id\":\"https:\/\/kennedymars.org\/#\/schema\/logo\/image\/\"},\"sameAs\":[\"https:\/\/www.facebook.com\/KennedyMarsSittard\",\"https:\/\/www.instagram.com\/kennedymarssittard1963\/\"]}]}<\/script>\n<!-- \/ Yoast SEO plugin. -->","yoast_head_json":{"title":"Datenschutzerkl\u00e4rung - Kennedy-Mars Sittard","robots":{"index":"index","follow":"follow","max-snippet":"max-snippet:-1","max-image-preview":"max-image-preview:large","max-video-preview":"max-video-preview:-1"},"canonical":"https:\/\/kennedymars.org\/de\/datenschutzerklaerung\/","og_locale":"de_DE","og_type":"article","og_title":"Datenschutzerkl\u00e4rung - Kennedy-Mars Sittard","og_url":"https:\/\/kennedymars.org\/de\/datenschutzerklaerung\/","og_site_name":"Kennedy-Mars Sittard","article_publisher":"https:\/\/www.facebook.com\/KennedyMarsSittard","article_modified_time":"2026-03-24T12:54:44+00:00","twitter_card":"summary_large_image","twitter_misc":{"Gesch\u00e4tzte Lesezeit":"1\u00a0Minute"},"schema":{"@context":"https:\/\/schema.org","@graph":[{"@type":"WebPage","@id":"https:\/\/kennedymars.org\/de\/datenschutzerklaerung\/","url":"https:\/\/kennedymars.org\/de\/datenschutzerklaerung\/","name":"Datenschutzerkl\u00e4rung - Kennedy-Mars Sittard","isPartOf":{"@id":"https:\/\/kennedymars.org\/#website"},"datePublished":"2026-03-24T12:42:31+00:00","dateModified":"2026-03-24T12:54:44+00:00","breadcrumb":{"@id":"https:\/\/kennedymars.org\/de\/datenschutzerklaerung\/#breadcrumb"},"inLanguage":"de","potentialAction":[{"@type":"ReadAction","target":["https:\/\/kennedymars.org\/de\/datenschutzerklaerung\/"]}]},{"@type":"BreadcrumbList","@id":"https:\/\/kennedymars.org\/de\/datenschutzerklaerung\/#breadcrumb","itemListElement":[{"@type":"ListItem","position":1,"name":"Home","item":"https:\/\/kennedymars.org\/de\/"},{"@type":"ListItem","position":2,"name":"Datenschutzerkl\u00e4rung"}]},{"@type":"WebSite","@id":"https:\/\/kennedymars.org\/#website","url":"https:\/\/kennedymars.org\/","name":"Kennedy-Mars Sittard","description":"","publisher":{"@id":"https:\/\/kennedymars.org\/#organization"},"potentialAction":[{"@type":"SearchAction","target":{"@type":"EntryPoint","urlTemplate":"https:\/\/kennedymars.org\/?s={search_term_string}"},"query-input":{"@type":"PropertyValueSpecification","valueRequired":true,"valueName":"search_term_string"}}],"inLanguage":"de"},{"@type":"Organization","@id":"https:\/\/kennedymars.org\/#organization","name":"Kennedy-Mars Sittard","url":"https:\/\/kennedymars.org\/","logo":{"@type":"ImageObject","inLanguage":"de","@id":"https:\/\/kennedymars.org\/#\/schema\/logo\/image\/","url":"https:\/\/kennedymars.org\/wp-content\/uploads\/2026\/03\/KMS-logo-color.png","contentUrl":"https:\/\/kennedymars.org\/wp-content\/uploads\/2026\/03\/KMS-logo-color.png","width":848,"height":254,"caption":"Kennedy-Mars Sittard"},"image":{"@id":"https:\/\/kennedymars.org\/#\/schema\/logo\/image\/"},"sameAs":["https:\/\/www.facebook.com\/KennedyMarsSittard","https:\/\/www.instagram.com\/kennedymarssittard1963\/"]}]}},"_links":{"self":[{"href":"https:\/\/kennedymars.org\/de\/wp-json\/wp\/v2\/pages\/2220","targetHints":{"allow":["GET"]}}],"collection":[{"href":"https:\/\/kennedymars.org\/de\/wp-json\/wp\/v2\/pages"}],"about":[{"href":"https:\/\/kennedymars.org\/de\/wp-json\/wp\/v2\/types\/page"}],"author":[{"embeddable":true,"href":"https:\/\/kennedymars.org\/de\/wp-json\/wp\/v2\/users\/1"}],"replies":[{"embeddable":true,"href":"https:\/\/kennedymars.org\/de\/wp-json\/wp\/v2\/comments?post=2220"}],"version-history":[{"count":1,"href":"https:\/\/kennedymars.org\/de\/wp-json\/wp\/v2\/pages\/2220\/revisions"}],"predecessor-version":[{"id":2221,"href":"https:\/\/kennedymars.org\/de\/wp-json\/wp\/v2\/pages\/2220\/revisions\/2221"}],"wp:attachment":[{"href":"https:\/\/kennedymars.org\/de\/wp-json\/wp\/v2\/media?parent=2220"}],"curies":[{"name":"wp","href":"https:\/\/api.w.org\/{rel}","templated":true}]}}