{"id":1674,"date":"2026-03-23T08:48:15","date_gmt":"2026-03-23T08:48:15","guid":{"rendered":"https:\/\/kennedymars.org\/e-mail-nicht-erhalten\/"},"modified":"2026-03-24T13:13:55","modified_gmt":"2026-03-24T13:13:55","slug":"e-mail-nicht-erhalten","status":"publish","type":"page","link":"https:\/\/kennedymars.org\/de\/e-mail-nicht-erhalten\/","title":{"rendered":"E-Mail nicht erhalten"},"content":{"rendered":"\n<div class=\"ghostkit-grid ghostkit-grid-gap-md\"><div class=\"ghostkit-grid-inner\">\n<div class=\"ghostkit-col ghostkit-col-lg-12 ghostkit-col-1 is-layout-flow wp-block-ghostkit-grid-column-is-layout-flow\"><div class=\"ghostkit-col-content\"><\/div><\/div>\n\n\n\n<div class=\"ghostkit-col ghostkit-col-lg-12 ghostkit-col-10\"><div class=\"ghostkit-col-content is-layout-flow wp-block-ghostkit-grid-column-is-layout-flow\"><div class=\"eye-block breadcrumbs-wrapper no-animation\">\r\n            <ul class=\"site-breadcrumbs\">\r\n            <li class=\"crumb\">\r\n                <a class=\"disable-line\" href=\"https:\/\/kennedymars.org\">\r\n                    <i class=\"fa-regular fa-house\"><\/i>\r\n                <\/a>\r\n            <\/li>\r\n\r\n                            <div class=\"divider\"><\/div>\r\n                <li class=\"crumb\">\r\n                    <a class=\"disable-line\" href=\"https:\/\/kennedymars.org\/de\/e-mail-nicht-erhalten\/\">\r\n                        E-Mail nicht erhalten                    <\/a>\r\n                <\/li>\r\n                    <\/ul>\r\n    <\/div>\n\n\r\n<div class=\"blink-block empty-space empty-space--medium \" ><\/div>\n\n\n<h2 class=\"wp-block-heading\">E-Mail nicht erhalten<\/h2>\n\n\n\n<p>Haben Sie nach Ihrer Online-Bestellung keine Best\u00e4tigungs-E-Mail von uns erhalten? Dann fehlen Ihnen wichtige Informationen dar\u00fcber, wie Sie in den Besitz Ihrer Teilnehmerkarte gelangen.  <strong>Was ist zu tun?<\/strong><\/p>\n\n\n\r\n<div class=\"blink-block empty-space empty-space--medium \" ><\/div>\n\n\n<h3 class=\"wp-block-heading\">Schritt 1<\/h3>\n\n\n\n<p>\u00dcberpr\u00fcfen Sie Ihr E-Mail-Postfach sorgf\u00e4ltig. Unsere E-Mails landen regelm\u00e4\u00dfig im Spam-Ordner. Es kann auch sein, dass unsere E-Mail in einem anderen Tab Ihres Postfachs gelandet ist. Dies kommt bei Gmail gelegentlich vor.   <\/p>\n\n\n\r\n<div class=\"blink-block empty-space empty-space--small \" ><\/div>\n\n\n<h3 class=\"wp-block-heading\">Schritt 2<\/h3>\n\n\n\n<p>Kontaktieren Sie uns \u00fcber <a href=\"mailto:inschrijvingen@kennedymars.org\">inschrijvingen@kennedymars.org<\/a>. Teilen Sie uns mit, wann Sie sich angemeldet haben und unter welchem Namen. Sie erhalten dann den Link zur Statusseite Ihrer Bestellung sowie ein neues Passwort f\u00fcr Ihr \u201eMein KMS\u201c-Konto.  <\/p>\n\n\n\r\n<div class=\"blink-block empty-space empty-space--small \" ><\/div>\n\n\n<h3 class=\"wp-block-heading\">Schritt 3<\/h3>\n\n\n\n<p>Die weiteren Informationen aus unserer Best\u00e4tigungs-E-Mail sind unten aufgef\u00fchrt.<\/p>\n\n\n\r\n<div class=\"blink-block empty-space empty-space--medium \" ><\/div>\n\n\n<div class=\"ghostkit-grid ghostkit-grid-gap-md equal-height-columns\"><div class=\"ghostkit-grid-inner\">\n<div class=\"ghostkit-col ghostkit-col-md-12 ghostkit-col-6\"><div class=\"ghostkit-col-content is-layout-flow wp-block-ghostkit-grid-column-is-layout-flow\">\r\n<div class=\"eye-block eye-card bg--darkblue \">\r\n    <div class=\"card-inner padding-large\">\r\n        <div class=\"acf-innerblocks-container\">\n\n<h3 class=\"wp-block-heading\"><strong>Online-Bestellungen ohne Rabattgutschein<\/strong><\/h3>\n\n\n\n<p>Sobald Ihre Zahlung bei uns eingegangen ist, senden wir Ihnen Ihre Teilnehmerkarte(n) per Post zu, sofern sich Ihre Adresse in den Niederlanden, Belgien oder Deutschland befindet. Wenn Sie in einem anderen Land wohnen, m\u00fcssen Sie die Teilnehmerkarte in der KennedyCorner, beim Meet &amp; Greet oder ab 45 Minuten vor dem Start im Mulders Paviljoen auf dem Markt abholen. Der Versand der Teilnehmerkarte erfolgt nicht sofort. Wir sammeln die Teilnehmerkarten, bevor wir sie versenden. Es kann daher 1 bis 2 Wochen dauern. Haben Sie eine Woche vor dem Tag des Marsches noch nichts von uns erhalten? Bitte teilen Sie uns dies per E-Mail an inschrijvingen@kennedymars.org unter Angabe Ihrer Bestellnummer mit.      <\/p>\n\n\n\r\n<div class=\"blink-block empty-space empty-space--small \" ><\/div>\n\n\n<h4 class=\"wp-block-heading\">Wettkampfklasse<\/h4>\n\n\n\n<p>Teilnehmer der Wettbewerbsklasse des Kennedy-Mars erhalten die Teilnehmerkarte nicht per Post. Sind Sie Wettbewerbsl\u00e4ufer? Sie erhalten Ihre Teilnehmerkarte dann im Wettbewerbslokal.   <a href=\"https:\/\/kennedymars.org\/de\/kennisbank-item\/startort-zeiten\/\">Klicken Sie hier f\u00fcr weitere Informationen.<\/a><\/p>\n\n<\/div>\r\n    <\/div>\r\n<\/div><\/div><\/div>\n\n\n\n<div class=\"ghostkit-col ghostkit-col-md-12 ghostkit-col-6\"><div class=\"ghostkit-col-content is-layout-flow wp-block-ghostkit-grid-column-is-layout-flow\">\r\n<div class=\"eye-block eye-card bg--darkblue \">\r\n    <div class=\"card-inner padding-large\">\r\n        <div class=\"acf-innerblocks-container\">\n\n<h3 class=\"wp-block-heading\"><strong>Online-Bestellung mit Rabattgutschein<\/strong><\/h3>\n\n\n\n<p>Sobald Ihre Zahlung bei uns eingegangen ist, bereiten wir die Teilnehmerkarte(n) Ihrer Bestellung f\u00fcr Sie vor. Da Sie eine oder mehrere Teilnehmerkarten innerhalb Ihrer Bestellung mit einem Rabattgutschein bestellt haben, k\u00f6nnen wir die Teilnehmerkarten nicht per Post versenden. Sie k\u00f6nnen die Teilnehmerkarte(n) in der KennedyCorner, beim Meet &amp; Greet sowie ab 45 Minuten vor dem Start im Mulders Paviljoen auf dem Markt in Sittard abholen.   <strong>Bringen Sie bei der Abholung Ihrer Bestellung bitte den\/die Gutschein(e) mit!<\/strong><\/p>\n\n\n\r\n<div class=\"blink-block empty-space empty-space--small \" ><\/div>\n\n\n<h4 class=\"wp-block-heading\">Wettkampfklasse<\/h4>\n\n\n\n<p>Teilnehmer der Wettbewerbsklasse des Kennedy-Mars erhalten ihre Teilnehmerkarte vor dem Start im Wettbewerbslokal. <a href=\"https:\/\/kennedymars.org\/de\/kennisbank-item\/startort-zeiten\/\">Klicken Sie hier f\u00fcr weitere Informationen.<\/a><\/p>\n\n<\/div>\r\n    <\/div>\r\n<\/div><\/div><\/div>\n<\/div><\/div>\n<\/div><\/div>\n\n\n\n<div class=\"ghostkit-col ghostkit-col-lg-12 ghostkit-col-1 is-layout-flow wp-block-ghostkit-grid-column-is-layout-flow\"><div class=\"ghostkit-col-content\"><\/div><\/div>\n<\/div><\/div>\n\r\n<div class=\"blink-block empty-space empty-space--large \" ><\/div>","protected":false},"excerpt":{"rendered":"","protected":false},"author":1,"featured_media":0,"parent":0,"menu_order":0,"comment_status":"closed","ping_status":"closed","template":"","meta":{"_acf_changed":false,"ghostkit_customizer_options":"","ghostkit_custom_css":"","ghostkit_custom_js_head":"","ghostkit_custom_js_foot":"","ghostkit_typography":"","ep_exclude_from_search":false,"footnotes":""},"class_list":["post-1674","page","type-page","status-publish","hentry"],"acf":[],"yoast_head":"<!-- This site is optimized with the Yoast SEO plugin v27.2 - https:\/\/yoast.com\/product\/yoast-seo-wordpress\/ -->\n<title>E-Mail nicht erhalten - Kennedy-Mars Sittard<\/title>\n<meta name=\"robots\" content=\"index, follow, max-snippet:-1, max-image-preview:large, max-video-preview:-1\" \/>\n<link rel=\"canonical\" href=\"https:\/\/kennedymars.org\/de\/e-mail-nicht-erhalten\/\" \/>\n<meta property=\"og:locale\" content=\"de_DE\" \/>\n<meta property=\"og:type\" content=\"article\" \/>\n<meta property=\"og:title\" content=\"E-Mail nicht erhalten - Kennedy-Mars Sittard\" \/>\n<meta property=\"og:url\" content=\"https:\/\/kennedymars.org\/de\/e-mail-nicht-erhalten\/\" \/>\n<meta property=\"og:site_name\" content=\"Kennedy-Mars Sittard\" \/>\n<meta property=\"article:publisher\" content=\"https:\/\/www.facebook.com\/KennedyMarsSittard\" \/>\n<meta property=\"article:modified_time\" content=\"2026-03-24T13:13:55+00:00\" \/>\n<meta name=\"twitter:card\" content=\"summary_large_image\" \/>\n<meta name=\"twitter:label1\" content=\"Gesch\u00e4tzte Lesezeit\" \/>\n\t<meta name=\"twitter:data1\" content=\"2\u00a0Minuten\" \/>\n<script type=\"application\/ld+json\" class=\"yoast-schema-graph\">{\"@context\":\"https:\/\/schema.org\",\"@graph\":[{\"@type\":\"WebPage\",\"@id\":\"https:\/\/kennedymars.org\/de\/e-mail-nicht-erhalten\/\",\"url\":\"https:\/\/kennedymars.org\/de\/e-mail-nicht-erhalten\/\",\"name\":\"E-Mail nicht erhalten - Kennedy-Mars Sittard\",\"isPartOf\":{\"@id\":\"https:\/\/kennedymars.org\/#website\"},\"datePublished\":\"2026-03-23T08:48:15+00:00\",\"dateModified\":\"2026-03-24T13:13:55+00:00\",\"breadcrumb\":{\"@id\":\"https:\/\/kennedymars.org\/de\/e-mail-nicht-erhalten\/#breadcrumb\"},\"inLanguage\":\"de\",\"potentialAction\":[{\"@type\":\"ReadAction\",\"target\":[\"https:\/\/kennedymars.org\/de\/e-mail-nicht-erhalten\/\"]}]},{\"@type\":\"BreadcrumbList\",\"@id\":\"https:\/\/kennedymars.org\/de\/e-mail-nicht-erhalten\/#breadcrumb\",\"itemListElement\":[{\"@type\":\"ListItem\",\"position\":1,\"name\":\"Home\",\"item\":\"https:\/\/kennedymars.org\/de\/\"},{\"@type\":\"ListItem\",\"position\":2,\"name\":\"E-Mail nicht erhalten\"}]},{\"@type\":\"WebSite\",\"@id\":\"https:\/\/kennedymars.org\/#website\",\"url\":\"https:\/\/kennedymars.org\/\",\"name\":\"Kennedy-Mars Sittard\",\"description\":\"\",\"publisher\":{\"@id\":\"https:\/\/kennedymars.org\/#organization\"},\"potentialAction\":[{\"@type\":\"SearchAction\",\"target\":{\"@type\":\"EntryPoint\",\"urlTemplate\":\"https:\/\/kennedymars.org\/?s={search_term_string}\"},\"query-input\":{\"@type\":\"PropertyValueSpecification\",\"valueRequired\":true,\"valueName\":\"search_term_string\"}}],\"inLanguage\":\"de\"},{\"@type\":\"Organization\",\"@id\":\"https:\/\/kennedymars.org\/#organization\",\"name\":\"Kennedy-Mars Sittard\",\"url\":\"https:\/\/kennedymars.org\/\",\"logo\":{\"@type\":\"ImageObject\",\"inLanguage\":\"de\",\"@id\":\"https:\/\/kennedymars.org\/#\/schema\/logo\/image\/\",\"url\":\"https:\/\/kennedymars.org\/wp-content\/uploads\/2026\/03\/KMS-logo-color.png\",\"contentUrl\":\"https:\/\/kennedymars.org\/wp-content\/uploads\/2026\/03\/KMS-logo-color.png\",\"width\":848,\"height\":254,\"caption\":\"Kennedy-Mars Sittard\"},\"image\":{\"@id\":\"https:\/\/kennedymars.org\/#\/schema\/logo\/image\/\"},\"sameAs\":[\"https:\/\/www.facebook.com\/KennedyMarsSittard\",\"https:\/\/www.instagram.com\/kennedymarssittard1963\/\"]}]}<\/script>\n<!-- \/ Yoast SEO plugin. -->","yoast_head_json":{"title":"E-Mail nicht erhalten - Kennedy-Mars Sittard","robots":{"index":"index","follow":"follow","max-snippet":"max-snippet:-1","max-image-preview":"max-image-preview:large","max-video-preview":"max-video-preview:-1"},"canonical":"https:\/\/kennedymars.org\/de\/e-mail-nicht-erhalten\/","og_locale":"de_DE","og_type":"article","og_title":"E-Mail nicht erhalten - Kennedy-Mars Sittard","og_url":"https:\/\/kennedymars.org\/de\/e-mail-nicht-erhalten\/","og_site_name":"Kennedy-Mars Sittard","article_publisher":"https:\/\/www.facebook.com\/KennedyMarsSittard","article_modified_time":"2026-03-24T13:13:55+00:00","twitter_card":"summary_large_image","twitter_misc":{"Gesch\u00e4tzte Lesezeit":"2\u00a0Minuten"},"schema":{"@context":"https:\/\/schema.org","@graph":[{"@type":"WebPage","@id":"https:\/\/kennedymars.org\/de\/e-mail-nicht-erhalten\/","url":"https:\/\/kennedymars.org\/de\/e-mail-nicht-erhalten\/","name":"E-Mail nicht erhalten - Kennedy-Mars Sittard","isPartOf":{"@id":"https:\/\/kennedymars.org\/#website"},"datePublished":"2026-03-23T08:48:15+00:00","dateModified":"2026-03-24T13:13:55+00:00","breadcrumb":{"@id":"https:\/\/kennedymars.org\/de\/e-mail-nicht-erhalten\/#breadcrumb"},"inLanguage":"de","potentialAction":[{"@type":"ReadAction","target":["https:\/\/kennedymars.org\/de\/e-mail-nicht-erhalten\/"]}]},{"@type":"BreadcrumbList","@id":"https:\/\/kennedymars.org\/de\/e-mail-nicht-erhalten\/#breadcrumb","itemListElement":[{"@type":"ListItem","position":1,"name":"Home","item":"https:\/\/kennedymars.org\/de\/"},{"@type":"ListItem","position":2,"name":"E-Mail nicht erhalten"}]},{"@type":"WebSite","@id":"https:\/\/kennedymars.org\/#website","url":"https:\/\/kennedymars.org\/","name":"Kennedy-Mars Sittard","description":"","publisher":{"@id":"https:\/\/kennedymars.org\/#organization"},"potentialAction":[{"@type":"SearchAction","target":{"@type":"EntryPoint","urlTemplate":"https:\/\/kennedymars.org\/?s={search_term_string}"},"query-input":{"@type":"PropertyValueSpecification","valueRequired":true,"valueName":"search_term_string"}}],"inLanguage":"de"},{"@type":"Organization","@id":"https:\/\/kennedymars.org\/#organization","name":"Kennedy-Mars Sittard","url":"https:\/\/kennedymars.org\/","logo":{"@type":"ImageObject","inLanguage":"de","@id":"https:\/\/kennedymars.org\/#\/schema\/logo\/image\/","url":"https:\/\/kennedymars.org\/wp-content\/uploads\/2026\/03\/KMS-logo-color.png","contentUrl":"https:\/\/kennedymars.org\/wp-content\/uploads\/2026\/03\/KMS-logo-color.png","width":848,"height":254,"caption":"Kennedy-Mars Sittard"},"image":{"@id":"https:\/\/kennedymars.org\/#\/schema\/logo\/image\/"},"sameAs":["https:\/\/www.facebook.com\/KennedyMarsSittard","https:\/\/www.instagram.com\/kennedymarssittard1963\/"]}]}},"_links":{"self":[{"href":"https:\/\/kennedymars.org\/de\/wp-json\/wp\/v2\/pages\/1674","targetHints":{"allow":["GET"]}}],"collection":[{"href":"https:\/\/kennedymars.org\/de\/wp-json\/wp\/v2\/pages"}],"about":[{"href":"https:\/\/kennedymars.org\/de\/wp-json\/wp\/v2\/types\/page"}],"author":[{"embeddable":true,"href":"https:\/\/kennedymars.org\/de\/wp-json\/wp\/v2\/users\/1"}],"replies":[{"embeddable":true,"href":"https:\/\/kennedymars.org\/de\/wp-json\/wp\/v2\/comments?post=1674"}],"version-history":[{"count":3,"href":"https:\/\/kennedymars.org\/de\/wp-json\/wp\/v2\/pages\/1674\/revisions"}],"predecessor-version":[{"id":2312,"href":"https:\/\/kennedymars.org\/de\/wp-json\/wp\/v2\/pages\/1674\/revisions\/2312"}],"wp:attachment":[{"href":"https:\/\/kennedymars.org\/de\/wp-json\/wp\/v2\/media?parent=1674"}],"curies":[{"name":"wp","href":"https:\/\/api.w.org\/{rel}","templated":true}]}}