{"id":1666,"date":"2026-03-16T09:31:34","date_gmt":"2026-03-16T09:31:34","guid":{"rendered":"https:\/\/kennedymars.org\/routenbeschreibung-2026-mini-marsch\/"},"modified":"2026-03-23T11:12:21","modified_gmt":"2026-03-23T11:12:21","slug":"routenbeschreibung-2026-mini-marsch","status":"publish","type":"page","link":"https:\/\/kennedymars.org\/de\/routenbeschreibung-2026-mini-marsch\/","title":{"rendered":"Routenbeschreibung 2026 \u2013 Mini-Marsch"},"content":{"rendered":"\n<div class=\"ghostkit-grid ghostkit-grid-gap-md\"><div class=\"ghostkit-grid-inner\">\n<div class=\"ghostkit-col ghostkit-col-lg-12 ghostkit-col-1 is-layout-flow wp-block-ghostkit-grid-column-is-layout-flow\"><div class=\"ghostkit-col-content\"><\/div><\/div>\n\n\n\n<div class=\"ghostkit-col ghostkit-col-lg-12 ghostkit-col-10\"><div class=\"ghostkit-col-content is-layout-flow wp-block-ghostkit-grid-column-is-layout-flow\">\n<h2 class=\"wp-block-heading\">Routenbeschreibung 2026 \u2013 Mini-Marsch<\/h2>\n\n\n\n<p><em>Letzte Aktualisierung: 12. M\u00e4rz 2026<\/em><\/p>\n\n\n\r\n<div class=\"blink-block empty-space empty-space--medium \" ><\/div>\n\n\n<h3 class=\"wp-block-heading\">START: Oude Markt, Sittard<\/h3>\n\n\n\n<p>Start: Oude Markt l. a. (= Kloosterplein), 50 m r. a. (= Deken Thijssenstraat), 150 m l. a. (= Begijnenhofstraat), Ende der Stra\u00dfe r. a. (= Brandstraat), an der Kreuzung Parklaan geradeaus aufgrund von Bauarbeiten und dann nach 50 m l. a. (= Sjteegske), Ende Sjteegske (= Wilhelminastraat) \u00fcberqueren (= Kleine Steeg). Agricolastraat \u00fcberqueren (= Steegstraat). Ende der Stra\u00dfe r. a. (= Ophoven). 1.<sup> r. a. (= Geuweg). Rijksweg Zuid \u00fcberqueren (= Geuweg). Eisenbahn \u00fcberqueren und dann r. a. (= Seringenstraat). Ende der Stra\u00dfe l. a. (= Geraniumstraat). Nach +\/- 150 Metern auf der rechten Seite dem Pfad Richtung Eisenbahnbr\u00fccke folgen. Nach der Eisenbahnbr\u00fccke l. a. (= Bokscoulweg). Ende der Stra\u00dfe r. a. (= Lissabonlaan). 1.<sup> r. a. (= Parijsboulevard). 2.<sup> l. a. (= Stockholmstraat).<\/sup><\/sup><\/sup> An der Ampel die Bergerweg \u00fcberqueren (= Industriestraat). In der Industriestraat die erste Stra\u00dfe l. a. (= Fischerpad). Durch die Unterf\u00fchrung und direkt danach r. a. (= Steijnkuilweg). Ende der Stra\u00dfe r. a. (= Leeuwerik). Diesem Boulevard bis zum Ende des Ackerlandes auf der linken Seite folgen. Am Abfalleimer vor der Spielwiese den Pfad nach links nehmen. Dieser f\u00fchrt auf den Ringweg in <strong>Limbricht<\/strong> (5 km). Den Ringweg \u00fcberqueren und in die Prof. Mentenlaan. Am Ende r. a. (= Achter de Hoven) und sofort wieder l. a. (= Salviusstraat). Bei der Bovenstraat l. a. und dann sofort wieder r. a. (= Sportlaan). 1.<sup> r. a. (= Kennedylaan). 2.<sup> Stra\u00dfe l. a. (= Vredeslaan). Setzen Sie Ihren Weg \u00fcber den Parkplatz auf der rechten Seite fort. Bornerweg \u00fcberqueren und in die Beekstraat. Ende Beekstraat r. a. \u00fcber den Platz durch die Steenstraat, weiter in die Burg. van Boxtelstraat. Am Ende geradeaus. Auf dem Onderste Sittarderweg nach 100 m auf H\u00f6he des Bahn\u00fcbergangs l. a. (= Henschenveldweg). Dem Henschenveldweg folgen bis zur \u00dcberquerung Hasseltsebaan \/ N276 auf H\u00f6he der Ampel. Hasseltsebaan \/ N276 \u00fcberqueren (= Hoogveldlaan). Der Hoogveldlaan weiter folgen. Nach der Bahnunterf\u00fchrung r. a. \u00fcber den Parallelweg (= Rijksweg Noord). 2.<sup> Stra\u00dfe l. a. (Heistraat, Overhoven).<\/sup><\/sup><\/sup> Beim Stadtteilzentrum Oos Kaas (= Heistraat) rechts halten (= Heistraat, Overhoven). Ende der Stra\u00dfe \u00fcberqueren l. a. (= Odasingel). Dem Odasingel folgen bis zur Haspelsestraat, hier r. a. und dann die Haspelsestraat \u00fcberqueren l. a. (= Lank Getske). Beim Rosaflat r. a. (= Kerkepad) und danach l. a. (= Achter Fort Picard). Ende des Pfades r. a. (= Paardestraat). Ende der Stra\u00dfe r. a. (= Putstraat, Markt). Ziel.<\/p>\n\n\n\r\n<div class=\"blink-block empty-space empty-space--medium \" ><\/div>\n\n\r\n<div class=\"eye-block eye-card bg--yellow \">\r\n    <div class=\"card-inner padding-large\">\r\n        <div class=\"acf-innerblocks-container\">\n\n<h2 class=\"wp-block-heading m-0\">Laden Sie <a href=\"https:\/\/kennedymars.org\/wp-content\/uploads\/2026\/03\/routebeschrijving-mini-mars-printversie.pdf\" target=\"_blank\" rel=\"noreferrer noopener\">hier<\/a> die Druckversion herunter<\/h2>\n\n<\/div>\r\n    <\/div>\r\n<\/div><\/div><\/div>\n\n\n\n<div class=\"ghostkit-col ghostkit-col-lg-12 ghostkit-col-1 is-layout-flow wp-block-ghostkit-grid-column-is-layout-flow\"><div class=\"ghostkit-col-content\"><\/div><\/div>\n<\/div><\/div>\n\r\n<div class=\"blink-block empty-space empty-space--large \" ><\/div>","protected":false},"excerpt":{"rendered":"","protected":false},"author":1,"featured_media":0,"parent":0,"menu_order":0,"comment_status":"closed","ping_status":"closed","template":"","meta":{"_acf_changed":false,"ghostkit_customizer_options":"","ghostkit_custom_css":"","ghostkit_custom_js_head":"","ghostkit_custom_js_foot":"","ghostkit_typography":"","ep_exclude_from_search":false,"footnotes":""},"class_list":["post-1666","page","type-page","status-publish","hentry"],"acf":[],"yoast_head":"<!-- This site is optimized with the Yoast SEO plugin v27.2 - https:\/\/yoast.com\/product\/yoast-seo-wordpress\/ -->\n<title>Routenbeschreibung 2026 \u2013 Mini-Marsch - Kennedy-Mars Sittard<\/title>\n<meta name=\"robots\" content=\"index, follow, max-snippet:-1, max-image-preview:large, max-video-preview:-1\" \/>\n<link rel=\"canonical\" href=\"https:\/\/kennedymars.org\/de\/routenbeschreibung-2026-mini-marsch\/\" \/>\n<meta property=\"og:locale\" content=\"de_DE\" \/>\n<meta property=\"og:type\" content=\"article\" \/>\n<meta property=\"og:title\" content=\"Routenbeschreibung 2026 \u2013 Mini-Marsch - Kennedy-Mars Sittard\" \/>\n<meta property=\"og:url\" content=\"https:\/\/kennedymars.org\/de\/routenbeschreibung-2026-mini-marsch\/\" \/>\n<meta property=\"og:site_name\" content=\"Kennedy-Mars Sittard\" \/>\n<meta property=\"article:publisher\" content=\"https:\/\/www.facebook.com\/KennedyMarsSittard\" \/>\n<meta property=\"article:modified_time\" content=\"2026-03-23T11:12:21+00:00\" \/>\n<meta name=\"twitter:card\" content=\"summary_large_image\" \/>\n<meta name=\"twitter:label1\" content=\"Gesch\u00e4tzte Lesezeit\" \/>\n\t<meta name=\"twitter:data1\" content=\"2\u00a0Minuten\" \/>\n<script type=\"application\/ld+json\" class=\"yoast-schema-graph\">{\"@context\":\"https:\/\/schema.org\",\"@graph\":[{\"@type\":\"WebPage\",\"@id\":\"https:\/\/kennedymars.org\/de\/routenbeschreibung-2026-mini-marsch\/\",\"url\":\"https:\/\/kennedymars.org\/de\/routenbeschreibung-2026-mini-marsch\/\",\"name\":\"Routenbeschreibung 2026 \u2013 Mini-Marsch - Kennedy-Mars Sittard\",\"isPartOf\":{\"@id\":\"https:\/\/kennedymars.org\/#website\"},\"datePublished\":\"2026-03-16T09:31:34+00:00\",\"dateModified\":\"2026-03-23T11:12:21+00:00\",\"breadcrumb\":{\"@id\":\"https:\/\/kennedymars.org\/de\/routenbeschreibung-2026-mini-marsch\/#breadcrumb\"},\"inLanguage\":\"de\",\"potentialAction\":[{\"@type\":\"ReadAction\",\"target\":[\"https:\/\/kennedymars.org\/de\/routenbeschreibung-2026-mini-marsch\/\"]}]},{\"@type\":\"BreadcrumbList\",\"@id\":\"https:\/\/kennedymars.org\/de\/routenbeschreibung-2026-mini-marsch\/#breadcrumb\",\"itemListElement\":[{\"@type\":\"ListItem\",\"position\":1,\"name\":\"Home\",\"item\":\"https:\/\/kennedymars.org\/de\/\"},{\"@type\":\"ListItem\",\"position\":2,\"name\":\"Routenbeschreibung 2026 \u2013 Mini-Marsch\"}]},{\"@type\":\"WebSite\",\"@id\":\"https:\/\/kennedymars.org\/#website\",\"url\":\"https:\/\/kennedymars.org\/\",\"name\":\"Kennedy-Mars Sittard\",\"description\":\"\",\"publisher\":{\"@id\":\"https:\/\/kennedymars.org\/#organization\"},\"potentialAction\":[{\"@type\":\"SearchAction\",\"target\":{\"@type\":\"EntryPoint\",\"urlTemplate\":\"https:\/\/kennedymars.org\/?s={search_term_string}\"},\"query-input\":{\"@type\":\"PropertyValueSpecification\",\"valueRequired\":true,\"valueName\":\"search_term_string\"}}],\"inLanguage\":\"de\"},{\"@type\":\"Organization\",\"@id\":\"https:\/\/kennedymars.org\/#organization\",\"name\":\"Kennedy-Mars Sittard\",\"url\":\"https:\/\/kennedymars.org\/\",\"logo\":{\"@type\":\"ImageObject\",\"inLanguage\":\"de\",\"@id\":\"https:\/\/kennedymars.org\/#\/schema\/logo\/image\/\",\"url\":\"https:\/\/kennedymars.org\/wp-content\/uploads\/2026\/03\/KMS-logo-color.png\",\"contentUrl\":\"https:\/\/kennedymars.org\/wp-content\/uploads\/2026\/03\/KMS-logo-color.png\",\"width\":848,\"height\":254,\"caption\":\"Kennedy-Mars Sittard\"},\"image\":{\"@id\":\"https:\/\/kennedymars.org\/#\/schema\/logo\/image\/\"},\"sameAs\":[\"https:\/\/www.facebook.com\/KennedyMarsSittard\",\"https:\/\/www.instagram.com\/kennedymarssittard1963\/\"]}]}<\/script>\n<!-- \/ Yoast SEO plugin. -->","yoast_head_json":{"title":"Routenbeschreibung 2026 \u2013 Mini-Marsch - Kennedy-Mars Sittard","robots":{"index":"index","follow":"follow","max-snippet":"max-snippet:-1","max-image-preview":"max-image-preview:large","max-video-preview":"max-video-preview:-1"},"canonical":"https:\/\/kennedymars.org\/de\/routenbeschreibung-2026-mini-marsch\/","og_locale":"de_DE","og_type":"article","og_title":"Routenbeschreibung 2026 \u2013 Mini-Marsch - Kennedy-Mars Sittard","og_url":"https:\/\/kennedymars.org\/de\/routenbeschreibung-2026-mini-marsch\/","og_site_name":"Kennedy-Mars Sittard","article_publisher":"https:\/\/www.facebook.com\/KennedyMarsSittard","article_modified_time":"2026-03-23T11:12:21+00:00","twitter_card":"summary_large_image","twitter_misc":{"Gesch\u00e4tzte Lesezeit":"2\u00a0Minuten"},"schema":{"@context":"https:\/\/schema.org","@graph":[{"@type":"WebPage","@id":"https:\/\/kennedymars.org\/de\/routenbeschreibung-2026-mini-marsch\/","url":"https:\/\/kennedymars.org\/de\/routenbeschreibung-2026-mini-marsch\/","name":"Routenbeschreibung 2026 \u2013 Mini-Marsch - Kennedy-Mars Sittard","isPartOf":{"@id":"https:\/\/kennedymars.org\/#website"},"datePublished":"2026-03-16T09:31:34+00:00","dateModified":"2026-03-23T11:12:21+00:00","breadcrumb":{"@id":"https:\/\/kennedymars.org\/de\/routenbeschreibung-2026-mini-marsch\/#breadcrumb"},"inLanguage":"de","potentialAction":[{"@type":"ReadAction","target":["https:\/\/kennedymars.org\/de\/routenbeschreibung-2026-mini-marsch\/"]}]},{"@type":"BreadcrumbList","@id":"https:\/\/kennedymars.org\/de\/routenbeschreibung-2026-mini-marsch\/#breadcrumb","itemListElement":[{"@type":"ListItem","position":1,"name":"Home","item":"https:\/\/kennedymars.org\/de\/"},{"@type":"ListItem","position":2,"name":"Routenbeschreibung 2026 \u2013 Mini-Marsch"}]},{"@type":"WebSite","@id":"https:\/\/kennedymars.org\/#website","url":"https:\/\/kennedymars.org\/","name":"Kennedy-Mars Sittard","description":"","publisher":{"@id":"https:\/\/kennedymars.org\/#organization"},"potentialAction":[{"@type":"SearchAction","target":{"@type":"EntryPoint","urlTemplate":"https:\/\/kennedymars.org\/?s={search_term_string}"},"query-input":{"@type":"PropertyValueSpecification","valueRequired":true,"valueName":"search_term_string"}}],"inLanguage":"de"},{"@type":"Organization","@id":"https:\/\/kennedymars.org\/#organization","name":"Kennedy-Mars Sittard","url":"https:\/\/kennedymars.org\/","logo":{"@type":"ImageObject","inLanguage":"de","@id":"https:\/\/kennedymars.org\/#\/schema\/logo\/image\/","url":"https:\/\/kennedymars.org\/wp-content\/uploads\/2026\/03\/KMS-logo-color.png","contentUrl":"https:\/\/kennedymars.org\/wp-content\/uploads\/2026\/03\/KMS-logo-color.png","width":848,"height":254,"caption":"Kennedy-Mars Sittard"},"image":{"@id":"https:\/\/kennedymars.org\/#\/schema\/logo\/image\/"},"sameAs":["https:\/\/www.facebook.com\/KennedyMarsSittard","https:\/\/www.instagram.com\/kennedymarssittard1963\/"]}]}},"_links":{"self":[{"href":"https:\/\/kennedymars.org\/de\/wp-json\/wp\/v2\/pages\/1666","targetHints":{"allow":["GET"]}}],"collection":[{"href":"https:\/\/kennedymars.org\/de\/wp-json\/wp\/v2\/pages"}],"about":[{"href":"https:\/\/kennedymars.org\/de\/wp-json\/wp\/v2\/types\/page"}],"author":[{"embeddable":true,"href":"https:\/\/kennedymars.org\/de\/wp-json\/wp\/v2\/users\/1"}],"replies":[{"embeddable":true,"href":"https:\/\/kennedymars.org\/de\/wp-json\/wp\/v2\/comments?post=1666"}],"version-history":[{"count":1,"href":"https:\/\/kennedymars.org\/de\/wp-json\/wp\/v2\/pages\/1666\/revisions"}],"predecessor-version":[{"id":1667,"href":"https:\/\/kennedymars.org\/de\/wp-json\/wp\/v2\/pages\/1666\/revisions\/1667"}],"wp:attachment":[{"href":"https:\/\/kennedymars.org\/de\/wp-json\/wp\/v2\/media?parent=1666"}],"curies":[{"name":"wp","href":"https:\/\/api.w.org\/{rel}","templated":true}]}}