{"id":1660,"date":"2026-03-16T09:08:06","date_gmt":"2026-03-16T09:08:06","guid":{"rendered":"https:\/\/kennedymars.org\/wegbeschreibung-2026-kennedy-mars\/"},"modified":"2026-03-24T13:13:49","modified_gmt":"2026-03-24T13:13:49","slug":"wegbeschreibung-2026-kennedy-mars","status":"publish","type":"page","link":"https:\/\/kennedymars.org\/de\/wegbeschreibung-2026-kennedy-mars\/","title":{"rendered":"Routenbeschreibung 2026 \u2013 Kennedy-Mars"},"content":{"rendered":"\n<div class=\"ghostkit-grid ghostkit-grid-gap-md\"><div class=\"ghostkit-grid-inner\">\n<div class=\"ghostkit-col ghostkit-col-lg-12 ghostkit-col-1 is-layout-flow wp-block-ghostkit-grid-column-is-layout-flow\"><div class=\"ghostkit-col-content\"><\/div><\/div>\n\n\n\n<div class=\"ghostkit-col ghostkit-col-lg-12 ghostkit-col-10\"><div class=\"ghostkit-col-content is-layout-flow wp-block-ghostkit-grid-column-is-layout-flow\">\n<h2 class=\"wp-block-heading\">Route 2026<\/h2>\n\n\n\n<p><em>Letzte Aktualisierung: 7. Januar 2026<\/em><\/p>\n\n\n\r\n<div class=\"blink-block empty-space empty-space--medium \" ><\/div>\n\n\n<h3 class=\"wp-block-heading\">START: Oude Markt, Sittard<\/h3>\n\n\n\n<p>L.a. (= Kloosterplein), nach 50 m r.a. (= Deken Thijssenstraat), Haspelsestraat, Odasingel \u00fcberqueren (= Dr. Nolenslaan). An der Kreuzung l.a. (= Baandertweg). Ende der Stra\u00dfe r.a. (= Overhoven). An der Gabelung geradeaus (= Heistraat). An der Verzweigung r.a. (= Nusterweg). Bei den Ampeln die Dr. Nolenslaan \u00fcberqueren und geradeaus Richtung Nieuwstadt (= Nusterweg, Sittarderweg, Op de Brug). In Nieuwstadt der Hauptstra\u00dfe weiter folgen (= Gouverneur Houbenstraat \/ Susterderweg). Nach der Kreuzung Susterderweg \/ Grachtstraat \/ Beijerstraat links halten und dem Weg \u00fcber den Radweg Richtung Susteren folgen. Nach dem Ortsschild Susteren r.a. (= Heerenstraat \/ Parallelweg). Rechts halten (= Bosstraat, Rijdtstraat). Ende der Stra\u00dfe l.a. (= Broekweg) und sofort wieder r.a. (= Heidestraat). Nach dem Ende der geschlossenen Ortschaft der Heidestraat \/ Susterderweg weiter folgen. An der Kreuzung l.a. (= Hoogstraat). 1.<sup>e<\/sup> Stra\u00dfe r.a. (= Marksingel). An der Gabelung r.a. (= Slekkerstraat) und anschlie\u00dfend rechts halten (= Roterweg). Ende der Stra\u00dfe bei der Sint Antoniuskapel 1.<sup>ste<\/sup> l.a. (= Dorpstraat \/ Pastoor Cramerstraat). 4.<sup>de<\/sup> Stra\u00dfe r.a. (= Schoolstraat). 2.<sup>e<\/sup> Weg r.a. Richtung Verpflegungspunkt Scouting Pey (= Kerkstraat Peij).  <\/p>\n\n\n\r\n<div class=\"blink-block empty-space empty-space--medium \" ><\/div>\n\n\n<h3 class=\"wp-block-heading\">Verpflegungspunkt Pey: Scouting Pey Kerkstraat Peij 9A (14,3 km)<\/h3>\n\n\n\n<p>Nach dem Verpflegungspunkt Scouting Pey dem Weg Richtung Hauptstra\u00dfe folgen (= Houtstraat). Hier r.a. bis zum \u00dcberquerungspunkt l.a. Houtstraat \u00fcber die Clarastraat \u00fcberqueren. 1.<sup>e<\/sup> Weg r.a. (= Jacobastraat). 1.<sup>e<\/sup> Stra\u00dfe l.a. (= Hoogveldsweg) und wiederum 1.<sup>e<\/sup> Weg l.a. = Kasteelweg. An der Verzweigung r.a. (= Kasteelweg) und 1.<sup>e<\/sup> l.a. (= Hoogveldsweg). 3.<sup>de<\/sup> Weg r.a. (= In de Plamten). 1.<sup>e<\/sup> Weg r.a. (= Op den Dijk). An der Kreuzung geradeaus (= Leenderstraat). An der Gabelung l.a. (= Bredeweg). Ende der Stra\u00dfe r.a. \u00fcber den Radweg (= Heerdstraat \/ Vlootveestraat). 2.<sup>de<\/sup> Weg r.a. (= Veestraat). An der Kreuzung r.a. (= Boekhorstweg). An der Gabelung Annendaalderweg l.a. (= Annendaalderweg). An der Gabelung Annendaalderweg \/ Kerkweg links halten, Richtung Posterholt. Auf der Echterboschbaan dem Radweg nach links folgen. \u00dcber den Annendaalsedijk, sp\u00e4ter Boomstraat, Richtung Posterholt. Am Kreisverkehr l.a. (= Hoofdstraat). Dieser bis zur Kirche folgen. Hier r.a. (= Nieuw Holsterweg) 1.<sup>e<\/sup> Weg l.a. (= Heerbaan).         <\/p>\n\n\n\r\n<div class=\"blink-block empty-space empty-space--medium \" ><\/div>\n\n\n<h3 class=\"wp-block-heading\">Verpflegungspunkt Posterholt: Sporthal De Wie\u00eb, Heerbaan 28 (28,1 km).<\/h3>\n\n\n\n<p>100 m nach der Sporthalle l.a. (= Streekelsweg) und direkt r.a. (= Hoofdstraat). An der F\u00fcnffachkreuzung die Burg. Geradtsstraat nehmen. In Reutje der Sint Josephstraat weiter folgen. An der Gabelung geradeaus (= Heidestraat). Diesem Weg folgen bis zur Vorfahrtsstra\u00dfe (= Waarderweg). Dort l.a. Erste Stra\u00dfe l.a. (= Sweeltjesbosweg). Nach der kleinen Br\u00fccke 1. Weg r.a. (= Broekweg). Am Ende der Stra\u00dfe in Montfort (35,5 km) l.a. (= Dijk) und sofort wieder r.a. (= Dijkstraat\/Aan het Water, Huysdijk). Nach der Ruine r.a. (= Oude Brachterweg). Vorfahrtsstra\u00dfe \u00fcberqueren und l.a. \u00fcber den Radweg (= Huysbongerdweg). Nun die erste Stra\u00dfe r.a. (= Reigersbroekweg, Bajonetweg, Renserweg). Nach der kleinen Br\u00fccke r.a. (= Heuvelstraat). \u00dcber die Gleise und dem Weg \u00fcber die Autobahn A73 folgen. Anschlie\u00dfend den Rijksweg \u00fcberqueren (= Heuvelstraat). Nun 1. Weg r.a. (= Heerenweg) und danach 1. Weg l.a. (= Tramlaan). Ende der Stra\u00dfe l.a. (= Kerkstraat) und danach sofort die Kerkstraat \u00fcberqueren zur Rector Hendrixstraat r.a. (= Rector Hendrikxstraat).               <\/p>\n\n\n\r\n<div class=\"blink-block empty-space empty-space--medium \" ><\/div>\n\n\n<h3 class=\"wp-block-heading\">Verpflegungspunkt Maasbracht: Gemeenschapshuis Baekerhoes, Kerkstraat 1 (42,3 km)<\/h3>\n\n\n\n<p>Von der Rector Hendrikxstraat l.a. (= Op de Berg). Diesem Weg folgen und an der Verzweigung geradeaus. Den kleinen Platz schr\u00e4g \u00fcberqueren. Op de Berg \u00fcber die Treppen verlassen und anschlie\u00dfend r.a. (= Hofstraat) und direkt l.a. (= Kempweg \/ Kloosterstraat).   <\/p>\n\n\n\n<p><em>Hinweis: Rollstuhlfahrer sollten wegen der Treppe an der Verzweigung Op de Berg rechts halten und anschlie\u00dfend links abbiegen (= Kempweg \/ Kloosterstraat).<\/em><\/p>\n\n\n\n<p>Nach der Viadukt A2 am 2. Kreisverkehr r.a. (= Brouwersstraat). Nach der Ausfahrt A2 r.a. auf die Maasbr\u00fccke Richtung Wessem. Am Ende der Br\u00fccke die Treppe links hinunter nach Wessem (47,5 km). Ende der Treppe l.a. (= Molenweg).   <\/p>\n\n\n\n<p><em>Hinweis: Rollstuhlfahrer sollten am Ende der Abfahrt am Kreisverkehr geradeaus \u00fcber die Pastoor Janssenstraat zum Molenweg fahren.<\/em><\/p>\n\n\n\n<p>Nach dem Caf\u00e9 de Hook l.a. (= Wallenstraat). Ende der Stra\u00dfe r.a. (= Maasboulevard). Dem Parallelweg rechts folgen (= Beekstraat). Unmittelbar nach der Kirche l.a., \u00fcber die kleine Br\u00fccke (= Oude Thornerweg). Ende des Weges l.a. und dem Thornerweg bis nach Thorn folgen.    <\/p>\n\n\n\r\n<div class=\"blink-block empty-space empty-space--medium \" ><\/div>\n\n\n<h3 class=\"wp-block-heading\">Verpflegungspunkt Thorn: Aod Thoear, Steegputstraat 2 (51,7 km)<\/h3>\n\n\n\n<p>L.a. in die Trippaardstraat. An der Gabelung geradeaus (= Hoogstraat). 1.<sup>ste<\/sup> Weg l.a. (= Kerkberg) und vor der Kirche r.a. (= Wijngaard, Daalstraat). An der Abzweigung l.a. (= Beekstraat, Kessenicherweg, Thornerweg, Schoorstraat). In Kessenich (53,6 km): nach dem Caf\u00e9 Bertus erste Stra\u00dfe l.a. (= Kerkstraat). Ende der Stra\u00dfe r.a. (= Agropolispark). Dem Agropolispark \u00fcber den Radweg auf dem Deich entlang der Maas folgen. Nach dem Ende des Radwegs l.a. (= Dalerstraat). 1. Stra\u00dfe r.a. (= Vroenhof). In Geistingen (56,8 km) am Ende der Stra\u00dfe l.a. (= Geistingen). Nach dem Caf\u00e9 Het Orgelhuys l.a. (= Bekerstraat, Heerweg). An der Kreuzung l.a. (= Maastraat). Bei der Abzweigung Dalerstraat geradeaus \u00fcberqueren und dem Fu\u00dfweg folgen.          <\/p>\n\n\n\n<p>An der Verzweigung r.a. (= Maasdijk \/ Leeuwerikstraat). An der Kreuzung (= Knotenpunkt 25) l.a. (= Herenlaakweg) und r.a. (= Broekstraat). In der Broekstraat die 1. Stra\u00dfe r.a. (= Broekstraat). An der Gabelung links halten (= Javanastraat) und anschlie\u00dfend an der Gabelung r.a. (= Hamontweg). Bei der Verzweigung rechts halten (= Bloesemweg). Vor dem Kreisverkehr links durch den Fahrradtunnel und dann links-rechts (= Kluisstraat), hinein nach Maaseik (61,3 km). Ende der Stra\u00dfe r.a. und sofort l.a. (= Venlosesteenweg, Eikerstraat). Auf dem Markt l.a. (= Bleumerstraat). \u00dcber den Fu\u00dfweg \u00fcber die Ringstra\u00dfe und \u00fcber die Maasbr\u00fccke. In Roosteren (64,3 km) nach Hausnummer 32 l.a. (= Op de Kampes) und r.a. (= Eyckholtstraat). Ende der Stra\u00dfe l.a. (= Maasheuvel). Erste Stra\u00dfe r.a. (= Schettereind). Auf der Vorfahrtstra\u00dfe l.a. (= Kasteel ter Borchstraat, Maaseikerweg).            <\/p>\n\n\n\n<p>In Dieteren (67 km) sofort die erste (gesperrte) Stra\u00dfe l.a. (= Roosterderweg). Ende der Stra\u00dfe r.a. (= Kerkstraat) und sofort l.a. (= Vleutstraat).<\/p>\n\n\n\r\n<div class=\"blink-block empty-space empty-space--medium \" ><\/div>\n\n\n<h3 class=\"wp-block-heading\">Verpflegungspunkt Dieteren: Gemeenschapshuis De Koppel, Vleutstraat 22 (67,3 km)<\/h3>\n\n\n\n<p>Zweimal r. a. (= Louerstraat). Durch die Unterf\u00fchrung 1.<sup> <\/sup>r. a. (= Chris Plitscherlaan). Nach dem Spielplatz l. a. (= Posterholtlaan) und anschlie\u00dfend 3.<sup> <\/sup>l. a. (= Schutterslaantje) und sofort wieder l. a. (= Poorterslaan). Am Ende der Stra\u00dfe r. a. (= Louerstraat) bis zum Oude Rijksweg in Susteren (68,5 km) r. a. Den Oude Rijksweg in H\u00f6he der Swentiboldstraat \u00fcberqueren und von der Swentiboldstraat aus nach 150 m r. a. (= Feurthstraat).    Die Feurthstraat geht in die Marktstraat \u00fcber, dieser weiter folgen. Am Ende des Marktes l. a. (= Salvatorstraat). An der Kreuzung geradeaus bis zum Salvatorplein. Rechts an der Kirche vorbei (= Relindisstraat, Op de Wallen, Abdijlaan). In der Abdijlaan die dritte Stra\u00dfe r. a. (= Molenveldweg). Zweite Stra\u00dfe r. a. (= In de Mehre). In der Stationsstraat r. a. und nach dem Bahn\u00fcbergang auf dem Radweg Richtung Nieuwstadt.        In Nieuwstadt (73,1 km) erste Stra\u00dfe r.a. (= Grachtstraat). 2. Weg l.a. (= Susterderpoort). 2. Stra\u00dfe l.a. (= Markt) und direkt r.a. Ende des Marktes l.a. (= Haverterstraat) und 2. Weg r.a. (= Haverterpoort \/ Sint Maartenswal). Ende der Stra\u00dfe r.a. (= Hoofdstraat) und anschlie\u00dfend l.a. bei der Tankstelle (= Millenerpoort). Auf der Vorfahrtstra\u00dfe r.a. (= Op de Brug, Sittarderweg, Nusterweg).    <\/p>\n\n\n\n<p>In Sittard (76,5 km) bei den Ampeln r.a. (= Dr. Nolenslaan). In H\u00f6he von Heuts Automaterialen \u00fcberqueren und danach l.a. (= Rijksweg Noord) und links dem Radweg folgen. Nach dem Kreisverkehr 2.<sup>e<\/sup> Weg l.a. (= Heistraat, Overhoven). Beim Stadtteilzentrum Oos Kaar (= Heistraat) rechts halten (= Heistraat, Overhoven).    Ende der Stra\u00dfe \u00fcberqueren l. a. (= Odasingel). Dem Odasingel folgen bis zur Haspelsestraat, hier r. a. und dann die Haspelsestraat \u00fcberqueren l. a. (= Lank Getske). Beim Rosaflat r. a. (= Kerkepad) und danach l. a. (= Achter Fort Picard). Ende des Pfades r. a. (= Paardestraat). Ende der Stra\u00dfe r.a. (= Putstraat, Markt). <strong>Ziel.<\/strong><\/p>\n\n\n\r\n<div class=\"blink-block empty-space empty-space--medium \" ><\/div>\n\n\r\n<div class=\"eye-block eye-card bg--darkblue \">\r\n    <div class=\"card-inner padding-large\">\r\n        <div class=\"acf-innerblocks-container\">\n\n<h2 class=\"wp-block-heading m-0\">Laden Sie <a href=\"https:\/\/kennedymars.org\/wp-content\/uploads\/2026\/03\/Routebeschrijving-KennedyMars-Printversie-v2003.pdf\" target=\"_blank\" rel=\"noreferrer noopener\">hier<\/a> die Druckversion herunter<\/h2>\n\n<\/div>\r\n    <\/div>\r\n<\/div><\/div><\/div>\n\n\n\n<div class=\"ghostkit-col ghostkit-col-lg-12 ghostkit-col-1 is-layout-flow wp-block-ghostkit-grid-column-is-layout-flow\"><div class=\"ghostkit-col-content\"><\/div><\/div>\n<\/div><\/div>\n\r\n<div class=\"blink-block empty-space empty-space--large \" ><\/div>","protected":false},"excerpt":{"rendered":"","protected":false},"author":1,"featured_media":0,"parent":0,"menu_order":0,"comment_status":"closed","ping_status":"closed","template":"","meta":{"_acf_changed":false,"ghostkit_customizer_options":"","ghostkit_custom_css":"","ghostkit_custom_js_head":"","ghostkit_custom_js_foot":"","ghostkit_typography":"","ep_exclude_from_search":false,"footnotes":""},"class_list":["post-1660","page","type-page","status-publish","hentry"],"acf":[],"yoast_head":"<!-- This site is optimized with the Yoast SEO plugin v27.2 - https:\/\/yoast.com\/product\/yoast-seo-wordpress\/ -->\n<title>Routenbeschreibung 2026 \u2013 Kennedy-Mars - Kennedy-Mars Sittard<\/title>\n<meta name=\"robots\" content=\"index, follow, max-snippet:-1, max-image-preview:large, max-video-preview:-1\" \/>\n<link rel=\"canonical\" href=\"https:\/\/kennedymars.org\/de\/wegbeschreibung-2026-kennedy-mars\/\" \/>\n<meta property=\"og:locale\" content=\"de_DE\" \/>\n<meta property=\"og:type\" content=\"article\" \/>\n<meta property=\"og:title\" content=\"Routenbeschreibung 2026 \u2013 Kennedy-Mars - Kennedy-Mars Sittard\" \/>\n<meta property=\"og:url\" content=\"https:\/\/kennedymars.org\/de\/wegbeschreibung-2026-kennedy-mars\/\" \/>\n<meta property=\"og:site_name\" content=\"Kennedy-Mars Sittard\" \/>\n<meta property=\"article:publisher\" content=\"https:\/\/www.facebook.com\/KennedyMarsSittard\" \/>\n<meta property=\"article:modified_time\" content=\"2026-03-24T13:13:49+00:00\" \/>\n<meta name=\"twitter:card\" content=\"summary_large_image\" \/>\n<meta name=\"twitter:label1\" content=\"Gesch\u00e4tzte Lesezeit\" \/>\n\t<meta name=\"twitter:data1\" content=\"6\u00a0Minuten\" \/>\n<script type=\"application\/ld+json\" class=\"yoast-schema-graph\">{\"@context\":\"https:\/\/schema.org\",\"@graph\":[{\"@type\":\"WebPage\",\"@id\":\"https:\/\/kennedymars.org\/de\/wegbeschreibung-2026-kennedy-mars\/\",\"url\":\"https:\/\/kennedymars.org\/de\/wegbeschreibung-2026-kennedy-mars\/\",\"name\":\"Routenbeschreibung 2026 \u2013 Kennedy-Mars - Kennedy-Mars Sittard\",\"isPartOf\":{\"@id\":\"https:\/\/kennedymars.org\/#website\"},\"datePublished\":\"2026-03-16T09:08:06+00:00\",\"dateModified\":\"2026-03-24T13:13:49+00:00\",\"breadcrumb\":{\"@id\":\"https:\/\/kennedymars.org\/de\/wegbeschreibung-2026-kennedy-mars\/#breadcrumb\"},\"inLanguage\":\"de\",\"potentialAction\":[{\"@type\":\"ReadAction\",\"target\":[\"https:\/\/kennedymars.org\/de\/wegbeschreibung-2026-kennedy-mars\/\"]}]},{\"@type\":\"BreadcrumbList\",\"@id\":\"https:\/\/kennedymars.org\/de\/wegbeschreibung-2026-kennedy-mars\/#breadcrumb\",\"itemListElement\":[{\"@type\":\"ListItem\",\"position\":1,\"name\":\"Home\",\"item\":\"https:\/\/kennedymars.org\/de\/\"},{\"@type\":\"ListItem\",\"position\":2,\"name\":\"Routenbeschreibung 2026 \u2013 Kennedy-Mars\"}]},{\"@type\":\"WebSite\",\"@id\":\"https:\/\/kennedymars.org\/#website\",\"url\":\"https:\/\/kennedymars.org\/\",\"name\":\"Kennedy-Mars Sittard\",\"description\":\"\",\"publisher\":{\"@id\":\"https:\/\/kennedymars.org\/#organization\"},\"potentialAction\":[{\"@type\":\"SearchAction\",\"target\":{\"@type\":\"EntryPoint\",\"urlTemplate\":\"https:\/\/kennedymars.org\/?s={search_term_string}\"},\"query-input\":{\"@type\":\"PropertyValueSpecification\",\"valueRequired\":true,\"valueName\":\"search_term_string\"}}],\"inLanguage\":\"de\"},{\"@type\":\"Organization\",\"@id\":\"https:\/\/kennedymars.org\/#organization\",\"name\":\"Kennedy-Mars Sittard\",\"url\":\"https:\/\/kennedymars.org\/\",\"logo\":{\"@type\":\"ImageObject\",\"inLanguage\":\"de\",\"@id\":\"https:\/\/kennedymars.org\/#\/schema\/logo\/image\/\",\"url\":\"https:\/\/kennedymars.org\/wp-content\/uploads\/2026\/03\/KMS-logo-color.png\",\"contentUrl\":\"https:\/\/kennedymars.org\/wp-content\/uploads\/2026\/03\/KMS-logo-color.png\",\"width\":848,\"height\":254,\"caption\":\"Kennedy-Mars Sittard\"},\"image\":{\"@id\":\"https:\/\/kennedymars.org\/#\/schema\/logo\/image\/\"},\"sameAs\":[\"https:\/\/www.facebook.com\/KennedyMarsSittard\",\"https:\/\/www.instagram.com\/kennedymarssittard1963\/\"]}]}<\/script>\n<!-- \/ Yoast SEO plugin. -->","yoast_head_json":{"title":"Routenbeschreibung 2026 \u2013 Kennedy-Mars - Kennedy-Mars Sittard","robots":{"index":"index","follow":"follow","max-snippet":"max-snippet:-1","max-image-preview":"max-image-preview:large","max-video-preview":"max-video-preview:-1"},"canonical":"https:\/\/kennedymars.org\/de\/wegbeschreibung-2026-kennedy-mars\/","og_locale":"de_DE","og_type":"article","og_title":"Routenbeschreibung 2026 \u2013 Kennedy-Mars - Kennedy-Mars Sittard","og_url":"https:\/\/kennedymars.org\/de\/wegbeschreibung-2026-kennedy-mars\/","og_site_name":"Kennedy-Mars Sittard","article_publisher":"https:\/\/www.facebook.com\/KennedyMarsSittard","article_modified_time":"2026-03-24T13:13:49+00:00","twitter_card":"summary_large_image","twitter_misc":{"Gesch\u00e4tzte Lesezeit":"6\u00a0Minuten"},"schema":{"@context":"https:\/\/schema.org","@graph":[{"@type":"WebPage","@id":"https:\/\/kennedymars.org\/de\/wegbeschreibung-2026-kennedy-mars\/","url":"https:\/\/kennedymars.org\/de\/wegbeschreibung-2026-kennedy-mars\/","name":"Routenbeschreibung 2026 \u2013 Kennedy-Mars - Kennedy-Mars Sittard","isPartOf":{"@id":"https:\/\/kennedymars.org\/#website"},"datePublished":"2026-03-16T09:08:06+00:00","dateModified":"2026-03-24T13:13:49+00:00","breadcrumb":{"@id":"https:\/\/kennedymars.org\/de\/wegbeschreibung-2026-kennedy-mars\/#breadcrumb"},"inLanguage":"de","potentialAction":[{"@type":"ReadAction","target":["https:\/\/kennedymars.org\/de\/wegbeschreibung-2026-kennedy-mars\/"]}]},{"@type":"BreadcrumbList","@id":"https:\/\/kennedymars.org\/de\/wegbeschreibung-2026-kennedy-mars\/#breadcrumb","itemListElement":[{"@type":"ListItem","position":1,"name":"Home","item":"https:\/\/kennedymars.org\/de\/"},{"@type":"ListItem","position":2,"name":"Routenbeschreibung 2026 \u2013 Kennedy-Mars"}]},{"@type":"WebSite","@id":"https:\/\/kennedymars.org\/#website","url":"https:\/\/kennedymars.org\/","name":"Kennedy-Mars Sittard","description":"","publisher":{"@id":"https:\/\/kennedymars.org\/#organization"},"potentialAction":[{"@type":"SearchAction","target":{"@type":"EntryPoint","urlTemplate":"https:\/\/kennedymars.org\/?s={search_term_string}"},"query-input":{"@type":"PropertyValueSpecification","valueRequired":true,"valueName":"search_term_string"}}],"inLanguage":"de"},{"@type":"Organization","@id":"https:\/\/kennedymars.org\/#organization","name":"Kennedy-Mars Sittard","url":"https:\/\/kennedymars.org\/","logo":{"@type":"ImageObject","inLanguage":"de","@id":"https:\/\/kennedymars.org\/#\/schema\/logo\/image\/","url":"https:\/\/kennedymars.org\/wp-content\/uploads\/2026\/03\/KMS-logo-color.png","contentUrl":"https:\/\/kennedymars.org\/wp-content\/uploads\/2026\/03\/KMS-logo-color.png","width":848,"height":254,"caption":"Kennedy-Mars Sittard"},"image":{"@id":"https:\/\/kennedymars.org\/#\/schema\/logo\/image\/"},"sameAs":["https:\/\/www.facebook.com\/KennedyMarsSittard","https:\/\/www.instagram.com\/kennedymarssittard1963\/"]}]}},"_links":{"self":[{"href":"https:\/\/kennedymars.org\/de\/wp-json\/wp\/v2\/pages\/1660","targetHints":{"allow":["GET"]}}],"collection":[{"href":"https:\/\/kennedymars.org\/de\/wp-json\/wp\/v2\/pages"}],"about":[{"href":"https:\/\/kennedymars.org\/de\/wp-json\/wp\/v2\/types\/page"}],"author":[{"embeddable":true,"href":"https:\/\/kennedymars.org\/de\/wp-json\/wp\/v2\/users\/1"}],"replies":[{"embeddable":true,"href":"https:\/\/kennedymars.org\/de\/wp-json\/wp\/v2\/comments?post=1660"}],"version-history":[{"count":3,"href":"https:\/\/kennedymars.org\/de\/wp-json\/wp\/v2\/pages\/1660\/revisions"}],"predecessor-version":[{"id":2289,"href":"https:\/\/kennedymars.org\/de\/wp-json\/wp\/v2\/pages\/1660\/revisions\/2289"}],"wp:attachment":[{"href":"https:\/\/kennedymars.org\/de\/wp-json\/wp\/v2\/media?parent=1660"}],"curies":[{"name":"wp","href":"https:\/\/api.w.org\/{rel}","templated":true}]}}