{"id":1653,"date":"2026-03-16T09:26:09","date_gmt":"2026-03-16T09:26:09","guid":{"rendered":"https:\/\/kennedymars.org\/wegbeschreibung-2026-swentibold-marsch\/"},"modified":"2026-03-24T13:13:49","modified_gmt":"2026-03-24T13:13:49","slug":"wegbeschreibung-2026-swentibold-marsch","status":"publish","type":"page","link":"https:\/\/kennedymars.org\/de\/wegbeschreibung-2026-swentibold-marsch\/","title":{"rendered":"Wegbeschreibung 2026 \u2013 Swentibold-Mars"},"content":{"rendered":"\n<div class=\"ghostkit-grid ghostkit-grid-gap-md\"><div class=\"ghostkit-grid-inner\">\n<div class=\"ghostkit-col ghostkit-col-lg-12 ghostkit-col-1 is-layout-flow wp-block-ghostkit-grid-column-is-layout-flow\"><div class=\"ghostkit-col-content\"><\/div><\/div>\n\n\n\n<div class=\"ghostkit-col ghostkit-col-lg-12 ghostkit-col-10\"><div class=\"ghostkit-col-content is-layout-flow wp-block-ghostkit-grid-column-is-layout-flow\">\n<h2 class=\"wp-block-heading\">Wegbeschreibung 2026 \u2013 Swentibold-Mars<\/h2>\n\n\n\n<p><em>Letzte Aktualisierung: 12. M\u00e4rz 2026<\/em><\/p>\n\n\n\r\n<div class=\"blink-block empty-space empty-space--medium \" ><\/div>\n\n\n<h3 class=\"wp-block-heading\">START: Oude Markt, Sittard<\/h3>\n\n\n\n<p>l. a. (= Kloosterplein), 50 m r. a. (= Deken Thijssenstraat), 150 m l. a. (= Begijnenhofstraat), Ende der Stra\u00dfe r. a. (= Brandstraat), an der Kreuzung Parklaan geradeaus aufgrund von Bauarbeiten und anschlie\u00dfend nach 50 m l. a. (= Sjteegske), Ende Sjteegske (= Wilhelminastraat) \u00fcberqueren (= Kleine Steeg). Agricolastraat \u00fcberqueren (= Steegstraat). Ende der Stra\u00dfe r. a. (= Ophoven). 1.<sup> r. a. (= Geuweg). Rijksweg Zuid \u00fcberqueren (= Geuweg). Bahn\u00fcbergang \u00fcberqueren und anschlie\u00dfend r. a. (= Seringenstraat). Ende der Stra\u00dfe l. a. (= Geraniumstraat). Nach ca. 150 m auf der rechten Seite dem Pfad in Richtung Eisenbahnbr\u00fccke folgen. Nach der Eisenbahnbr\u00fccke l. a. (= Bokscoulweg). Ende der Stra\u00dfe r. a. (= Lissabonlaan). 1.<sup> r. a. (= Parijsboulevard). 2.<sup> l. a. (= Stockholmstraat).<\/sup><\/sup><\/sup> An der Ampel die Bergerweg \u00fcberqueren (= Industriestraat). In der Industriestraat die erste Stra\u00dfe l. a. (= Fischerpad). Durch die Unterf\u00fchrung und direkt danach r. a. (= Steijnkuilweg). Ende der Stra\u00dfe r. a. (= Leeuwerik). Diesem Boulevard bis zum Ende des Ackerlandes auf der linken Seite folgen. Nach 200 m den kleinen Pfad nach links nehmen. Dieser f\u00fchrt zur Ringweg in <strong>Limbricht <\/strong>(5 km). Dort \u00fcberqueren und in die Prof. Mentenlaan einbiegen. Am Ende r. a. (= Achter de Hoven) und sofort wieder l. a. (= Salviusstraat). Auf der Bovenstraat l. a. und sofort wieder r. a. (= Sportlaan). Auf der Sportlaan die 5.<sup> Stra\u00dfe l. a. (= Klinkekoulsweg). Ende der Stra\u00dfe r. a. (= Limbrichterweg). In <strong>Guttecoven<\/strong> (7 km) an der Kreuzung geradeaus (= Dwarsstraat, Kerkstraat). Erste Stra\u00dfe r. a. (= Wijnrankenstraat) und geradeaus (= Veersestraat). An der Gabelung r. a. und sofort an der n\u00e4chsten Gabelung l. a. (= Rijstraat). Erste Stra\u00dfe l. a. (= Rothweg). Nach dem Tunnel r. a. (= Heiveldweg). 1.<sup> l. a. (= Vreebosweg). 1.<sup> r. a. (= Bosweg). In <strong>Born<\/strong> (10,5 km) an der Gabelung mit der Kempstraat und der Kerkstraat dem Stra\u00dfenverlauf auf der Kerkstraat folgen. 3.<sup> l. a. (= Tiendstraat). In der Tiendstraat 1.<sup> l. a. Graaf v. Loonstraat. Ende der Stra\u00dfe r. a. (= Groenstraat). Ende der Stra\u00dfe l. a. (= Oude Baan). Diesem Weg folgen bis nach <strong>Graetheide <\/strong>(13 km). Am Ortsende r. a. (= Schutterskampweg). Nach der Br\u00fccke r. a. (= Brugstraat). An der 2.<sup> Kreuzung l. a. (= Ecrevissestraat). 3. Stra\u00dfe r. a. (= Emmastraat, Maasstraat). Beim Monument l. a. (= Dijk)<\/sup><\/sup><\/sup><\/sup><\/sup><\/sup>                   <\/p>\n\n\n\r\n<div class=\"blink-block empty-space empty-space--medium \" ><\/div>\n\n\n<h3 class=\"wp-block-heading\">Verpflegungspunkt Obbicht: Schutterijzaal, Harrecoven 27, Obbicht (16 km)<\/h3>\n\n\n\n<p>Dem Deich folgen bis nach <strong>Grevenbicht<\/strong> (17,5 km) an der Maaskoul. Hier r. a. (= Pannesheuvel) und sofort l. a. (= Steenweg, Staai), 2. Weg r. a. (= Merker-Eyckstraat). Danach l. a. (= Op de Coul). Nach Hausnummer 20 r. a. (= Ruijtersweg). An der Gabelung rechts halten (= Lookerweg) und an der Kreuzung l. a. (= Ruitersdijk). Dem Deich <strong>folgen<\/strong> bis nach <strong>Illikhoven<\/strong> (21 km). Hier l. a. (= Illikhoven). Vorbei an \u2019t Maashuuske, kurz links (= Vissersweert) und vor dem Viadukt rechts halten (= Ruitersdijk). Ende Ruitersdijk r. a. (= Kokkelertstraat). Maaseikerweg \u00fcberqueren und r. a. auf dem Radweg Richtung <strong>Roosteren<\/strong> (24,5 km). 1.<sup> <\/sup>Weg l. a. (= Op de Kampes, Eykholtstraat). Ende der Stra\u00dfe l. a. (= Maasheuvel). Von hier an verl\u00e4uft die Route gemeinsam mit der des Kennedy-Mars. Erster Weg r. a. (= Schettereind). Auf der Vorfahrtstra\u00dfe l. a. (= Kasteel ter Borchstraat, Maaseikerweg). In <strong>Dieteren<\/strong> sofort die erste (gesperrte) Stra\u00dfe l. a. (= Roosterderweg). Ende der Stra\u00dfe r. a. (= Kerkstraat) und sofort l. a. (= Vleutstraat).               <\/p>\n\n\n\r\n<div class=\"blink-block empty-space empty-space--medium \" ><\/div>\n\n\n<h3 class=\"wp-block-heading\">Verpflegungspunkt Dieteren: Gemeenschapshuis De Koppel, Vleutstr. 22 (27 km) <\/h3>\n\n\n\n<p>Zweimal r. a. (= Louerstraat). Durch die Unterf\u00fchrung 1.<sup> <\/sup> r. a. (= Chris Plitscherlaan). Nach dem Spielplatz l. a. (= Posterholtlaan) und anschlie\u00dfend 3.<sup> <\/sup> l. a. (= Schutterslaantje) und gleich wieder l. a. (= Poorterslaan). Ende der Stra\u00dfe r. a. (= Louerstraat) bis zur Oude Rijksweg in <strong>Susteren<\/strong> (28 km) r. a. Oude Rijksweg in H\u00f6he der Swentiboldstraat \u00fcberqueren und von der Swentiboldstraat aus anschlie\u00dfend nach 150 m r. a. (= Feurthstraat). Die Feurthstraat geht in die Marktstraat \u00fcber, dieser weiter folgen. Ende Markt l. a. (= Salvatorstraat). An der Kreuzung geradeaus bis zum Salvatorplein. Rechts an der Kirche vorbei (= Relindisstraat, Op de Wallen, Abdijlaan). Dritte Stra\u00dfe r. a. (= Molenveldweg). Zweite Stra\u00dfe r. a. (= In de Mehre).         <\/p>\n\n\n\n<p>Auf der Stationsstraat r. a. und nach dem Bahn\u00fcbergang auf dem Radweg Richtung Nieuwstadt. <\/p>\n\n\n\n<p>In <strong>Nieuwstadt<\/strong> (33 km) erste Stra\u00dfe r. a. (= Grachtstraat). 2. Stra\u00dfe l. a. (= Susterderpoort). 2. Stra\u00dfe l. a. (= Markt) und direkt r. a., Ende Markt l. a. (= Haverterstraat) und 2. Stra\u00dfe r. a. (= Haverterpoort \/ Sint Maartenswal). Ende der Stra\u00dfe r. a. (= Hoofdstraat) und anschlie\u00dfend l. a. bei der Tankstelle (= Millenerpoort). Auf der Vorfahrtsstra\u00dfe r. a. (= Op de Brug, Sittarderweg, Nusterweg).    <\/p>\n\n\n\n<p>In <strong>Sittard<\/strong> an der Ampel r. a. (= Dr. Nolenslaan). Auf der H\u00f6he von Heuts Automaterialen \u00fcberqueren und danach l. a. (= Rijksweg Noord) und links dem Radweg folgen. Nach dem Kreisverkehr die 2.<sup> Stra\u00dfe l. a. (= Heistraat, Overhoven). Beim Nachbarschaftszentrum Oos Kaar (= Heistraat) rechts halten (= Heistraat, Overhoven).<\/sup>    Ende der Stra\u00dfe \u00fcberqueren l. a. (= Odasingel). Dem Odasingel folgen bis zur Haspelsestraat, hier r. a. und dann die Haspelsestraat \u00fcberqueren l. a. (= Lank Getske). Beim Rosaflat r. a. (= Kerkepad) und danach l. a. (= Achter Fort Picard). Ende des Pfades r. a. (= Paardestraat). Ende der Stra\u00dfe r. a. (= Putstraat, Markt). Ziel.<\/p>\n\n\n\r\n<div class=\"blink-block empty-space empty-space--medium \" ><\/div>\n\n\r\n<div class=\"eye-block eye-card bg--green \">\r\n    <div class=\"card-inner padding-large\">\r\n        <div class=\"acf-innerblocks-container\">\n\n<h2 class=\"wp-block-heading m-0\">Laden Sie <a href=\"https:\/\/kennedymars.org\/wp-content\/uploads\/2026\/03\/routebeschrijving-swentibold-mars-printversie.pdf\" data-type=\"link\" data-id=\"https:\/\/kennedymars.org\/wp-content\/uploads\/2026\/03\/routebeschrijving-swentibold-mars-printversie.pdf\" target=\"_blank\" rel=\"noreferrer noopener\">hier<\/a> die Druckversion herunter<\/h2>\n\n<\/div>\r\n    <\/div>\r\n<\/div><\/div><\/div>\n\n\n\n<div class=\"ghostkit-col ghostkit-col-lg-12 ghostkit-col-1 is-layout-flow wp-block-ghostkit-grid-column-is-layout-flow\"><div class=\"ghostkit-col-content\"><\/div><\/div>\n<\/div><\/div>\n\r\n<div class=\"blink-block empty-space empty-space--large \" ><\/div>","protected":false},"excerpt":{"rendered":"","protected":false},"author":1,"featured_media":0,"parent":0,"menu_order":0,"comment_status":"closed","ping_status":"closed","template":"","meta":{"_acf_changed":false,"ghostkit_customizer_options":"","ghostkit_custom_css":"","ghostkit_custom_js_head":"","ghostkit_custom_js_foot":"","ghostkit_typography":"","ep_exclude_from_search":false,"footnotes":""},"class_list":["post-1653","page","type-page","status-publish","hentry"],"acf":[],"yoast_head":"<!-- This site is optimized with the Yoast SEO plugin v27.2 - https:\/\/yoast.com\/product\/yoast-seo-wordpress\/ -->\n<title>Wegbeschreibung 2026 \u2013 Swentibold-Mars - Kennedy-Mars Sittard<\/title>\n<meta name=\"robots\" content=\"index, follow, max-snippet:-1, max-image-preview:large, max-video-preview:-1\" \/>\n<link rel=\"canonical\" href=\"https:\/\/kennedymars.org\/de\/wegbeschreibung-2026-swentibold-marsch\/\" \/>\n<meta property=\"og:locale\" content=\"de_DE\" \/>\n<meta property=\"og:type\" content=\"article\" \/>\n<meta property=\"og:title\" content=\"Wegbeschreibung 2026 \u2013 Swentibold-Mars - Kennedy-Mars Sittard\" \/>\n<meta property=\"og:url\" content=\"https:\/\/kennedymars.org\/de\/wegbeschreibung-2026-swentibold-marsch\/\" \/>\n<meta property=\"og:site_name\" content=\"Kennedy-Mars Sittard\" \/>\n<meta property=\"article:publisher\" content=\"https:\/\/www.facebook.com\/KennedyMarsSittard\" \/>\n<meta property=\"article:modified_time\" content=\"2026-03-24T13:13:49+00:00\" \/>\n<meta name=\"twitter:card\" content=\"summary_large_image\" \/>\n<meta name=\"twitter:label1\" content=\"Gesch\u00e4tzte Lesezeit\" \/>\n\t<meta name=\"twitter:data1\" content=\"4\u00a0Minuten\" \/>\n<script type=\"application\/ld+json\" class=\"yoast-schema-graph\">{\"@context\":\"https:\/\/schema.org\",\"@graph\":[{\"@type\":\"WebPage\",\"@id\":\"https:\/\/kennedymars.org\/de\/wegbeschreibung-2026-swentibold-marsch\/\",\"url\":\"https:\/\/kennedymars.org\/de\/wegbeschreibung-2026-swentibold-marsch\/\",\"name\":\"Wegbeschreibung 2026 \u2013 Swentibold-Mars - Kennedy-Mars Sittard\",\"isPartOf\":{\"@id\":\"https:\/\/kennedymars.org\/#website\"},\"datePublished\":\"2026-03-16T09:26:09+00:00\",\"dateModified\":\"2026-03-24T13:13:49+00:00\",\"breadcrumb\":{\"@id\":\"https:\/\/kennedymars.org\/de\/wegbeschreibung-2026-swentibold-marsch\/#breadcrumb\"},\"inLanguage\":\"de\",\"potentialAction\":[{\"@type\":\"ReadAction\",\"target\":[\"https:\/\/kennedymars.org\/de\/wegbeschreibung-2026-swentibold-marsch\/\"]}]},{\"@type\":\"BreadcrumbList\",\"@id\":\"https:\/\/kennedymars.org\/de\/wegbeschreibung-2026-swentibold-marsch\/#breadcrumb\",\"itemListElement\":[{\"@type\":\"ListItem\",\"position\":1,\"name\":\"Home\",\"item\":\"https:\/\/kennedymars.org\/de\/\"},{\"@type\":\"ListItem\",\"position\":2,\"name\":\"Wegbeschreibung 2026 \u2013 Swentibold-Mars\"}]},{\"@type\":\"WebSite\",\"@id\":\"https:\/\/kennedymars.org\/#website\",\"url\":\"https:\/\/kennedymars.org\/\",\"name\":\"Kennedy-Mars Sittard\",\"description\":\"\",\"publisher\":{\"@id\":\"https:\/\/kennedymars.org\/#organization\"},\"potentialAction\":[{\"@type\":\"SearchAction\",\"target\":{\"@type\":\"EntryPoint\",\"urlTemplate\":\"https:\/\/kennedymars.org\/?s={search_term_string}\"},\"query-input\":{\"@type\":\"PropertyValueSpecification\",\"valueRequired\":true,\"valueName\":\"search_term_string\"}}],\"inLanguage\":\"de\"},{\"@type\":\"Organization\",\"@id\":\"https:\/\/kennedymars.org\/#organization\",\"name\":\"Kennedy-Mars Sittard\",\"url\":\"https:\/\/kennedymars.org\/\",\"logo\":{\"@type\":\"ImageObject\",\"inLanguage\":\"de\",\"@id\":\"https:\/\/kennedymars.org\/#\/schema\/logo\/image\/\",\"url\":\"https:\/\/kennedymars.org\/wp-content\/uploads\/2026\/03\/KMS-logo-color.png\",\"contentUrl\":\"https:\/\/kennedymars.org\/wp-content\/uploads\/2026\/03\/KMS-logo-color.png\",\"width\":848,\"height\":254,\"caption\":\"Kennedy-Mars Sittard\"},\"image\":{\"@id\":\"https:\/\/kennedymars.org\/#\/schema\/logo\/image\/\"},\"sameAs\":[\"https:\/\/www.facebook.com\/KennedyMarsSittard\",\"https:\/\/www.instagram.com\/kennedymarssittard1963\/\"]}]}<\/script>\n<!-- \/ Yoast SEO plugin. -->","yoast_head_json":{"title":"Wegbeschreibung 2026 \u2013 Swentibold-Mars - Kennedy-Mars Sittard","robots":{"index":"index","follow":"follow","max-snippet":"max-snippet:-1","max-image-preview":"max-image-preview:large","max-video-preview":"max-video-preview:-1"},"canonical":"https:\/\/kennedymars.org\/de\/wegbeschreibung-2026-swentibold-marsch\/","og_locale":"de_DE","og_type":"article","og_title":"Wegbeschreibung 2026 \u2013 Swentibold-Mars - Kennedy-Mars Sittard","og_url":"https:\/\/kennedymars.org\/de\/wegbeschreibung-2026-swentibold-marsch\/","og_site_name":"Kennedy-Mars Sittard","article_publisher":"https:\/\/www.facebook.com\/KennedyMarsSittard","article_modified_time":"2026-03-24T13:13:49+00:00","twitter_card":"summary_large_image","twitter_misc":{"Gesch\u00e4tzte Lesezeit":"4\u00a0Minuten"},"schema":{"@context":"https:\/\/schema.org","@graph":[{"@type":"WebPage","@id":"https:\/\/kennedymars.org\/de\/wegbeschreibung-2026-swentibold-marsch\/","url":"https:\/\/kennedymars.org\/de\/wegbeschreibung-2026-swentibold-marsch\/","name":"Wegbeschreibung 2026 \u2013 Swentibold-Mars - Kennedy-Mars Sittard","isPartOf":{"@id":"https:\/\/kennedymars.org\/#website"},"datePublished":"2026-03-16T09:26:09+00:00","dateModified":"2026-03-24T13:13:49+00:00","breadcrumb":{"@id":"https:\/\/kennedymars.org\/de\/wegbeschreibung-2026-swentibold-marsch\/#breadcrumb"},"inLanguage":"de","potentialAction":[{"@type":"ReadAction","target":["https:\/\/kennedymars.org\/de\/wegbeschreibung-2026-swentibold-marsch\/"]}]},{"@type":"BreadcrumbList","@id":"https:\/\/kennedymars.org\/de\/wegbeschreibung-2026-swentibold-marsch\/#breadcrumb","itemListElement":[{"@type":"ListItem","position":1,"name":"Home","item":"https:\/\/kennedymars.org\/de\/"},{"@type":"ListItem","position":2,"name":"Wegbeschreibung 2026 \u2013 Swentibold-Mars"}]},{"@type":"WebSite","@id":"https:\/\/kennedymars.org\/#website","url":"https:\/\/kennedymars.org\/","name":"Kennedy-Mars Sittard","description":"","publisher":{"@id":"https:\/\/kennedymars.org\/#organization"},"potentialAction":[{"@type":"SearchAction","target":{"@type":"EntryPoint","urlTemplate":"https:\/\/kennedymars.org\/?s={search_term_string}"},"query-input":{"@type":"PropertyValueSpecification","valueRequired":true,"valueName":"search_term_string"}}],"inLanguage":"de"},{"@type":"Organization","@id":"https:\/\/kennedymars.org\/#organization","name":"Kennedy-Mars Sittard","url":"https:\/\/kennedymars.org\/","logo":{"@type":"ImageObject","inLanguage":"de","@id":"https:\/\/kennedymars.org\/#\/schema\/logo\/image\/","url":"https:\/\/kennedymars.org\/wp-content\/uploads\/2026\/03\/KMS-logo-color.png","contentUrl":"https:\/\/kennedymars.org\/wp-content\/uploads\/2026\/03\/KMS-logo-color.png","width":848,"height":254,"caption":"Kennedy-Mars Sittard"},"image":{"@id":"https:\/\/kennedymars.org\/#\/schema\/logo\/image\/"},"sameAs":["https:\/\/www.facebook.com\/KennedyMarsSittard","https:\/\/www.instagram.com\/kennedymarssittard1963\/"]}]}},"_links":{"self":[{"href":"https:\/\/kennedymars.org\/de\/wp-json\/wp\/v2\/pages\/1653","targetHints":{"allow":["GET"]}}],"collection":[{"href":"https:\/\/kennedymars.org\/de\/wp-json\/wp\/v2\/pages"}],"about":[{"href":"https:\/\/kennedymars.org\/de\/wp-json\/wp\/v2\/types\/page"}],"author":[{"embeddable":true,"href":"https:\/\/kennedymars.org\/de\/wp-json\/wp\/v2\/users\/1"}],"replies":[{"embeddable":true,"href":"https:\/\/kennedymars.org\/de\/wp-json\/wp\/v2\/comments?post=1653"}],"version-history":[{"count":3,"href":"https:\/\/kennedymars.org\/de\/wp-json\/wp\/v2\/pages\/1653\/revisions"}],"predecessor-version":[{"id":2300,"href":"https:\/\/kennedymars.org\/de\/wp-json\/wp\/v2\/pages\/1653\/revisions\/2300"}],"wp:attachment":[{"href":"https:\/\/kennedymars.org\/de\/wp-json\/wp\/v2\/media?parent=1653"}],"curies":[{"name":"wp","href":"https:\/\/api.w.org\/{rel}","templated":true}]}}