{"id":1643,"date":"2026-03-04T12:13:01","date_gmt":"2026-03-04T12:13:01","guid":{"rendered":"https:\/\/kennedymars.org\/freiwillige\/"},"modified":"2026-03-24T13:13:43","modified_gmt":"2026-03-24T13:13:43","slug":"freiwillige","status":"publish","type":"page","link":"https:\/\/kennedymars.org\/de\/freiwillige\/","title":{"rendered":"Freiwillige"},"content":{"rendered":"<div class=\"eye-block breadcrumbs-wrapper no-animation\">\r\n            <ul class=\"site-breadcrumbs\">\r\n            <li class=\"crumb\">\r\n                <a class=\"disable-line\" href=\"https:\/\/kennedymars.org\">\r\n                    <i class=\"fa-regular fa-house\"><\/i>\r\n                <\/a>\r\n            <\/li>\r\n\r\n                            <div class=\"divider\"><\/div>\r\n                <li class=\"crumb\">\r\n                    <a class=\"disable-line\" href=\"https:\/\/kennedymars.org\/de\/freiwillige\/\">\r\n                        Freiwillige                    <\/a>\r\n                <\/li>\r\n                    <\/ul>\r\n    <\/div>\n<div class=\"ghostkit-grid ghostkit-grid-gap-md ghostkit-grid-align-items-center\"><div class=\"ghostkit-grid-inner\">\n<div class=\"ghostkit-col ghostkit-col-md-12 ghostkit-col-6\"><div class=\"ghostkit-col-content is-layout-flow wp-block-ghostkit-grid-column-is-layout-flow\">\r\n<div class=\"label-container label--left no-animation\">\r\n    <div class=\"eye-block label bg--yellow\">\r\n        <div class=\"ellipse\"><\/div>\r\n                    <span class=\"label--text\">Freiwillige<\/span>\r\n            <\/div>\r\n<\/div>\r\n\n\n\n<h2 class=\"wp-block-heading\">Gemeinsam machen wir den Kennedy-Mars m\u00f6glich<\/h2>\n\n\n\n<p>An den Tagen vor dem Marsch sowie am Marschtag selbst setzen sich Dutzende von Menschen daf\u00fcr ein, dass alles reibungslos, sicher und stimmungsvoll abl\u00e4uft. Von den Kontrollposten bis zur Verwaltung, vom Verkehr bis zum Empfang: Ohne Freiwillige g\u00e4be es keinen Kennedy-Mars. <\/p>\n\n\n\r\n<div class=\"blink-block empty-space empty-space--small \" ><\/div>\n\n\n<div class=\"wp-block-group is-nowrap is-layout-flex wp-container-core-group-is-layout-ad2f72ca wp-block-group-is-layout-flex\">\r\n<div class=\"blink-element button text-start \" >\r\n            <a class=\"btn btn-primary \"\r\n           href=\"#\/\"\r\n           target=\"\">\r\n            Werden Sie Freiwilliger        <\/a>\r\n    <\/div>\n\n\r\n<div class=\"blink-element button text-start \" >\r\n            <a class=\"btn btn-outline \"\r\n           href=\"#\/\"\r\n           target=\"\">\r\n            Kontaktieren Sie uns        <\/a>\r\n    <\/div><\/div>\n<\/div><\/div>\n\n\n\n<div class=\"ghostkit-col ghostkit-col-md-12 ghostkit-col-6\"><div class=\"ghostkit-col-content is-layout-flow wp-block-ghostkit-grid-column-is-layout-flow\">\n<figure class=\"wp-block-image size-full img-rounded-corners\"><img decoding=\"async\" width=\"1182\" height=\"1182\" src=\"https:\/\/kennedymars.org\/wp-content\/uploads\/2026\/03\/KMS-Vrijwilligers-1.jpeg\" alt=\"\" class=\"wp-image-759\" style=\"aspect-ratio:3\/2;object-fit:cover\" srcset=\"https:\/\/kennedymars.org\/wp-content\/uploads\/2026\/03\/KMS-Vrijwilligers-1.jpeg 1182w, https:\/\/kennedymars.org\/wp-content\/uploads\/2026\/03\/KMS-Vrijwilligers-1-300x300.jpeg 300w, https:\/\/kennedymars.org\/wp-content\/uploads\/2026\/03\/KMS-Vrijwilligers-1-1024x1024.jpeg 1024w, https:\/\/kennedymars.org\/wp-content\/uploads\/2026\/03\/KMS-Vrijwilligers-1-150x150.jpeg 150w, https:\/\/kennedymars.org\/wp-content\/uploads\/2026\/03\/KMS-Vrijwilligers-1-768x768.jpeg 768w\" sizes=\"(max-width: 1182px) 100vw, 1182px\" \/><\/figure>\n<\/div><\/div>\n<\/div><\/div>\n\r\n<div class=\"blink-block empty-space empty-space--large \" ><\/div>\n<div class=\"ghostkit-grid ghostkit-grid-gap-md\"><div class=\"ghostkit-grid-inner\">\n<div class=\"ghostkit-col ghostkit-col-lg-12 ghostkit-col-1 is-layout-flow wp-block-ghostkit-grid-column-is-layout-flow\"><div class=\"ghostkit-col-content\"><\/div><\/div>\n\n\n\n<div class=\"ghostkit-col ghostkit-col-lg-12 ghostkit-col-10\"><div class=\"ghostkit-col-content is-layout-flow wp-block-ghostkit-grid-column-is-layout-flow\">\n<div class=\"ghostkit-grid ghostkit-grid-gap-lg\"><div class=\"ghostkit-grid-inner\">\n<div class=\"ghostkit-col ghostkit-col-md-12 ghostkit-col-6\"><div class=\"ghostkit-col-content is-layout-flow wp-block-ghostkit-grid-column-is-layout-flow\">\r\n<div class=\"label-container label--left no-animation\">\r\n    <div class=\"eye-block label bg--darkblue\">\r\n        <div class=\"ellipse\"><\/div>\r\n                    <span class=\"label--text\">W\u00e4hrend der Veranstaltung<\/span>\r\n            <\/div>\r\n<\/div>\r\n\n\n\n<h3 class=\"wp-block-heading\">Freiwillige rund um den Marschtag<\/h3>\n\n\n\n<p>In den Tagen vor dem Marsch und am Marschtag selbst sind Dutzende von Freiwilligen in den unterschiedlichsten Rollen aktiv.<\/p>\n\n\n\n<p>M\u00f6chten Sie auch helfen?<\/p>\n\n\n\r\n<div class=\"blink-element button text-start \" >\r\n            <a class=\"btn btn-outline \"\r\n           href=\"#\/\"\r\n           target=\"\">\r\n            Kontaktieren Sie uns        <\/a>\r\n    <\/div><\/div><\/div>\n\n\n\n<div class=\"ghostkit-col ghostkit-col-md-12 ghostkit-col-6\"><div class=\"ghostkit-col-content is-layout-flow wp-block-ghostkit-grid-column-is-layout-flow\">\r\n<div class=\"eye-block eye-card bg--pastelblue \">\r\n    <div class=\"card-inner padding-medium\">\r\n        <div class=\"acf-innerblocks-container\">\n\n<ul class=\"wp-block-list\">\n<li>Kontrolleur \/ Hauptkontrolleur<\/li>\n\n\n\n<li>Fahrer<\/li>\n\n\n\n<li>Spitzen- \/ Schlusskommissar<\/li>\n\n\n\n<li>Mitarbeiter Verwaltung<\/li>\n\n\n\n<li>Empfangskomitee<\/li>\n\n\n\n<li>Ansager<\/li>\n\n\n\n<li>Mitarbeiter Verkauf \/ Info<\/li>\n\n\n\n<li>Aufbauhelfer \/ Abbauhelfer<\/li>\n\n\n\n<li>Besetzung der Kontrollposten<\/li>\n\n\n\n<li>Medaillenausgabe<\/li>\n\n\n\n<li>Unterst\u00fctzung beim Mini-Mars und Swentibold-Mars<\/li>\n\n\n\n<li>Unterst\u00fctzung bei Start und Ziel<\/li>\n<\/ul>\n\n<\/div>\r\n    <\/div>\r\n<\/div><\/div><\/div>\n<\/div><\/div>\n\n\n\r\n<div class=\"blink-block empty-space empty-space--large \" ><\/div>\n\n\n<div class=\"ghostkit-grid ghostkit-grid-gap-lg\"><div class=\"ghostkit-grid-inner\">\n<div class=\"ghostkit-col ghostkit-col-md-12 ghostkit-col-6\"><div class=\"ghostkit-col-content is-layout-flow wp-block-ghostkit-grid-column-is-layout-flow\">\r\n<div class=\"label-container label--left no-animation\">\r\n    <div class=\"eye-block label bg--darkblue\">\r\n        <div class=\"ellipse\"><\/div>\r\n                    <span class=\"label--text\">Arbeitsgruppen<\/span>\r\n            <\/div>\r\n<\/div>\r\n\n\n\n<h3 class=\"wp-block-heading\">Arbeitsgruppen<\/h3>\n\n\n\n<p>Hinter den Kulissen sind Arbeitsgruppen aktiv, die das ganze Jahr \u00fcber zur Organisation beitragen.<\/p>\n<\/div><\/div>\n\n\n\n<div class=\"ghostkit-col ghostkit-col-md-12 ghostkit-col-6\"><div class=\"ghostkit-col-content is-layout-flow wp-block-ghostkit-grid-column-is-layout-flow\">\r\n<div class=\"eye-block eye-card bg--pastelblue \">\r\n    <div class=\"card-inner padding-medium\">\r\n        <div class=\"acf-innerblocks-container\">\n\n<ul class=\"wp-block-list\">\n<li>Sponsorengewinnung<\/li>\n\n\n\n<li>Rahmenprogramm<\/li>\n\n\n\n<li>PR<\/li>\n\n\n\n<li>Automatisierung<\/li>\n<\/ul>\n\n<\/div>\r\n    <\/div>\r\n<\/div><\/div><\/div>\n<\/div><\/div>\n\n\n\r\n<div class=\"blink-block empty-space empty-space--large \" ><\/div>\n\n\n<div class=\"ghostkit-grid ghostkit-grid-gap-lg\"><div class=\"ghostkit-grid-inner\">\n<div class=\"ghostkit-col ghostkit-col-md-12 ghostkit-col-6\"><div class=\"ghostkit-col-content is-layout-flow wp-block-ghostkit-grid-column-is-layout-flow\">\r\n<div class=\"label-container label--left no-animation\">\r\n    <div class=\"eye-block label bg--darkblue\">\r\n        <div class=\"ellipse\"><\/div>\r\n                    <span class=\"label--text\">Vereine<\/span>\r\n            <\/div>\r\n<\/div>\r\n\n\n\n<h3 class=\"wp-block-heading\">Zusammen mit Vereinen<\/h3>\n\n\n\n<p>Neben individuellen Freiwilligen arbeitet die Stiftung mit verschiedenen Vereinen zusammen.<\/p>\n<\/div><\/div>\n\n\n\n<div class=\"ghostkit-col ghostkit-col-md-12 ghostkit-col-6\"><div class=\"ghostkit-col-content is-layout-flow wp-block-ghostkit-grid-column-is-layout-flow\">\r\n<div class=\"eye-block eye-card bg--pastelblue \">\r\n    <div class=\"card-inner padding-medium\">\r\n        <div class=\"acf-innerblocks-container\">\n\n<ul class=\"wp-block-list\">\n<li>Besetzung der Rotkreuz-Posten<\/li>\n\n\n\n<li>Massageposten<\/li>\n\n\n\n<li>Wettkampfklasse<\/li>\n\n\n\n<li>Verkehrsregelung<\/li>\n\n\n\n<li>Unterst\u00fctzung Mini- &amp; Swentibold-Mars<\/li>\n\n\n\n<li>Unterst\u00fctzung bei Start &amp; Ziel<\/li>\n\n\n\n<li>Aufr\u00e4umtrupp<\/li>\n<\/ul>\n\n<\/div>\r\n    <\/div>\r\n<\/div><\/div><\/div>\n<\/div><\/div>\n<\/div><\/div>\n\n\n\n<div class=\"ghostkit-col ghostkit-col-lg-12 ghostkit-col-1 is-layout-flow wp-block-ghostkit-grid-column-is-layout-flow\"><div class=\"ghostkit-col-content\"><\/div><\/div>\n<\/div><\/div>\n\r\n<div class=\"blink-block empty-space empty-space--large \" ><\/div>\r\n<div class=\"eye-block eye-card bg--darkblue \">\r\n    <div class=\"card-inner padding-large\">\r\n        <div class=\"acf-innerblocks-container\">\n\n<h2 class=\"wp-block-heading\">M\u00f6chten Sie auch bei der Organisation des \u00e4ltesten Kennedy-Mars der Niederlande mithelfen? Dann senden Sie bitte eine E-Mail an <a href=\"mailto:info@kennedymars.org\">info@kennedymars.org<\/a>. <\/h2>\n\n<\/div>\r\n    <\/div>\r\n<\/div>\r\n<div class=\"blink-block empty-space empty-space--large \" ><\/div>","protected":false},"excerpt":{"rendered":"","protected":false},"author":1,"featured_media":0,"parent":0,"menu_order":0,"comment_status":"closed","ping_status":"closed","template":"","meta":{"_acf_changed":false,"ghostkit_customizer_options":"","ghostkit_custom_css":"","ghostkit_custom_js_head":"","ghostkit_custom_js_foot":"","ghostkit_typography":"","ep_exclude_from_search":false,"footnotes":""},"class_list":["post-1643","page","type-page","status-publish","hentry"],"acf":[],"yoast_head":"<!-- This site is optimized with the Yoast SEO plugin v27.2 - https:\/\/yoast.com\/product\/yoast-seo-wordpress\/ -->\n<title>Freiwillige - Kennedy-Mars Sittard<\/title>\n<meta name=\"robots\" content=\"index, follow, max-snippet:-1, max-image-preview:large, max-video-preview:-1\" \/>\n<link rel=\"canonical\" href=\"https:\/\/kennedymars.org\/de\/freiwillige\/\" \/>\n<meta property=\"og:locale\" content=\"de_DE\" \/>\n<meta property=\"og:type\" content=\"article\" \/>\n<meta property=\"og:title\" content=\"Freiwillige - Kennedy-Mars Sittard\" \/>\n<meta property=\"og:url\" content=\"https:\/\/kennedymars.org\/de\/freiwillige\/\" \/>\n<meta property=\"og:site_name\" content=\"Kennedy-Mars Sittard\" \/>\n<meta property=\"article:publisher\" content=\"https:\/\/www.facebook.com\/KennedyMarsSittard\" \/>\n<meta property=\"article:modified_time\" content=\"2026-03-24T13:13:43+00:00\" \/>\n<meta property=\"og:image\" content=\"https:\/\/kennedymars.org\/wp-content\/uploads\/2026\/03\/KMS-Vrijwilligers-1.jpeg\" \/>\n\t<meta property=\"og:image:width\" content=\"1182\" \/>\n\t<meta property=\"og:image:height\" content=\"1182\" \/>\n\t<meta property=\"og:image:type\" content=\"image\/jpeg\" \/>\n<meta name=\"twitter:card\" content=\"summary_large_image\" \/>\n<meta name=\"twitter:label1\" content=\"Gesch\u00e4tzte Lesezeit\" \/>\n\t<meta name=\"twitter:data1\" content=\"1\u00a0Minute\" \/>\n<script type=\"application\/ld+json\" class=\"yoast-schema-graph\">{\"@context\":\"https:\/\/schema.org\",\"@graph\":[{\"@type\":\"WebPage\",\"@id\":\"https:\/\/kennedymars.org\/de\/freiwillige\/\",\"url\":\"https:\/\/kennedymars.org\/de\/freiwillige\/\",\"name\":\"Freiwillige - Kennedy-Mars Sittard\",\"isPartOf\":{\"@id\":\"https:\/\/kennedymars.org\/#website\"},\"primaryImageOfPage\":{\"@id\":\"https:\/\/kennedymars.org\/de\/freiwillige\/#primaryimage\"},\"image\":{\"@id\":\"https:\/\/kennedymars.org\/de\/freiwillige\/#primaryimage\"},\"thumbnailUrl\":\"https:\/\/kennedymars.org\/wp-content\/uploads\/2026\/03\/KMS-Vrijwilligers-1.jpeg\",\"datePublished\":\"2026-03-04T12:13:01+00:00\",\"dateModified\":\"2026-03-24T13:13:43+00:00\",\"breadcrumb\":{\"@id\":\"https:\/\/kennedymars.org\/de\/freiwillige\/#breadcrumb\"},\"inLanguage\":\"de\",\"potentialAction\":[{\"@type\":\"ReadAction\",\"target\":[\"https:\/\/kennedymars.org\/de\/freiwillige\/\"]}]},{\"@type\":\"ImageObject\",\"inLanguage\":\"de\",\"@id\":\"https:\/\/kennedymars.org\/de\/freiwillige\/#primaryimage\",\"url\":\"https:\/\/kennedymars.org\/wp-content\/uploads\/2026\/03\/KMS-Vrijwilligers-1.jpeg\",\"contentUrl\":\"https:\/\/kennedymars.org\/wp-content\/uploads\/2026\/03\/KMS-Vrijwilligers-1.jpeg\"},{\"@type\":\"BreadcrumbList\",\"@id\":\"https:\/\/kennedymars.org\/de\/freiwillige\/#breadcrumb\",\"itemListElement\":[{\"@type\":\"ListItem\",\"position\":1,\"name\":\"Home\",\"item\":\"https:\/\/kennedymars.org\/de\/\"},{\"@type\":\"ListItem\",\"position\":2,\"name\":\"Freiwillige\"}]},{\"@type\":\"WebSite\",\"@id\":\"https:\/\/kennedymars.org\/#website\",\"url\":\"https:\/\/kennedymars.org\/\",\"name\":\"Kennedy-Mars Sittard\",\"description\":\"\",\"publisher\":{\"@id\":\"https:\/\/kennedymars.org\/#organization\"},\"potentialAction\":[{\"@type\":\"SearchAction\",\"target\":{\"@type\":\"EntryPoint\",\"urlTemplate\":\"https:\/\/kennedymars.org\/?s={search_term_string}\"},\"query-input\":{\"@type\":\"PropertyValueSpecification\",\"valueRequired\":true,\"valueName\":\"search_term_string\"}}],\"inLanguage\":\"de\"},{\"@type\":\"Organization\",\"@id\":\"https:\/\/kennedymars.org\/#organization\",\"name\":\"Kennedy-Mars Sittard\",\"url\":\"https:\/\/kennedymars.org\/\",\"logo\":{\"@type\":\"ImageObject\",\"inLanguage\":\"de\",\"@id\":\"https:\/\/kennedymars.org\/#\/schema\/logo\/image\/\",\"url\":\"https:\/\/kennedymars.org\/wp-content\/uploads\/2026\/03\/KMS-logo-color.png\",\"contentUrl\":\"https:\/\/kennedymars.org\/wp-content\/uploads\/2026\/03\/KMS-logo-color.png\",\"width\":848,\"height\":254,\"caption\":\"Kennedy-Mars Sittard\"},\"image\":{\"@id\":\"https:\/\/kennedymars.org\/#\/schema\/logo\/image\/\"},\"sameAs\":[\"https:\/\/www.facebook.com\/KennedyMarsSittard\",\"https:\/\/www.instagram.com\/kennedymarssittard1963\/\"]}]}<\/script>\n<!-- \/ Yoast SEO plugin. -->","yoast_head_json":{"title":"Freiwillige - Kennedy-Mars Sittard","robots":{"index":"index","follow":"follow","max-snippet":"max-snippet:-1","max-image-preview":"max-image-preview:large","max-video-preview":"max-video-preview:-1"},"canonical":"https:\/\/kennedymars.org\/de\/freiwillige\/","og_locale":"de_DE","og_type":"article","og_title":"Freiwillige - Kennedy-Mars Sittard","og_url":"https:\/\/kennedymars.org\/de\/freiwillige\/","og_site_name":"Kennedy-Mars Sittard","article_publisher":"https:\/\/www.facebook.com\/KennedyMarsSittard","article_modified_time":"2026-03-24T13:13:43+00:00","og_image":[{"width":1182,"height":1182,"url":"https:\/\/kennedymars.org\/wp-content\/uploads\/2026\/03\/KMS-Vrijwilligers-1.jpeg","type":"image\/jpeg"}],"twitter_card":"summary_large_image","twitter_misc":{"Gesch\u00e4tzte Lesezeit":"1\u00a0Minute"},"schema":{"@context":"https:\/\/schema.org","@graph":[{"@type":"WebPage","@id":"https:\/\/kennedymars.org\/de\/freiwillige\/","url":"https:\/\/kennedymars.org\/de\/freiwillige\/","name":"Freiwillige - Kennedy-Mars Sittard","isPartOf":{"@id":"https:\/\/kennedymars.org\/#website"},"primaryImageOfPage":{"@id":"https:\/\/kennedymars.org\/de\/freiwillige\/#primaryimage"},"image":{"@id":"https:\/\/kennedymars.org\/de\/freiwillige\/#primaryimage"},"thumbnailUrl":"https:\/\/kennedymars.org\/wp-content\/uploads\/2026\/03\/KMS-Vrijwilligers-1.jpeg","datePublished":"2026-03-04T12:13:01+00:00","dateModified":"2026-03-24T13:13:43+00:00","breadcrumb":{"@id":"https:\/\/kennedymars.org\/de\/freiwillige\/#breadcrumb"},"inLanguage":"de","potentialAction":[{"@type":"ReadAction","target":["https:\/\/kennedymars.org\/de\/freiwillige\/"]}]},{"@type":"ImageObject","inLanguage":"de","@id":"https:\/\/kennedymars.org\/de\/freiwillige\/#primaryimage","url":"https:\/\/kennedymars.org\/wp-content\/uploads\/2026\/03\/KMS-Vrijwilligers-1.jpeg","contentUrl":"https:\/\/kennedymars.org\/wp-content\/uploads\/2026\/03\/KMS-Vrijwilligers-1.jpeg"},{"@type":"BreadcrumbList","@id":"https:\/\/kennedymars.org\/de\/freiwillige\/#breadcrumb","itemListElement":[{"@type":"ListItem","position":1,"name":"Home","item":"https:\/\/kennedymars.org\/de\/"},{"@type":"ListItem","position":2,"name":"Freiwillige"}]},{"@type":"WebSite","@id":"https:\/\/kennedymars.org\/#website","url":"https:\/\/kennedymars.org\/","name":"Kennedy-Mars Sittard","description":"","publisher":{"@id":"https:\/\/kennedymars.org\/#organization"},"potentialAction":[{"@type":"SearchAction","target":{"@type":"EntryPoint","urlTemplate":"https:\/\/kennedymars.org\/?s={search_term_string}"},"query-input":{"@type":"PropertyValueSpecification","valueRequired":true,"valueName":"search_term_string"}}],"inLanguage":"de"},{"@type":"Organization","@id":"https:\/\/kennedymars.org\/#organization","name":"Kennedy-Mars Sittard","url":"https:\/\/kennedymars.org\/","logo":{"@type":"ImageObject","inLanguage":"de","@id":"https:\/\/kennedymars.org\/#\/schema\/logo\/image\/","url":"https:\/\/kennedymars.org\/wp-content\/uploads\/2026\/03\/KMS-logo-color.png","contentUrl":"https:\/\/kennedymars.org\/wp-content\/uploads\/2026\/03\/KMS-logo-color.png","width":848,"height":254,"caption":"Kennedy-Mars Sittard"},"image":{"@id":"https:\/\/kennedymars.org\/#\/schema\/logo\/image\/"},"sameAs":["https:\/\/www.facebook.com\/KennedyMarsSittard","https:\/\/www.instagram.com\/kennedymarssittard1963\/"]}]}},"_links":{"self":[{"href":"https:\/\/kennedymars.org\/de\/wp-json\/wp\/v2\/pages\/1643","targetHints":{"allow":["GET"]}}],"collection":[{"href":"https:\/\/kennedymars.org\/de\/wp-json\/wp\/v2\/pages"}],"about":[{"href":"https:\/\/kennedymars.org\/de\/wp-json\/wp\/v2\/types\/page"}],"author":[{"embeddable":true,"href":"https:\/\/kennedymars.org\/de\/wp-json\/wp\/v2\/users\/1"}],"replies":[{"embeddable":true,"href":"https:\/\/kennedymars.org\/de\/wp-json\/wp\/v2\/comments?post=1643"}],"version-history":[{"count":3,"href":"https:\/\/kennedymars.org\/de\/wp-json\/wp\/v2\/pages\/1643\/revisions"}],"predecessor-version":[{"id":2284,"href":"https:\/\/kennedymars.org\/de\/wp-json\/wp\/v2\/pages\/1643\/revisions\/2284"}],"wp:attachment":[{"href":"https:\/\/kennedymars.org\/de\/wp-json\/wp\/v2\/media?parent=1643"}],"curies":[{"name":"wp","href":"https:\/\/api.w.org\/{rel}","templated":true}]}}