{"id":1638,"date":"2026-03-04T13:12:47","date_gmt":"2026-03-04T13:12:47","guid":{"rendered":"https:\/\/kennedymars.org\/kontakt\/"},"modified":"2026-03-24T13:13:49","modified_gmt":"2026-03-24T13:13:49","slug":"kontakt","status":"publish","type":"page","link":"https:\/\/kennedymars.org\/de\/kontakt\/","title":{"rendered":"Kontakt"},"content":{"rendered":"<div class=\"eye-block breadcrumbs-wrapper no-animation\">\r\n            <ul class=\"site-breadcrumbs\">\r\n            <li class=\"crumb\">\r\n                <a class=\"disable-line\" href=\"https:\/\/kennedymars.org\">\r\n                    <i class=\"fa-regular fa-house\"><\/i>\r\n                <\/a>\r\n            <\/li>\r\n\r\n                            <div class=\"divider\"><\/div>\r\n                <li class=\"crumb\">\r\n                    <a class=\"disable-line\" href=\"https:\/\/kennedymars.org\/de\/kontakt\/\">\r\n                        Kontakt                    <\/a>\r\n                <\/li>\r\n                    <\/ul>\r\n    <\/div>\r\n<div class=\"blink-block empty-space empty-space--medium \" ><\/div>\n<div class=\"ghostkit-grid ghostkit-grid-gap-md\"><div class=\"ghostkit-grid-inner\">\n<div class=\"ghostkit-col ghostkit-col-md-12 ghostkit-col-6\"><div class=\"ghostkit-col-content is-layout-flow wp-block-ghostkit-grid-column-is-layout-flow\">\r\n<div class=\"label-container label--left no-animation\">\r\n    <div class=\"eye-block label bg--yellow\">\r\n        <div class=\"ellipse\"><\/div>\r\n                    <span class=\"label--text\">Kontakt<\/span>\r\n            <\/div>\r\n<\/div>\r\n\n\n\n<h2 class=\"wp-block-heading\">Kontaktieren Sie uns<\/h2>\n\n\n\n<p>Haben Sie eine Frage zum Kennedy-Mars, zu den Routen, zur Anmeldung oder zu etwas anderem? Kontaktieren Sie uns gerne \u00fcber das Formular. Wir helfen Ihnen gerne weiter.  <\/p>\n\n\n\r\n<div class=\"blink-block empty-space empty-space--small \" ><\/div>\n\n\n<h4 class=\"wp-block-heading\">Kontaktdaten<\/h4>\n\n\n\n<ul class=\"wp-block-list\">\n<li>Stichting Kennedy-Mars Sittard<\/li>\n\n\n\n<li>KvK: 14059927<\/li>\n<\/ul>\n<\/div><\/div>\n\n\n\n<div class=\"ghostkit-col ghostkit-col-md-12 ghostkit-col-6\"><div class=\"ghostkit-col-content is-layout-flow wp-block-ghostkit-grid-column-is-layout-flow\">\r\n<div class=\"eye-block eye-card bg--lightgray \">\r\n    <div class=\"card-inner padding-large\">\r\n        <div class=\"acf-innerblocks-container\">\n<style id=\"wpforms-css-vars-569-block-55dc285f-31eb-4608-b0e7-d8e81de313b6\">\n\t\t\t\t#wpforms-569.wpforms-block-55dc285f-31eb-4608-b0e7-d8e81de313b6 {\n\t\t\t\t--wpforms-field-size-input-height: 43px;\n--wpforms-field-size-input-spacing: 15px;\n--wpforms-field-size-font-size: 16px;\n--wpforms-field-size-line-height: 19px;\n--wpforms-field-size-padding-h: 14px;\n--wpforms-field-size-checkbox-size: 16px;\n--wpforms-field-size-sublabel-spacing: 5px;\n--wpforms-field-size-icon-size: 1;\n--wpforms-label-size-font-size: 16px;\n--wpforms-label-size-line-height: 19px;\n--wpforms-label-size-sublabel-font-size: 14px;\n--wpforms-label-size-sublabel-line-height: 17px;\n--wpforms-button-size-font-size: 17px;\n--wpforms-button-size-height: 41px;\n--wpforms-button-size-padding-h: 15px;\n--wpforms-button-size-margin-top: 10px;\n--wpforms-container-shadow-size-box-shadow: none;\n\t\t\t}\n\t\t\t<\/style><div class=\"wpforms-container wpforms-container-full wpforms-block wpforms-block-55dc285f-31eb-4608-b0e7-d8e81de313b6 wpforms-render-modern\" id=\"wpforms-569\"><form id=\"wpforms-form-569\" class=\"wpforms-validate wpforms-form wpforms-ajax-form\" data-formid=\"569\" method=\"post\" enctype=\"multipart\/form-data\" action=\"\/de\/wp-json\/wp\/v2\/pages\/1638\" data-token=\"1837361c00021f07ac52441dfa373a7f\" data-token-time=\"1776140798\"><noscript class=\"wpforms-error-noscript\">Bitte aktiviere JavaScript in deinem Browser, um dieses Formular fertigzustellen.<\/noscript><div id=\"wpforms-error-noscript\" style=\"display: none;\">Bitte aktiviere JavaScript in deinem Browser, um dieses Formular fertigzustellen.<\/div><div class=\"wpforms-field-container\"><div id=\"wpforms-569-field_1-container\" class=\"wpforms-field wpforms-field-name\" data-field-id=\"1\"><fieldset><legend class=\"wpforms-field-label\">Name <span class=\"wpforms-required-label\" aria-hidden=\"true\">*<\/span><\/legend><div class=\"wpforms-field-row wpforms-field-large\"><div class=\"wpforms-field-row-block wpforms-first wpforms-one-half\"><input type=\"text\" id=\"wpforms-569-field_1\" class=\"wpforms-field-name-first wpforms-field-required\" name=\"wpforms[fields][1][first]\" aria-errormessage=\"wpforms-569-field_1-error\" required><label for=\"wpforms-569-field_1\" class=\"wpforms-field-sublabel after\">Voornaam<\/label><\/div><div class=\"wpforms-field-row-block wpforms-one-half\"><input type=\"text\" id=\"wpforms-569-field_1-last\" class=\"wpforms-field-name-last wpforms-field-required\" name=\"wpforms[fields][1][last]\" aria-errormessage=\"wpforms-569-field_1-last-error\" required><label for=\"wpforms-569-field_1-last\" class=\"wpforms-field-sublabel after\">Achternaam<\/label><\/div><\/div><\/fieldset><\/div><div id=\"wpforms-569-field_2-container\" class=\"wpforms-field wpforms-field-email\" data-field-id=\"2\"><label class=\"wpforms-field-label\" for=\"wpforms-569-field_2\">E-Mail <span class=\"wpforms-required-label\" aria-hidden=\"true\">*<\/span><\/label><input type=\"email\" id=\"wpforms-569-field_2\" class=\"wpforms-field-large wpforms-field-required\" name=\"wpforms[fields][2]\" spellcheck=\"false\" aria-errormessage=\"wpforms-569-field_2-error\" required><\/div>\t\t<div id=\"wpforms-569-field_4-container\"\n\t\t\tclass=\"wpforms-field wpforms-field-text\"\n\t\t\tdata-field-type=\"text\"\n\t\t\tdata-field-id=\"4\"\n\t\t\t>\n\t\t\t<label class=\"wpforms-field-label\" for=\"wpforms-569-field_4\" >Kommentar oder E-Mail<\/label>\n\t\t\t<input type=\"text\" id=\"wpforms-569-field_4\" class=\"wpforms-field-medium\" name=\"wpforms[fields][4]\" >\n\t\t<\/div>\n\t\t<div id=\"wpforms-569-field_3-container\" class=\"wpforms-field wpforms-field-textarea\" data-field-id=\"3\"><label class=\"wpforms-field-label\" for=\"wpforms-569-field_3\">Kommentar oder Nachricht<\/label><textarea id=\"wpforms-569-field_3\" class=\"wpforms-field-medium\" name=\"wpforms[fields][3]\" aria-errormessage=\"wpforms-569-field_3-error\" ><\/textarea><\/div><script>\n\t\t\t\t( function() {\n\t\t\t\t\tconst style = document.createElement( 'style' );\n\t\t\t\t\tstyle.appendChild( document.createTextNode( '#wpforms-569-field_4-container { position: absolute !important; overflow: hidden !important; display: inline !important; height: 1px !important; width: 1px !important; z-index: -1000 !important; padding: 0 !important; } #wpforms-569-field_4-container input { visibility: hidden; } #wpforms-conversational-form-page #wpforms-569-field_4-container label { counter-increment: none; }' ) );\n\t\t\t\t\tdocument.head.appendChild( style );\n\t\t\t\t\tdocument.currentScript?.remove();\n\t\t\t\t} )();\n\t\t\t<\/script><\/div><!-- .wpforms-field-container --><div class=\"wpforms-recaptcha-container wpforms-is-turnstile\" ><div class=\"wpforms-turnstile\" data-sitekey=\"0x4AAAAAAB8DYDNbV9sPjp8m\" data-action=\"FormID-569\"><\/div><input type=\"text\" name=\"g-recaptcha-hidden\" class=\"wpforms-recaptcha-hidden\" style=\"position:absolute!important;clip:rect(0,0,0,0)!important;height:1px!important;width:1px!important;border:0!important;overflow:hidden!important;padding:0!important;margin:0!important;\" data-rule-turnstile=\"1\"><\/div><div class=\"wpforms-submit-container\" ><input type=\"hidden\" name=\"wpforms[id]\" value=\"569\"><input type=\"hidden\" name=\"page_title\" value=\"\"><input type=\"hidden\" name=\"page_url\" value=\"https:\/\/kennedymars.org\/de\/wp-json\/wp\/v2\/pages\/1638\"><input type=\"hidden\" name=\"url_referer\" value=\"\"><button type=\"submit\" name=\"wpforms[submit]\" id=\"wpforms-submit-569\" class=\"wpforms-submit\" data-alt-text=\"Senden...\" data-submit-text=\"Absenden\" aria-live=\"assertive\" value=\"wpforms-submit\">Absenden<\/button><img decoding=\"async\" src=\"https:\/\/kennedymars.org\/wp-content\/plugins\/wpforms\/assets\/images\/submit-spin.svg\" class=\"wpforms-submit-spinner\" style=\"display: none;\" width=\"26\" height=\"26\" alt=\"Wird geladen\"><\/div><\/form><\/div>  <!-- .wpforms-container -->\n<\/div>\r\n    <\/div>\r\n<\/div><\/div><\/div>\n<\/div><\/div>\n\r\n<div class=\"blink-block empty-space empty-space--large \" ><\/div>\n<h3 class=\"wp-block-heading\">Stiftungsvorstand<\/h3>\n\n<p>Die Organisation des Kennedy-Mars, Swentibold-Mars und Mini-Mars liegt in den H\u00e4nden der Stichting Kennedy-Mars Sittard.<\/p>\n\n<p>Der Vorstand der Stiftung besteht aus:<\/p>\n\n<figure class=\"wp-block-table three-column-table\"><table class=\"has-fixed-layout\"><tbody><tr><td>Han Wolffs<\/td><td>Vorsitzender<\/td><\/tr><tr><td>Roel Grubben<\/td><td>Sekret\u00e4r<\/td><\/tr><tr><td>D\u00e9sir\u00e9e van IJzendoorn<\/td><td>Schatzmeister<\/td><\/tr><tr><td>Harrie Camps<\/td><td><\/td><\/tr><tr><td>Jack Goossens<\/td><td><\/td><\/tr><tr><td>Joris Janssen<\/td><td><\/td><\/tr><tr><td>Mirelle van der Kreeft<\/td><td><\/td><\/tr><tr><td>Nicky van Mierlo<\/td><td><\/td><\/tr><tr><td>Ron van Mierlo<\/td><td><\/td><\/tr><\/tbody><\/table><\/figure>\n\r\n<div class=\"blink-block empty-space empty-space--large \" ><\/div>","protected":false},"excerpt":{"rendered":"<p>Stiftungsvorstand Die Organisation des Kennedy-Mars, Swentibold-Mars und Mini-Mars liegt in den H\u00e4nden der Stichting Kennedy-Mars Sittard. Der Vorstand der Stiftung besteht aus: Han Wolffs Vorsitzender Roel Grubben Sekret\u00e4r D\u00e9sir\u00e9e van IJzendoorn Schatzmeister Harrie Camps Jack Goossens Joris Janssen Mirelle van der Kreeft Nicky van Mierlo Ron van Mierlo<\/p>\n","protected":false},"author":1,"featured_media":0,"parent":0,"menu_order":0,"comment_status":"closed","ping_status":"closed","template":"","meta":{"_acf_changed":false,"ghostkit_customizer_options":"","ghostkit_custom_css":"","ghostkit_custom_js_head":"","ghostkit_custom_js_foot":"","ghostkit_typography":"","ep_exclude_from_search":false,"footnotes":""},"class_list":["post-1638","page","type-page","status-publish","hentry"],"acf":[],"yoast_head":"<!-- This site is optimized with the Yoast SEO plugin v27.2 - https:\/\/yoast.com\/product\/yoast-seo-wordpress\/ -->\n<title>Kontakt - Kennedy-Mars Sittard<\/title>\n<meta name=\"robots\" content=\"index, follow, max-snippet:-1, max-image-preview:large, max-video-preview:-1\" \/>\n<link rel=\"canonical\" href=\"https:\/\/kennedymars.org\/de\/kontakt\/\" \/>\n<meta property=\"og:locale\" content=\"de_DE\" \/>\n<meta property=\"og:type\" content=\"article\" \/>\n<meta property=\"og:title\" content=\"Kontakt - Kennedy-Mars Sittard\" \/>\n<meta property=\"og:description\" content=\"Stiftungsvorstand Die Organisation des Kennedy-Mars, Swentibold-Mars und Mini-Mars liegt in den H\u00e4nden der Stichting Kennedy-Mars Sittard. Der Vorstand der Stiftung besteht aus: Han Wolffs Vorsitzender Roel Grubben Sekret\u00e4r D\u00e9sir\u00e9e van IJzendoorn Schatzmeister Harrie Camps Jack Goossens Joris Janssen Mirelle van der Kreeft Nicky van Mierlo Ron van Mierlo\" \/>\n<meta property=\"og:url\" content=\"https:\/\/kennedymars.org\/de\/kontakt\/\" \/>\n<meta property=\"og:site_name\" content=\"Kennedy-Mars Sittard\" \/>\n<meta property=\"article:publisher\" content=\"https:\/\/www.facebook.com\/KennedyMarsSittard\" \/>\n<meta property=\"article:modified_time\" content=\"2026-03-24T13:13:49+00:00\" \/>\n<meta name=\"twitter:card\" content=\"summary_large_image\" \/>\n<script type=\"application\/ld+json\" class=\"yoast-schema-graph\">{\"@context\":\"https:\/\/schema.org\",\"@graph\":[{\"@type\":\"WebPage\",\"@id\":\"https:\/\/kennedymars.org\/de\/kontakt\/\",\"url\":\"https:\/\/kennedymars.org\/de\/kontakt\/\",\"name\":\"Kontakt - Kennedy-Mars Sittard\",\"isPartOf\":{\"@id\":\"https:\/\/kennedymars.org\/#website\"},\"datePublished\":\"2026-03-04T13:12:47+00:00\",\"dateModified\":\"2026-03-24T13:13:49+00:00\",\"breadcrumb\":{\"@id\":\"https:\/\/kennedymars.org\/de\/kontakt\/#breadcrumb\"},\"inLanguage\":\"de\",\"potentialAction\":[{\"@type\":\"ReadAction\",\"target\":[\"https:\/\/kennedymars.org\/de\/kontakt\/\"]}]},{\"@type\":\"BreadcrumbList\",\"@id\":\"https:\/\/kennedymars.org\/de\/kontakt\/#breadcrumb\",\"itemListElement\":[{\"@type\":\"ListItem\",\"position\":1,\"name\":\"Home\",\"item\":\"https:\/\/kennedymars.org\/de\/\"},{\"@type\":\"ListItem\",\"position\":2,\"name\":\"Kontakt\"}]},{\"@type\":\"WebSite\",\"@id\":\"https:\/\/kennedymars.org\/#website\",\"url\":\"https:\/\/kennedymars.org\/\",\"name\":\"Kennedy-Mars Sittard\",\"description\":\"\",\"publisher\":{\"@id\":\"https:\/\/kennedymars.org\/#organization\"},\"potentialAction\":[{\"@type\":\"SearchAction\",\"target\":{\"@type\":\"EntryPoint\",\"urlTemplate\":\"https:\/\/kennedymars.org\/?s={search_term_string}\"},\"query-input\":{\"@type\":\"PropertyValueSpecification\",\"valueRequired\":true,\"valueName\":\"search_term_string\"}}],\"inLanguage\":\"de\"},{\"@type\":\"Organization\",\"@id\":\"https:\/\/kennedymars.org\/#organization\",\"name\":\"Kennedy-Mars Sittard\",\"url\":\"https:\/\/kennedymars.org\/\",\"logo\":{\"@type\":\"ImageObject\",\"inLanguage\":\"de\",\"@id\":\"https:\/\/kennedymars.org\/#\/schema\/logo\/image\/\",\"url\":\"https:\/\/kennedymars.org\/wp-content\/uploads\/2026\/03\/KMS-logo-color.png\",\"contentUrl\":\"https:\/\/kennedymars.org\/wp-content\/uploads\/2026\/03\/KMS-logo-color.png\",\"width\":848,\"height\":254,\"caption\":\"Kennedy-Mars Sittard\"},\"image\":{\"@id\":\"https:\/\/kennedymars.org\/#\/schema\/logo\/image\/\"},\"sameAs\":[\"https:\/\/www.facebook.com\/KennedyMarsSittard\",\"https:\/\/www.instagram.com\/kennedymarssittard1963\/\"]}]}<\/script>\n<!-- \/ Yoast SEO plugin. -->","yoast_head_json":{"title":"Kontakt - Kennedy-Mars Sittard","robots":{"index":"index","follow":"follow","max-snippet":"max-snippet:-1","max-image-preview":"max-image-preview:large","max-video-preview":"max-video-preview:-1"},"canonical":"https:\/\/kennedymars.org\/de\/kontakt\/","og_locale":"de_DE","og_type":"article","og_title":"Kontakt - Kennedy-Mars Sittard","og_description":"Stiftungsvorstand Die Organisation des Kennedy-Mars, Swentibold-Mars und Mini-Mars liegt in den H\u00e4nden der Stichting Kennedy-Mars Sittard. Der Vorstand der Stiftung besteht aus: Han Wolffs Vorsitzender Roel Grubben Sekret\u00e4r D\u00e9sir\u00e9e van IJzendoorn Schatzmeister Harrie Camps Jack Goossens Joris Janssen Mirelle van der Kreeft Nicky van Mierlo Ron van Mierlo","og_url":"https:\/\/kennedymars.org\/de\/kontakt\/","og_site_name":"Kennedy-Mars Sittard","article_publisher":"https:\/\/www.facebook.com\/KennedyMarsSittard","article_modified_time":"2026-03-24T13:13:49+00:00","twitter_card":"summary_large_image","schema":{"@context":"https:\/\/schema.org","@graph":[{"@type":"WebPage","@id":"https:\/\/kennedymars.org\/de\/kontakt\/","url":"https:\/\/kennedymars.org\/de\/kontakt\/","name":"Kontakt - Kennedy-Mars Sittard","isPartOf":{"@id":"https:\/\/kennedymars.org\/#website"},"datePublished":"2026-03-04T13:12:47+00:00","dateModified":"2026-03-24T13:13:49+00:00","breadcrumb":{"@id":"https:\/\/kennedymars.org\/de\/kontakt\/#breadcrumb"},"inLanguage":"de","potentialAction":[{"@type":"ReadAction","target":["https:\/\/kennedymars.org\/de\/kontakt\/"]}]},{"@type":"BreadcrumbList","@id":"https:\/\/kennedymars.org\/de\/kontakt\/#breadcrumb","itemListElement":[{"@type":"ListItem","position":1,"name":"Home","item":"https:\/\/kennedymars.org\/de\/"},{"@type":"ListItem","position":2,"name":"Kontakt"}]},{"@type":"WebSite","@id":"https:\/\/kennedymars.org\/#website","url":"https:\/\/kennedymars.org\/","name":"Kennedy-Mars Sittard","description":"","publisher":{"@id":"https:\/\/kennedymars.org\/#organization"},"potentialAction":[{"@type":"SearchAction","target":{"@type":"EntryPoint","urlTemplate":"https:\/\/kennedymars.org\/?s={search_term_string}"},"query-input":{"@type":"PropertyValueSpecification","valueRequired":true,"valueName":"search_term_string"}}],"inLanguage":"de"},{"@type":"Organization","@id":"https:\/\/kennedymars.org\/#organization","name":"Kennedy-Mars Sittard","url":"https:\/\/kennedymars.org\/","logo":{"@type":"ImageObject","inLanguage":"de","@id":"https:\/\/kennedymars.org\/#\/schema\/logo\/image\/","url":"https:\/\/kennedymars.org\/wp-content\/uploads\/2026\/03\/KMS-logo-color.png","contentUrl":"https:\/\/kennedymars.org\/wp-content\/uploads\/2026\/03\/KMS-logo-color.png","width":848,"height":254,"caption":"Kennedy-Mars Sittard"},"image":{"@id":"https:\/\/kennedymars.org\/#\/schema\/logo\/image\/"},"sameAs":["https:\/\/www.facebook.com\/KennedyMarsSittard","https:\/\/www.instagram.com\/kennedymarssittard1963\/"]}]}},"_links":{"self":[{"href":"https:\/\/kennedymars.org\/de\/wp-json\/wp\/v2\/pages\/1638","targetHints":{"allow":["GET"]}}],"collection":[{"href":"https:\/\/kennedymars.org\/de\/wp-json\/wp\/v2\/pages"}],"about":[{"href":"https:\/\/kennedymars.org\/de\/wp-json\/wp\/v2\/types\/page"}],"author":[{"embeddable":true,"href":"https:\/\/kennedymars.org\/de\/wp-json\/wp\/v2\/users\/1"}],"replies":[{"embeddable":true,"href":"https:\/\/kennedymars.org\/de\/wp-json\/wp\/v2\/comments?post=1638"}],"version-history":[{"count":3,"href":"https:\/\/kennedymars.org\/de\/wp-json\/wp\/v2\/pages\/1638\/revisions"}],"predecessor-version":[{"id":2298,"href":"https:\/\/kennedymars.org\/de\/wp-json\/wp\/v2\/pages\/1638\/revisions\/2298"}],"wp:attachment":[{"href":"https:\/\/kennedymars.org\/de\/wp-json\/wp\/v2\/media?parent=1638"}],"curies":[{"name":"wp","href":"https:\/\/api.w.org\/{rel}","templated":true}]}}